{"id":13306,"date":"2019-04-24T06:33:58","date_gmt":"2019-04-24T06:33:58","guid":{"rendered":"https:\/\/avexservices.com\/quienes-somos\/"},"modified":"2021-06-12T14:29:36","modified_gmt":"2021-06-12T14:29:36","slug":"quienes-somos","status":"publish","type":"page","link":"https:\/\/avexservices.com\/es\/quienes-somos\/","title":{"rendered":"Quienes Somos"},"content":{"rendered":"\t\t<div data-elementor-type=\"wp-post\" data-elementor-id=\"13306\" class=\"elementor elementor-13306 elementor-5156\">\n\t\t\t\t\t\t<section class=\"elementor-section elementor-top-section elementor-element elementor-element-8c181ab elementor-section-content-middle elementor-section-boxed elementor-section-height-default elementor-section-height-default\" data-id=\"8c181ab\" data-element_type=\"section\" data-e-type=\"section\">\n\t\t\t\t\t\t<div class=\"elementor-container elementor-column-gap-default\">\n\t\t\t\t\t<div class=\"elementor-column elementor-col-50 elementor-top-column elementor-element elementor-element-204b261\" data-id=\"204b261\" data-element_type=\"column\" data-e-type=\"column\" data-settings=\"{&quot;background_background&quot;:&quot;classic&quot;}\">\n\t\t\t<div class=\"elementor-widget-wrap elementor-element-populated\">\n\t\t\t\t\t\t<div class=\"elementor-element elementor-element-d6b20db image-dotted elementor-widget elementor-widget-image\" data-id=\"d6b20db\" data-element_type=\"widget\" data-e-type=\"widget\" data-widget_type=\"image.default\">\n\t\t\t\t<div class=\"elementor-widget-container\">\n\t\t\t\t\t\t\t\t\t\t\t\t\t\t\t<img fetchpriority=\"high\" decoding=\"async\" width=\"768\" height=\"512\" src=\"https:\/\/avexservices.com\/wp-content\/uploads\/2020\/11\/873A6220-768x512.jpg\" class=\"attachment-medium_large size-medium_large wp-image-12300\" alt=\"\" srcset=\"https:\/\/avexservices.com\/wp-content\/uploads\/2020\/11\/873A6220-768x512.jpg 768w, https:\/\/avexservices.com\/wp-content\/uploads\/2020\/11\/873A6220-1536x1024.jpg 1536w, https:\/\/avexservices.com\/wp-content\/uploads\/2020\/11\/873A6220-2048x1365.jpg 2048w\" sizes=\"(max-width: 768px) 100vw, 768px\" \/>\t\t\t\t\t\t\t\t\t\t\t\t\t\t\t<\/div>\n\t\t\t\t<\/div>\n\t\t\t\t\t<\/div>\n\t\t<\/div>\n\t\t\t\t<div class=\"elementor-column elementor-col-50 elementor-top-column elementor-element elementor-element-db23f0f\" data-id=\"db23f0f\" data-element_type=\"column\" data-e-type=\"column\">\n\t\t\t<div class=\"elementor-widget-wrap elementor-element-populated\">\n\t\t\t\t\t\t<div class=\"elementor-element elementor-element-0ddf1a2 elementor-widget elementor-widget-miionsectiontitle\" data-id=\"0ddf1a2\" data-element_type=\"widget\" data-e-type=\"widget\" data-widget_type=\"miionsectiontitle.default\">\n\t\t\t\t<div class=\"elementor-widget-container\">\n\t\t\t\t\t<div class=\"section-title-wrapper\"><div class=\"title-wrap\"><span class=\"sub-title\">QUIENES SOMOS<\/span><h3 class=\"section-title\">Todos los d\u00edas, nuestro equipo sube el list\u00f3n, no porque sea necesario, \u00a1sino simplemente en nuestro ADN!<\/h3><\/div><!-- .title-wrap --><div class=\"section-description\">En todo momento, AvEx trabaja arduamente para hacer un esfuerzo adicional y brindarle el cuidado y la atenci\u00f3n que se merece. La importancia de lo que hacemos define qui\u00e9nes somos y lo hemos hecho en las \u00faltimas dos d\u00e9cadas.\n\nSeguimos dominando nuestra vocaci\u00f3n para ofrecerte la ventaja de los servicios y la experiencia de \u00e9lite, por eso estamos orgullosos de ser los que mejor se adaptan a tus necesidades, como nos define tu recorrido.\n\nLa importancia de lo que hacemos define qui\u00e9nes somos.\n<\/div><!-- .section-description --><\/div><!-- .section-title-wrapper -->\t\t\t\t<\/div>\n\t\t\t\t<\/div>\n\t\t\t\t\t<\/div>\n\t\t<\/div>\n\t\t\t\t\t<\/div>\n\t\t<\/section>\n\t\t\t\t<section class=\"elementor-section elementor-top-section elementor-element elementor-element-1c67283 elementor-section-content-middle elementor-section-boxed elementor-section-height-default elementor-section-height-default\" data-id=\"1c67283\" data-element_type=\"section\" data-e-type=\"section\">\n\t\t\t\t\t\t<div class=\"elementor-container elementor-column-gap-default\">\n\t\t\t\t\t<div class=\"elementor-column elementor-col-50 elementor-top-column elementor-element elementor-element-8ab2fa6\" data-id=\"8ab2fa6\" data-element_type=\"column\" data-e-type=\"column\">\n\t\t\t<div class=\"elementor-widget-wrap elementor-element-populated\">\n\t\t\t\t\t\t<div class=\"elementor-element elementor-element-10c6d20 elementor-widget elementor-widget-miionsectiontitle\" data-id=\"10c6d20\" data-element_type=\"widget\" data-e-type=\"widget\" data-widget_type=\"miionsectiontitle.default\">\n\t\t\t\t<div class=\"elementor-widget-container\">\n\t\t\t\t\t<div class=\"section-title-wrapper\"><div class=\"title-wrap\"><h3 class=\"section-title\">AvEx Services es una empresa familiar con m\u00e1s de 20 a\u00f1os de experiencia<\/h3><\/div><!-- .title-wrap --><div class=\"section-description\">Con sede cerca del aeropuerto de Heathrow. Somos una familia multiling\u00fce y por eso brindamos servicios en ingl\u00e9s, portugu\u00e9s, franc\u00e9s, espa\u00f1ol e italiano. Yo, Victor Simoes, soy el fundador de AvEx, licenciado en Letras, Cultura y Negocios por las London Southbank University y Greenwich University. Hice mi primera visita guiada a la ciudad de Londres en 1998 y no he parado desde entonces. Desde hace m\u00e1s de dos d\u00e9cadas y seguimos intentando mejorar y satisfacer siempre las necesidades de nuestros clientes con el m\u00e1ximo confort y lujo. La ciudad est\u00e1 en constante cambio y no hay nada como tener a alguien que sepa qu\u00e9 es lo mejor y que pueda garantizar que tu viaje sea lo m\u00e1s tranquilo y agradable posible.<\/div><!-- .section-description --><\/div><!-- .section-title-wrapper -->\t\t\t\t<\/div>\n\t\t\t\t<\/div>\n\t\t\t\t\t<\/div>\n\t\t<\/div>\n\t\t\t\t<div class=\"elementor-column elementor-col-50 elementor-top-column elementor-element elementor-element-7f4f711\" data-id=\"7f4f711\" data-element_type=\"column\" data-e-type=\"column\">\n\t\t\t<div class=\"elementor-widget-wrap elementor-element-populated\">\n\t\t\t\t\t\t<div class=\"elementor-element elementor-element-88b2f97 image-dotted elementor-widget elementor-widget-image\" data-id=\"88b2f97\" data-element_type=\"widget\" data-e-type=\"widget\" data-widget_type=\"image.default\">\n\t\t\t\t<div class=\"elementor-widget-container\">\n\t\t\t\t\t\t\t\t\t\t\t\t\t\t\t<img decoding=\"async\" width=\"768\" height=\"512\" src=\"https:\/\/avexservices.com\/wp-content\/uploads\/2020\/11\/873A9389-768x512.jpg\" class=\"attachment-medium_large size-medium_large wp-image-12334\" alt=\"\" srcset=\"https:\/\/avexservices.com\/wp-content\/uploads\/2020\/11\/873A9389-768x512.jpg 768w, https:\/\/avexservices.com\/wp-content\/uploads\/2020\/11\/873A9389-1536x1024.jpg 1536w, https:\/\/avexservices.com\/wp-content\/uploads\/2020\/11\/873A9389-2048x1365.jpg 2048w\" sizes=\"(max-width: 768px) 100vw, 768px\" \/>\t\t\t\t\t\t\t\t\t\t\t\t\t\t\t<\/div>\n\t\t\t\t<\/div>\n\t\t\t\t\t<\/div>\n\t\t<\/div>\n\t\t\t\t\t<\/div>\n\t\t<\/section>\n\t\t\t\t<\/div>\n\t\t","protected":false},"excerpt":{"rendered":"<p>QUIENES SOMOS Todos los d\u00edas, nuestro equipo sube el list\u00f3n, no porque sea necesario, \u00a1sino simplemente en nuestro ADN! En todo momento, AvEx trabaja arduamente para hacer un esfuerzo adicional y brindarle el cuidado y la atenci\u00f3n que se merece. La importancia de lo que hacemos define qui\u00e9nes somos y lo hemos hecho en las<\/p>\n","protected":false},"author":1,"featured_media":0,"parent":0,"menu_order":0,"comment_status":"closed","ping_status":"closed","template":"","meta":{"footnotes":""},"class_list":["post-13306","page","type-page","status-publish","hentry"],"yoast_head":"<!-- This site is optimized with the Yoast SEO plugin v27.3 - https:\/\/yoast.com\/product\/yoast-seo-wordpress\/ -->\n<title>Quienes Somos - AVEX Services<\/title>\n<meta name=\"robots\" content=\"index, follow, max-snippet:-1, max-image-preview:large, max-video-preview:-1\" \/>\n<link rel=\"canonical\" href=\"https:\/\/avexservices.com\/es\/quienes-somos\/\" \/>\n<meta property=\"og:locale\" content=\"es_ES\" \/>\n<meta property=\"og:type\" content=\"article\" \/>\n<meta property=\"og:title\" content=\"Quienes Somos - AVEX Services\" \/>\n<meta property=\"og:description\" content=\"QUIENES SOMOS Todos los d\u00edas, nuestro equipo sube el list\u00f3n, no porque sea necesario, \u00a1sino simplemente en nuestro ADN! En todo momento, AvEx trabaja arduamente para hacer un esfuerzo adicional y brindarle el cuidado y la atenci\u00f3n que se merece. La importancia de lo que hacemos define qui\u00e9nes somos y lo hemos hecho en las\" \/>\n<meta property=\"og:url\" content=\"https:\/\/avexservices.com\/es\/quienes-somos\/\" \/>\n<meta property=\"og:site_name\" content=\"AVEX Services\" \/>\n<meta property=\"article:publisher\" content=\"https:\/\/www.facebook.com\/avexservicesUK\" \/>\n<meta property=\"article:modified_time\" content=\"2021-06-12T14:29:36+00:00\" \/>\n<meta property=\"og:image\" content=\"https:\/\/avexservices.com\/wp-content\/uploads\/2020\/11\/873A6220-768x512.jpg\" \/>\n<meta name=\"twitter:card\" content=\"summary_large_image\" \/>\n<meta name=\"twitter:label1\" content=\"Tiempo de lectura\" \/>\n\t<meta name=\"twitter:data1\" content=\"2 minutos\" \/>\n<script type=\"application\/ld+json\" class=\"yoast-schema-graph\">{\"@context\":\"https:\\\/\\\/schema.org\",\"@graph\":[{\"@type\":\"WebPage\",\"@id\":\"https:\\\/\\\/avexservices.com\\\/es\\\/quienes-somos\\\/\",\"url\":\"https:\\\/\\\/avexservices.com\\\/es\\\/quienes-somos\\\/\",\"name\":\"Quienes Somos - AVEX Services\",\"isPartOf\":{\"@id\":\"https:\\\/\\\/avexservices.com\\\/es\\\/#website\"},\"primaryImageOfPage\":{\"@id\":\"https:\\\/\\\/avexservices.com\\\/es\\\/quienes-somos\\\/#primaryimage\"},\"image\":{\"@id\":\"https:\\\/\\\/avexservices.com\\\/es\\\/quienes-somos\\\/#primaryimage\"},\"thumbnailUrl\":\"https:\\\/\\\/avexservices.com\\\/wp-content\\\/uploads\\\/2020\\\/11\\\/873A6220-768x512.jpg\",\"datePublished\":\"2019-04-24T06:33:58+00:00\",\"dateModified\":\"2021-06-12T14:29:36+00:00\",\"breadcrumb\":{\"@id\":\"https:\\\/\\\/avexservices.com\\\/es\\\/quienes-somos\\\/#breadcrumb\"},\"inLanguage\":\"es\",\"potentialAction\":[{\"@type\":\"ReadAction\",\"target\":[\"https:\\\/\\\/avexservices.com\\\/es\\\/quienes-somos\\\/\"]}]},{\"@type\":\"ImageObject\",\"inLanguage\":\"es\",\"@id\":\"https:\\\/\\\/avexservices.com\\\/es\\\/quienes-somos\\\/#primaryimage\",\"url\":\"https:\\\/\\\/avexservices.com\\\/wp-content\\\/uploads\\\/2020\\\/11\\\/873A6220-768x512.jpg\",\"contentUrl\":\"https:\\\/\\\/avexservices.com\\\/wp-content\\\/uploads\\\/2020\\\/11\\\/873A6220-768x512.jpg\"},{\"@type\":\"BreadcrumbList\",\"@id\":\"https:\\\/\\\/avexservices.com\\\/es\\\/quienes-somos\\\/#breadcrumb\",\"itemListElement\":[{\"@type\":\"ListItem\",\"position\":1,\"name\":\"Home\",\"item\":\"https:\\\/\\\/avexservices.com\\\/es\\\/\"},{\"@type\":\"ListItem\",\"position\":2,\"name\":\"Quienes Somos\"}]},{\"@type\":\"WebSite\",\"@id\":\"https:\\\/\\\/avexservices.com\\\/es\\\/#website\",\"url\":\"https:\\\/\\\/avexservices.com\\\/es\\\/\",\"name\":\"AVEX Services\",\"description\":\"Chauffeurs | City Tours | Logistics | Luggage\",\"publisher\":{\"@id\":\"https:\\\/\\\/avexservices.com\\\/es\\\/#organization\"},\"potentialAction\":[{\"@type\":\"SearchAction\",\"target\":{\"@type\":\"EntryPoint\",\"urlTemplate\":\"https:\\\/\\\/avexservices.com\\\/es\\\/?s={search_term_string}\"},\"query-input\":{\"@type\":\"PropertyValueSpecification\",\"valueRequired\":true,\"valueName\":\"search_term_string\"}}],\"inLanguage\":\"es\"},{\"@type\":\"Organization\",\"@id\":\"https:\\\/\\\/avexservices.com\\\/es\\\/#organization\",\"name\":\"Avex Services\",\"url\":\"https:\\\/\\\/avexservices.com\\\/es\\\/\",\"logo\":{\"@type\":\"ImageObject\",\"inLanguage\":\"es\",\"@id\":\"https:\\\/\\\/avexservices.com\\\/es\\\/#\\\/schema\\\/logo\\\/image\\\/\",\"url\":\"https:\\\/\\\/avexservices.com\\\/wp-content\\\/uploads\\\/2020\\\/11\\\/avex_logo.png\",\"contentUrl\":\"https:\\\/\\\/avexservices.com\\\/wp-content\\\/uploads\\\/2020\\\/11\\\/avex_logo.png\",\"width\":387,\"height\":173,\"caption\":\"Avex Services\"},\"image\":{\"@id\":\"https:\\\/\\\/avexservices.com\\\/es\\\/#\\\/schema\\\/logo\\\/image\\\/\"},\"sameAs\":[\"https:\\\/\\\/www.facebook.com\\\/avexservicesUK\",\"https:\\\/\\\/www.instagram.com\\\/avexservices\"]}]}<\/script>\n<!-- \/ Yoast SEO plugin. -->","yoast_head_json":{"title":"Quienes Somos - AVEX Services","robots":{"index":"index","follow":"follow","max-snippet":"max-snippet:-1","max-image-preview":"max-image-preview:large","max-video-preview":"max-video-preview:-1"},"canonical":"https:\/\/avexservices.com\/es\/quienes-somos\/","og_locale":"es_ES","og_type":"article","og_title":"Quienes Somos - AVEX Services","og_description":"QUIENES SOMOS Todos los d\u00edas, nuestro equipo sube el list\u00f3n, no porque sea necesario, \u00a1sino simplemente en nuestro ADN! En todo momento, AvEx trabaja arduamente para hacer un esfuerzo adicional y brindarle el cuidado y la atenci\u00f3n que se merece. La importancia de lo que hacemos define qui\u00e9nes somos y lo hemos hecho en las","og_url":"https:\/\/avexservices.com\/es\/quienes-somos\/","og_site_name":"AVEX Services","article_publisher":"https:\/\/www.facebook.com\/avexservicesUK","article_modified_time":"2021-06-12T14:29:36+00:00","og_image":[{"url":"https:\/\/avexservices.com\/wp-content\/uploads\/2020\/11\/873A6220-768x512.jpg","type":"","width":"","height":""}],"twitter_card":"summary_large_image","twitter_misc":{"Tiempo de lectura":"2 minutos"},"schema":{"@context":"https:\/\/schema.org","@graph":[{"@type":"WebPage","@id":"https:\/\/avexservices.com\/es\/quienes-somos\/","url":"https:\/\/avexservices.com\/es\/quienes-somos\/","name":"Quienes Somos - AVEX Services","isPartOf":{"@id":"https:\/\/avexservices.com\/es\/#website"},"primaryImageOfPage":{"@id":"https:\/\/avexservices.com\/es\/quienes-somos\/#primaryimage"},"image":{"@id":"https:\/\/avexservices.com\/es\/quienes-somos\/#primaryimage"},"thumbnailUrl":"https:\/\/avexservices.com\/wp-content\/uploads\/2020\/11\/873A6220-768x512.jpg","datePublished":"2019-04-24T06:33:58+00:00","dateModified":"2021-06-12T14:29:36+00:00","breadcrumb":{"@id":"https:\/\/avexservices.com\/es\/quienes-somos\/#breadcrumb"},"inLanguage":"es","potentialAction":[{"@type":"ReadAction","target":["https:\/\/avexservices.com\/es\/quienes-somos\/"]}]},{"@type":"ImageObject","inLanguage":"es","@id":"https:\/\/avexservices.com\/es\/quienes-somos\/#primaryimage","url":"https:\/\/avexservices.com\/wp-content\/uploads\/2020\/11\/873A6220-768x512.jpg","contentUrl":"https:\/\/avexservices.com\/wp-content\/uploads\/2020\/11\/873A6220-768x512.jpg"},{"@type":"BreadcrumbList","@id":"https:\/\/avexservices.com\/es\/quienes-somos\/#breadcrumb","itemListElement":[{"@type":"ListItem","position":1,"name":"Home","item":"https:\/\/avexservices.com\/es\/"},{"@type":"ListItem","position":2,"name":"Quienes Somos"}]},{"@type":"WebSite","@id":"https:\/\/avexservices.com\/es\/#website","url":"https:\/\/avexservices.com\/es\/","name":"AVEX Services","description":"Chauffeurs | City Tours | Logistics | Luggage","publisher":{"@id":"https:\/\/avexservices.com\/es\/#organization"},"potentialAction":[{"@type":"SearchAction","target":{"@type":"EntryPoint","urlTemplate":"https:\/\/avexservices.com\/es\/?s={search_term_string}"},"query-input":{"@type":"PropertyValueSpecification","valueRequired":true,"valueName":"search_term_string"}}],"inLanguage":"es"},{"@type":"Organization","@id":"https:\/\/avexservices.com\/es\/#organization","name":"Avex Services","url":"https:\/\/avexservices.com\/es\/","logo":{"@type":"ImageObject","inLanguage":"es","@id":"https:\/\/avexservices.com\/es\/#\/schema\/logo\/image\/","url":"https:\/\/avexservices.com\/wp-content\/uploads\/2020\/11\/avex_logo.png","contentUrl":"https:\/\/avexservices.com\/wp-content\/uploads\/2020\/11\/avex_logo.png","width":387,"height":173,"caption":"Avex Services"},"image":{"@id":"https:\/\/avexservices.com\/es\/#\/schema\/logo\/image\/"},"sameAs":["https:\/\/www.facebook.com\/avexservicesUK","https:\/\/www.instagram.com\/avexservices"]}]}},"_links":{"self":[{"href":"https:\/\/avexservices.com\/es\/wp-json\/wp\/v2\/pages\/13306","targetHints":{"allow":["GET"]}}],"collection":[{"href":"https:\/\/avexservices.com\/es\/wp-json\/wp\/v2\/pages"}],"about":[{"href":"https:\/\/avexservices.com\/es\/wp-json\/wp\/v2\/types\/page"}],"author":[{"embeddable":true,"href":"https:\/\/avexservices.com\/es\/wp-json\/wp\/v2\/users\/1"}],"replies":[{"embeddable":true,"href":"https:\/\/avexservices.com\/es\/wp-json\/wp\/v2\/comments?post=13306"}],"version-history":[{"count":4,"href":"https:\/\/avexservices.com\/es\/wp-json\/wp\/v2\/pages\/13306\/revisions"}],"predecessor-version":[{"id":13313,"href":"https:\/\/avexservices.com\/es\/wp-json\/wp\/v2\/pages\/13306\/revisions\/13313"}],"wp:attachment":[{"href":"https:\/\/avexservices.com\/es\/wp-json\/wp\/v2\/media?parent=13306"}],"curies":[{"name":"wp","href":"https:\/\/api.w.org\/{rel}","templated":true}]}}