{"id":13314,"date":"2017-06-08T07:09:05","date_gmt":"2017-06-08T07:09:05","guid":{"rendered":"https:\/\/avexservices.com\/?page_id=13314"},"modified":"2021-07-03T14:11:01","modified_gmt":"2021-07-03T14:11:01","slug":"servicios-de-chauffeur","status":"publish","type":"page","link":"https:\/\/avexservices.com\/es\/servicios-de-chauffeur\/","title":{"rendered":"Servicios de Chauffeur"},"content":{"rendered":"\t\t<div data-elementor-type=\"wp-page\" data-elementor-id=\"13314\" class=\"elementor elementor-13314 elementor-2\">\n\t\t\t\t\t\t<section class=\"elementor-section elementor-top-section elementor-element elementor-element-6b54dc8 elementor-section-boxed elementor-section-height-default elementor-section-height-default\" data-id=\"6b54dc8\" data-element_type=\"section\" data-e-type=\"section\">\n\t\t\t\t\t\t<div class=\"elementor-container elementor-column-gap-default\">\n\t\t\t\t\t<div class=\"elementor-column elementor-col-50 elementor-top-column elementor-element elementor-element-b48d85f\" data-id=\"b48d85f\" data-element_type=\"column\" data-e-type=\"column\">\n\t\t\t<div class=\"elementor-widget-wrap elementor-element-populated\">\n\t\t\t\t\t\t<div class=\"elementor-element elementor-element-3ec9a39 elementor-widget elementor-widget-image\" data-id=\"3ec9a39\" data-element_type=\"widget\" data-e-type=\"widget\" data-widget_type=\"image.default\">\n\t\t\t\t<div class=\"elementor-widget-container\">\n\t\t\t\t\t\t\t\t\t\t\t\t\t\t\t<img fetchpriority=\"high\" decoding=\"async\" width=\"1170\" height=\"694\" src=\"https:\/\/avexservices.com\/wp-content\/uploads\/2020\/11\/B52A8981-1170x694.jpg\" class=\"attachment-large size-large wp-image-12355\" alt=\"\" srcset=\"https:\/\/avexservices.com\/wp-content\/uploads\/2020\/11\/B52A8981-1170x694.jpg 1170w, https:\/\/avexservices.com\/wp-content\/uploads\/2020\/11\/B52A8981-768x456.jpg 768w\" sizes=\"(max-width: 1170px) 100vw, 1170px\" \/>\t\t\t\t\t\t\t\t\t\t\t\t\t\t\t<\/div>\n\t\t\t\t<\/div>\n\t\t\t\t\t<\/div>\n\t\t<\/div>\n\t\t\t\t<div class=\"elementor-column elementor-col-50 elementor-top-column elementor-element elementor-element-46dfa7a\" data-id=\"46dfa7a\" data-element_type=\"column\" data-e-type=\"column\">\n\t\t\t<div class=\"elementor-widget-wrap elementor-element-populated\">\n\t\t\t\t\t\t<div class=\"elementor-element elementor-element-5c2cd40 elementor-widget elementor-widget-text-editor\" data-id=\"5c2cd40\" data-element_type=\"widget\" data-e-type=\"widget\" data-widget_type=\"text-editor.default\">\n\t\t\t\t<div class=\"elementor-widget-container\">\n\t\t\t\t\t\t\t\t\t<h2 class=\"p1\">\u00bfQu\u00e9 es importante para ti, es la calidad?<\/h2><p>\u00bfO quiz\u00e1s consuelo? \u00bfUn largo legado de servicios confiables que le brindan la mejor habilidad al viajar por Londres en autos lujosos con conductores experimentados y amigables que le brindar\u00e1n una visita \u00fanica a la ciudad de los sue\u00f1os?<\/p><p>De hecho, lo tenemos todo.<\/p><p>Organizar su traslado desde el aeropuerto con AvEx, nuestros conductores estar\u00e1n listos para ayudarlo durante su viaje, desde el aeropuerto hasta el hotel. Ofrecemos una variedad de servicios por hora o de A a B (como traslados de empresa, bodas, turismo, eventos, chofer para salir de noche y mucho m\u00e1s) con el m\u00e1ximo confort y lujo, atendiendo a sus requerimientos y necesidades. En todos los viajes, tendr\u00e1 acceso a agua mineral, WIFI y cargadores de tel\u00e9fono en todo momento. \u00a1Empiece su viaje desde su llegada!<\/p><p>\u00a0<\/p>\t\t\t\t\t\t\t\t<\/div>\n\t\t\t\t<\/div>\n\t\t\t\t\t<\/div>\n\t\t<\/div>\n\t\t\t\t\t<\/div>\n\t\t<\/section>\n\t\t\t\t<section class=\"elementor-section elementor-top-section elementor-element elementor-element-a4d9349 elementor-section-boxed elementor-section-height-default elementor-section-height-default\" data-id=\"a4d9349\" data-element_type=\"section\" data-e-type=\"section\">\n\t\t\t\t\t\t<div class=\"elementor-container elementor-column-gap-default\">\n\t\t\t\t\t<div class=\"elementor-column elementor-col-50 elementor-top-column elementor-element elementor-element-b9581bb\" data-id=\"b9581bb\" data-element_type=\"column\" data-e-type=\"column\">\n\t\t\t<div class=\"elementor-widget-wrap elementor-element-populated\">\n\t\t\t\t\t\t<div class=\"elementor-element elementor-element-1124771 elementor-widget elementor-widget-text-editor\" data-id=\"1124771\" data-element_type=\"widget\" data-e-type=\"widget\" data-widget_type=\"text-editor.default\">\n\t\t\t\t<div class=\"elementor-widget-container\">\n\t\t\t\t\t\t\t\t\t<p>Entendemos que no todos los viajes se realizan seg\u00fan lo planeado, por eso nuestras oficinas monitorean constantemente el estado de sus vuelos para que siempre podamos estar preparados. Adem\u00e1s, los conductores est\u00e1n preparados para esperar o redirigir en caso de desv\u00edos de vuelos a otros aeropuertos. Tan pronto como aterrice, su conductor lo estar\u00e1 esperando en la sala de arribos con su nombre claramente mostrado y una c\u00e1lida bienvenida.\u00a0<\/p><p>Para largas conexiones con el aeropuerto, \u00bfpor qu\u00e9 no visitar un museo o disfrutar de una comida en uno de sus restaurantes favoritos? Nuestros conductores pueden recogerlo y acompa\u00f1arlo a su vuelo. Optimiza tu tiempo en el pa\u00eds durante tu conexi\u00f3n, para que puedas disfrutar del tiempo que podr\u00edas estar sentado en la terminal. Puede visitar Londres o una de nuestras muchas atracciones tur\u00edsticas.<\/p>\t\t\t\t\t\t\t\t<\/div>\n\t\t\t\t<\/div>\n\t\t\t\t\t<\/div>\n\t\t<\/div>\n\t\t\t\t<div class=\"elementor-column elementor-col-50 elementor-top-column elementor-element elementor-element-27e862b\" data-id=\"27e862b\" data-element_type=\"column\" data-e-type=\"column\">\n\t\t\t<div class=\"elementor-widget-wrap elementor-element-populated\">\n\t\t\t\t\t\t<div class=\"elementor-element elementor-element-7940c69 elementor-widget elementor-widget-image\" data-id=\"7940c69\" data-element_type=\"widget\" data-e-type=\"widget\" data-widget_type=\"image.default\">\n\t\t\t\t<div class=\"elementor-widget-container\">\n\t\t\t\t\t\t\t\t\t\t\t\t\t\t\t<img decoding=\"async\" width=\"1170\" height=\"694\" src=\"https:\/\/avexservices.com\/wp-content\/uploads\/2020\/11\/BC-22-1-1170x694.jpg\" class=\"attachment-large size-large wp-image-12460\" alt=\"\" srcset=\"https:\/\/avexservices.com\/wp-content\/uploads\/2020\/11\/BC-22-1-1170x694.jpg 1170w, https:\/\/avexservices.com\/wp-content\/uploads\/2020\/11\/BC-22-1-768x456.jpg 768w\" sizes=\"(max-width: 1170px) 100vw, 1170px\" \/>\t\t\t\t\t\t\t\t\t\t\t\t\t\t\t<\/div>\n\t\t\t\t<\/div>\n\t\t\t\t\t<\/div>\n\t\t<\/div>\n\t\t\t\t\t<\/div>\n\t\t<\/section>\n\t\t\t\t<section class=\"elementor-section elementor-top-section elementor-element elementor-element-985d603 elementor-section-boxed elementor-section-height-default elementor-section-height-default\" data-id=\"985d603\" data-element_type=\"section\" data-e-type=\"section\">\n\t\t\t\t\t\t<div class=\"elementor-container elementor-column-gap-default\">\n\t\t\t\t\t<div class=\"elementor-column elementor-col-50 elementor-top-column elementor-element elementor-element-be8e33c\" data-id=\"be8e33c\" data-element_type=\"column\" data-e-type=\"column\">\n\t\t\t<div class=\"elementor-widget-wrap elementor-element-populated\">\n\t\t\t\t\t\t<div class=\"elementor-element elementor-element-a903f2b elementor-widget elementor-widget-image\" data-id=\"a903f2b\" data-element_type=\"widget\" data-e-type=\"widget\" data-widget_type=\"image.default\">\n\t\t\t\t<div class=\"elementor-widget-container\">\n\t\t\t\t\t\t\t\t\t\t\t\t\t\t\t<img decoding=\"async\" width=\"1170\" height=\"693\" src=\"https:\/\/avexservices.com\/wp-content\/uploads\/2021\/06\/et_ve1j0682-1170x693.jpg\" class=\"attachment-large size-large wp-image-12949\" alt=\"\" srcset=\"https:\/\/avexservices.com\/wp-content\/uploads\/2021\/06\/et_ve1j0682-1170x693.jpg 1170w, https:\/\/avexservices.com\/wp-content\/uploads\/2021\/06\/et_ve1j0682-768x456.jpg 768w, https:\/\/avexservices.com\/wp-content\/uploads\/2021\/06\/et_ve1j0682-16x9.jpg 16w\" sizes=\"(max-width: 1170px) 100vw, 1170px\" \/>\t\t\t\t\t\t\t\t\t\t\t\t\t\t\t<\/div>\n\t\t\t\t<\/div>\n\t\t\t\t<div class=\"elementor-element elementor-element-74521fa elementor-widget elementor-widget-spacer\" data-id=\"74521fa\" data-element_type=\"widget\" data-e-type=\"widget\" data-widget_type=\"spacer.default\">\n\t\t\t\t<div class=\"elementor-widget-container\">\n\t\t\t\t\t\t\t<div class=\"elementor-spacer\">\n\t\t\t<div class=\"elementor-spacer-inner\"><\/div>\n\t\t<\/div>\n\t\t\t\t\t\t<\/div>\n\t\t\t\t<\/div>\n\t\t\t\t<div class=\"elementor-element elementor-element-65333b4 elementor-widget elementor-widget-button\" data-id=\"65333b4\" data-element_type=\"widget\" data-e-type=\"widget\" data-widget_type=\"button.default\">\n\t\t\t\t<div class=\"elementor-widget-container\">\n\t\t\t\t\t\t\t\t\t<div class=\"elementor-button-wrapper\">\n\t\t\t\t\t<a class=\"elementor-button elementor-button-link elementor-size-md\" href=\"\/es\/contacto\/\">\n\t\t\t\t\t\t<span class=\"elementor-button-content-wrapper\">\n\t\t\t\t\t\t\t\t\t<span class=\"elementor-button-text\">Llame ahora<\/span>\n\t\t\t\t\t<\/span>\n\t\t\t\t\t<\/a>\n\t\t\t\t<\/div>\n\t\t\t\t\t\t\t\t<\/div>\n\t\t\t\t<\/div>\n\t\t\t\t\t<\/div>\n\t\t<\/div>\n\t\t\t\t<div class=\"elementor-column elementor-col-50 elementor-top-column elementor-element elementor-element-3937ab2\" data-id=\"3937ab2\" data-element_type=\"column\" data-e-type=\"column\">\n\t\t\t<div class=\"elementor-widget-wrap elementor-element-populated\">\n\t\t\t\t\t\t<div class=\"elementor-element elementor-element-02f3a2b elementor-widget elementor-widget-text-editor\" data-id=\"02f3a2b\" data-element_type=\"widget\" data-e-type=\"widget\" data-widget_type=\"text-editor.default\">\n\t\t\t\t<div class=\"elementor-widget-container\">\n\t\t\t\t\t\t\t\t\t<h2>Transfer to Brussels &#8211; Transfer to Paris<\/h2><p>(tambi\u00e9n con mascotas)Tambi\u00e9n realizamos transferencias internacionales desde y hacia pa\u00edses europeos vecinos, como Francia, B\u00e9lgica, Holanda y Alemania. Tambi\u00e9n podemos facilitarle los viajes con mascotas.\u00a0Realizamos traslados desde y hacia los principales aeropuertos, estaciones de trenes internacionales y puertos, tales como:\u00a0<\/p><ul><li>LHR &#8211; Heathrow<\/li><li>LGW &#8211; Gatwick<\/li><li>LCY \u2013 London City Airport<\/li><li>LTN &#8211; Luton\u2022 STN: Stansted<\/li><li>SEN &#8211; Southend<\/li><li>Eurostar &#8211; St Pancras International<\/li><li>Puerto de Southampton<\/li><li>Puerto de Dover<\/li><\/ul>\t\t\t\t\t\t\t\t<\/div>\n\t\t\t\t<\/div>\n\t\t\t\t\t<\/div>\n\t\t<\/div>\n\t\t\t\t\t<\/div>\n\t\t<\/section>\n\t\t\t\t<\/div>\n\t\t","protected":false},"excerpt":{"rendered":"<p>\u00bfQu\u00e9 es importante para ti, es la calidad? \u00bfO quiz\u00e1s consuelo? \u00bfUn largo legado de servicios confiables que le brindan la mejor habilidad al viajar por Londres en autos lujosos con conductores experimentados y amigables que le brindar\u00e1n una visita \u00fanica a la ciudad de los sue\u00f1os? De hecho, lo tenemos todo. Organizar su traslado<\/p>\n","protected":false},"author":1,"featured_media":0,"parent":0,"menu_order":0,"comment_status":"closed","ping_status":"closed","template":"","meta":{"footnotes":""},"class_list":["post-13314","page","type-page","status-publish","hentry"],"yoast_head":"<!-- This site is optimized with the Yoast SEO plugin v27.3 - https:\/\/yoast.com\/product\/yoast-seo-wordpress\/ -->\n<title>Servicios de Chauffeur - AVEX Services<\/title>\n<meta name=\"robots\" content=\"index, follow, max-snippet:-1, max-image-preview:large, max-video-preview:-1\" \/>\n<link rel=\"canonical\" href=\"https:\/\/avexservices.com\/es\/servicios-de-chauffeur\/\" \/>\n<meta property=\"og:locale\" content=\"es_ES\" \/>\n<meta property=\"og:type\" content=\"article\" \/>\n<meta property=\"og:title\" content=\"Servicios de Chauffeur - AVEX Services\" \/>\n<meta property=\"og:description\" content=\"\u00bfQu\u00e9 es importante para ti, es la calidad? \u00bfO quiz\u00e1s consuelo? \u00bfUn largo legado de servicios confiables que le brindan la mejor habilidad al viajar por Londres en autos lujosos con conductores experimentados y amigables que le brindar\u00e1n una visita \u00fanica a la ciudad de los sue\u00f1os? De hecho, lo tenemos todo. Organizar su traslado\" \/>\n<meta property=\"og:url\" content=\"https:\/\/avexservices.com\/es\/servicios-de-chauffeur\/\" \/>\n<meta property=\"og:site_name\" content=\"AVEX Services\" \/>\n<meta property=\"article:publisher\" content=\"https:\/\/www.facebook.com\/avexservicesUK\" \/>\n<meta property=\"article:modified_time\" content=\"2021-07-03T14:11:01+00:00\" \/>\n<meta property=\"og:image\" content=\"https:\/\/avexservices.com\/wp-content\/uploads\/2020\/11\/B52A8981-1170x694.jpg\" \/>\n<meta name=\"twitter:card\" content=\"summary_large_image\" \/>\n<meta name=\"twitter:label1\" content=\"Tiempo de lectura\" \/>\n\t<meta name=\"twitter:data1\" content=\"3 minutos\" \/>\n<script type=\"application\/ld+json\" class=\"yoast-schema-graph\">{\"@context\":\"https:\\\/\\\/schema.org\",\"@graph\":[{\"@type\":\"WebPage\",\"@id\":\"https:\\\/\\\/avexservices.com\\\/es\\\/servicios-de-chauffeur\\\/\",\"url\":\"https:\\\/\\\/avexservices.com\\\/es\\\/servicios-de-chauffeur\\\/\",\"name\":\"Servicios de Chauffeur - AVEX Services\",\"isPartOf\":{\"@id\":\"https:\\\/\\\/avexservices.com\\\/es\\\/#website\"},\"primaryImageOfPage\":{\"@id\":\"https:\\\/\\\/avexservices.com\\\/es\\\/servicios-de-chauffeur\\\/#primaryimage\"},\"image\":{\"@id\":\"https:\\\/\\\/avexservices.com\\\/es\\\/servicios-de-chauffeur\\\/#primaryimage\"},\"thumbnailUrl\":\"https:\\\/\\\/avexservices.com\\\/wp-content\\\/uploads\\\/2020\\\/11\\\/B52A8981-1170x694.jpg\",\"datePublished\":\"2017-06-08T07:09:05+00:00\",\"dateModified\":\"2021-07-03T14:11:01+00:00\",\"breadcrumb\":{\"@id\":\"https:\\\/\\\/avexservices.com\\\/es\\\/servicios-de-chauffeur\\\/#breadcrumb\"},\"inLanguage\":\"es\",\"potentialAction\":[{\"@type\":\"ReadAction\",\"target\":[\"https:\\\/\\\/avexservices.com\\\/es\\\/servicios-de-chauffeur\\\/\"]}]},{\"@type\":\"ImageObject\",\"inLanguage\":\"es\",\"@id\":\"https:\\\/\\\/avexservices.com\\\/es\\\/servicios-de-chauffeur\\\/#primaryimage\",\"url\":\"https:\\\/\\\/avexservices.com\\\/wp-content\\\/uploads\\\/2020\\\/11\\\/B52A8981-1170x694.jpg\",\"contentUrl\":\"https:\\\/\\\/avexservices.com\\\/wp-content\\\/uploads\\\/2020\\\/11\\\/B52A8981-1170x694.jpg\"},{\"@type\":\"BreadcrumbList\",\"@id\":\"https:\\\/\\\/avexservices.com\\\/es\\\/servicios-de-chauffeur\\\/#breadcrumb\",\"itemListElement\":[{\"@type\":\"ListItem\",\"position\":1,\"name\":\"Home\",\"item\":\"https:\\\/\\\/avexservices.com\\\/es\\\/\"},{\"@type\":\"ListItem\",\"position\":2,\"name\":\"Servicios de Chauffeur\"}]},{\"@type\":\"WebSite\",\"@id\":\"https:\\\/\\\/avexservices.com\\\/es\\\/#website\",\"url\":\"https:\\\/\\\/avexservices.com\\\/es\\\/\",\"name\":\"AVEX Services\",\"description\":\"Chauffeurs | City Tours | Logistics | Luggage\",\"publisher\":{\"@id\":\"https:\\\/\\\/avexservices.com\\\/es\\\/#organization\"},\"potentialAction\":[{\"@type\":\"SearchAction\",\"target\":{\"@type\":\"EntryPoint\",\"urlTemplate\":\"https:\\\/\\\/avexservices.com\\\/es\\\/?s={search_term_string}\"},\"query-input\":{\"@type\":\"PropertyValueSpecification\",\"valueRequired\":true,\"valueName\":\"search_term_string\"}}],\"inLanguage\":\"es\"},{\"@type\":\"Organization\",\"@id\":\"https:\\\/\\\/avexservices.com\\\/es\\\/#organization\",\"name\":\"Avex Services\",\"url\":\"https:\\\/\\\/avexservices.com\\\/es\\\/\",\"logo\":{\"@type\":\"ImageObject\",\"inLanguage\":\"es\",\"@id\":\"https:\\\/\\\/avexservices.com\\\/es\\\/#\\\/schema\\\/logo\\\/image\\\/\",\"url\":\"https:\\\/\\\/avexservices.com\\\/wp-content\\\/uploads\\\/2020\\\/11\\\/avex_logo.png\",\"contentUrl\":\"https:\\\/\\\/avexservices.com\\\/wp-content\\\/uploads\\\/2020\\\/11\\\/avex_logo.png\",\"width\":387,\"height\":173,\"caption\":\"Avex Services\"},\"image\":{\"@id\":\"https:\\\/\\\/avexservices.com\\\/es\\\/#\\\/schema\\\/logo\\\/image\\\/\"},\"sameAs\":[\"https:\\\/\\\/www.facebook.com\\\/avexservicesUK\",\"https:\\\/\\\/www.instagram.com\\\/avexservices\"]}]}<\/script>\n<!-- \/ Yoast SEO plugin. -->","yoast_head_json":{"title":"Servicios de Chauffeur - AVEX Services","robots":{"index":"index","follow":"follow","max-snippet":"max-snippet:-1","max-image-preview":"max-image-preview:large","max-video-preview":"max-video-preview:-1"},"canonical":"https:\/\/avexservices.com\/es\/servicios-de-chauffeur\/","og_locale":"es_ES","og_type":"article","og_title":"Servicios de Chauffeur - AVEX Services","og_description":"\u00bfQu\u00e9 es importante para ti, es la calidad? \u00bfO quiz\u00e1s consuelo? \u00bfUn largo legado de servicios confiables que le brindan la mejor habilidad al viajar por Londres en autos lujosos con conductores experimentados y amigables que le brindar\u00e1n una visita \u00fanica a la ciudad de los sue\u00f1os? De hecho, lo tenemos todo. Organizar su traslado","og_url":"https:\/\/avexservices.com\/es\/servicios-de-chauffeur\/","og_site_name":"AVEX Services","article_publisher":"https:\/\/www.facebook.com\/avexservicesUK","article_modified_time":"2021-07-03T14:11:01+00:00","og_image":[{"url":"https:\/\/avexservices.com\/wp-content\/uploads\/2020\/11\/B52A8981-1170x694.jpg","type":"","width":"","height":""}],"twitter_card":"summary_large_image","twitter_misc":{"Tiempo de lectura":"3 minutos"},"schema":{"@context":"https:\/\/schema.org","@graph":[{"@type":"WebPage","@id":"https:\/\/avexservices.com\/es\/servicios-de-chauffeur\/","url":"https:\/\/avexservices.com\/es\/servicios-de-chauffeur\/","name":"Servicios de Chauffeur - AVEX Services","isPartOf":{"@id":"https:\/\/avexservices.com\/es\/#website"},"primaryImageOfPage":{"@id":"https:\/\/avexservices.com\/es\/servicios-de-chauffeur\/#primaryimage"},"image":{"@id":"https:\/\/avexservices.com\/es\/servicios-de-chauffeur\/#primaryimage"},"thumbnailUrl":"https:\/\/avexservices.com\/wp-content\/uploads\/2020\/11\/B52A8981-1170x694.jpg","datePublished":"2017-06-08T07:09:05+00:00","dateModified":"2021-07-03T14:11:01+00:00","breadcrumb":{"@id":"https:\/\/avexservices.com\/es\/servicios-de-chauffeur\/#breadcrumb"},"inLanguage":"es","potentialAction":[{"@type":"ReadAction","target":["https:\/\/avexservices.com\/es\/servicios-de-chauffeur\/"]}]},{"@type":"ImageObject","inLanguage":"es","@id":"https:\/\/avexservices.com\/es\/servicios-de-chauffeur\/#primaryimage","url":"https:\/\/avexservices.com\/wp-content\/uploads\/2020\/11\/B52A8981-1170x694.jpg","contentUrl":"https:\/\/avexservices.com\/wp-content\/uploads\/2020\/11\/B52A8981-1170x694.jpg"},{"@type":"BreadcrumbList","@id":"https:\/\/avexservices.com\/es\/servicios-de-chauffeur\/#breadcrumb","itemListElement":[{"@type":"ListItem","position":1,"name":"Home","item":"https:\/\/avexservices.com\/es\/"},{"@type":"ListItem","position":2,"name":"Servicios de Chauffeur"}]},{"@type":"WebSite","@id":"https:\/\/avexservices.com\/es\/#website","url":"https:\/\/avexservices.com\/es\/","name":"AVEX Services","description":"Chauffeurs | City Tours | Logistics | Luggage","publisher":{"@id":"https:\/\/avexservices.com\/es\/#organization"},"potentialAction":[{"@type":"SearchAction","target":{"@type":"EntryPoint","urlTemplate":"https:\/\/avexservices.com\/es\/?s={search_term_string}"},"query-input":{"@type":"PropertyValueSpecification","valueRequired":true,"valueName":"search_term_string"}}],"inLanguage":"es"},{"@type":"Organization","@id":"https:\/\/avexservices.com\/es\/#organization","name":"Avex Services","url":"https:\/\/avexservices.com\/es\/","logo":{"@type":"ImageObject","inLanguage":"es","@id":"https:\/\/avexservices.com\/es\/#\/schema\/logo\/image\/","url":"https:\/\/avexservices.com\/wp-content\/uploads\/2020\/11\/avex_logo.png","contentUrl":"https:\/\/avexservices.com\/wp-content\/uploads\/2020\/11\/avex_logo.png","width":387,"height":173,"caption":"Avex Services"},"image":{"@id":"https:\/\/avexservices.com\/es\/#\/schema\/logo\/image\/"},"sameAs":["https:\/\/www.facebook.com\/avexservicesUK","https:\/\/www.instagram.com\/avexservices"]}]}},"_links":{"self":[{"href":"https:\/\/avexservices.com\/es\/wp-json\/wp\/v2\/pages\/13314","targetHints":{"allow":["GET"]}}],"collection":[{"href":"https:\/\/avexservices.com\/es\/wp-json\/wp\/v2\/pages"}],"about":[{"href":"https:\/\/avexservices.com\/es\/wp-json\/wp\/v2\/types\/page"}],"author":[{"embeddable":true,"href":"https:\/\/avexservices.com\/es\/wp-json\/wp\/v2\/users\/1"}],"replies":[{"embeddable":true,"href":"https:\/\/avexservices.com\/es\/wp-json\/wp\/v2\/comments?post=13314"}],"version-history":[{"count":20,"href":"https:\/\/avexservices.com\/es\/wp-json\/wp\/v2\/pages\/13314\/revisions"}],"predecessor-version":[{"id":13639,"href":"https:\/\/avexservices.com\/es\/wp-json\/wp\/v2\/pages\/13314\/revisions\/13639"}],"wp:attachment":[{"href":"https:\/\/avexservices.com\/es\/wp-json\/wp\/v2\/media?parent=13314"}],"curies":[{"name":"wp","href":"https:\/\/api.w.org\/{rel}","templated":true}]}}