{"id":13548,"date":"2017-06-08T10:58:53","date_gmt":"2017-06-08T10:58:53","guid":{"rendered":"https:\/\/avexservices.com\/soluciones-logisticas\/"},"modified":"2021-07-03T11:22:16","modified_gmt":"2021-07-03T11:22:16","slug":"soluciones-logisticas","status":"publish","type":"page","link":"https:\/\/avexservices.com\/es\/soluciones-logisticas\/","title":{"rendered":"Soluciones log\u00edsticas"},"content":{"rendered":"\t\t<div data-elementor-type=\"wp-page\" data-elementor-id=\"13548\" class=\"elementor elementor-13548 elementor-108\">\n\t\t\t\t\t\t<section class=\"elementor-section elementor-top-section elementor-element elementor-element-1ed4930 elementor-section-boxed elementor-section-height-default elementor-section-height-default\" data-id=\"1ed4930\" data-element_type=\"section\" data-e-type=\"section\">\n\t\t\t\t\t\t<div class=\"elementor-container elementor-column-gap-default\">\n\t\t\t\t\t<div class=\"elementor-column elementor-col-50 elementor-top-column elementor-element elementor-element-cccc2d5\" data-id=\"cccc2d5\" data-element_type=\"column\" data-e-type=\"column\">\n\t\t\t<div class=\"elementor-widget-wrap elementor-element-populated\">\n\t\t\t\t\t\t<div class=\"elementor-element elementor-element-70f6950 elementor-widget elementor-widget-image\" data-id=\"70f6950\" data-element_type=\"widget\" data-e-type=\"widget\" data-widget_type=\"image.default\">\n\t\t\t\t<div class=\"elementor-widget-container\">\n\t\t\t\t\t\t\t\t\t\t\t\t\t\t\t<img fetchpriority=\"high\" decoding=\"async\" width=\"1024\" height=\"694\" src=\"https:\/\/avexservices.com\/wp-content\/uploads\/2020\/11\/mercedes-benz_vito_compact_diesel_34032-1024x694.jpg\" class=\"attachment-large size-large wp-image-12660\" alt=\"\" \/>\t\t\t\t\t\t\t\t\t\t\t\t\t\t\t<\/div>\n\t\t\t\t<\/div>\n\t\t\t\t\t<\/div>\n\t\t<\/div>\n\t\t\t\t<div class=\"elementor-column elementor-col-50 elementor-top-column elementor-element elementor-element-39e46f1\" data-id=\"39e46f1\" data-element_type=\"column\" data-e-type=\"column\">\n\t\t\t<div class=\"elementor-widget-wrap elementor-element-populated\">\n\t\t\t\t\t\t<div class=\"elementor-element elementor-element-91bcee6 elementor-widget elementor-widget-text-editor\" data-id=\"91bcee6\" data-element_type=\"widget\" data-e-type=\"widget\" data-widget_type=\"text-editor.default\">\n\t\t\t\t<div class=\"elementor-widget-container\">\n\t\t\t\t\t\t\t\t\t<h2> Log\u00edstica <\/h2>\n<p class = \"p1\"> Ya sea que necesite un hombre y una camioneta, un viaje \u00fanico de A a B o contratos de entrega m\u00faltiple a largo plazo, podemos ayudarlo. <\/p>\n<p class = \"p1\"> Tarifas de la siguiente manera: <\/p>\n<ul>\n<li> Furgoneta peque\u00f1a SV (1 pal\u00e9) \u00a3 1.20 por milla <\/li>\n<li> Furgoneta de TV Transit (2 paletas) 1,50 \u00a3 por milla <\/li>\n<li> Distancia entre ejes larga LWB (3 paletas) \u00a3 1.95 por milla <\/li>\n<\/ul>\n\t\t\t\t\t\t\t\t<\/div>\n\t\t\t\t<\/div>\n\t\t\t\t<div class=\"elementor-element elementor-element-c393148 elementor-widget elementor-widget-text-editor\" data-id=\"c393148\" data-element_type=\"widget\" data-e-type=\"widget\" data-widget_type=\"text-editor.default\">\n\t\t\t\t<div class=\"elementor-widget-container\">\n\t\t\t\t\t\t\t\t\t<h2> AOG <\/h2>\n<p class = \"p1\"> Para cualquier requisito de AOG, llame a nuestra l\u00ednea directa 24\/7 +44 7886 100669 <\/p>\n<p class = \"p1\"> Env\u00edenos un correo electr\u00f3nico al < a href = \"mailto: info@avexservices.com\"> <span class = \"s1\"> info@avexservices.com <\/span> <\/a> o ll\u00e1menos al +44 208935 5192 para cualquier cotizaci\u00f3n <\/p>\n\t\t\t\t\t\t\t\t<\/div>\n\t\t\t\t<\/div>\n\t\t\t\t\t<\/div>\n\t\t<\/div>\n\t\t\t\t\t<\/div>\n\t\t<\/section>\n\t\t\t\t<section class=\"elementor-section elementor-top-section elementor-element elementor-element-1f215b9 elementor-section-boxed elementor-section-height-default elementor-section-height-default\" data-id=\"1f215b9\" data-element_type=\"section\" data-e-type=\"section\">\n\t\t\t\t\t\t<div class=\"elementor-container elementor-column-gap-default\">\n\t\t\t\t\t<div class=\"elementor-column elementor-col-50 elementor-top-column elementor-element elementor-element-c7c4157\" data-id=\"c7c4157\" data-element_type=\"column\" data-e-type=\"column\">\n\t\t\t<div class=\"elementor-widget-wrap elementor-element-populated\">\n\t\t\t\t\t\t<div class=\"elementor-element elementor-element-39eb1a3 elementor-widget elementor-widget-text-editor\" data-id=\"39eb1a3\" data-element_type=\"widget\" data-e-type=\"widget\" data-widget_type=\"text-editor.default\">\n\t\t\t\t<div class=\"elementor-widget-container\">\n\t\t\t\t\t\t\t\t\t<h2 class = \"p1\"> Repatriaci\u00f3n de equipaje (B2B) <\/h2>\n<p class = \"p2\"> Con m\u00e1s de veinte a\u00f1os de experiencia en operaciones tanto en tierra como en aire. Nuestro centro de distribuci\u00f3n est\u00e1 ubicado en West Drayton, cerca de las terminales del centro de Heathrow. <\/p>\n<p class = \"p3\"> <b> Repatriaci\u00f3n de equipaje <\/b> <\/p>\n<ul>\n<li class = \"p2\"> <b> SPX &#8211; <\/b> Veh\u00edculo especial dedicado desde las terminales <\/li>\n<li class = \"p2\"> <b> SDD &#8211; <\/b> Entrega consolidada el mismo d\u00eda dentro de las 80 millas de Heathrow <\/li>\n<li class = \"p2\"> <b> NDD &#8211; <\/b> Durante la noche al d\u00eda siguiente es una entrega rentable para viajes de larga distancia <\/li>\n<\/ul>\n<p class = \"p3\"> <b> Reparaci\u00f3n de equipaje y reemplazo <\/b> <\/p>\n<p class = \"p2\"> <b> DPR &#8211; <\/b> Proporcionamos una gama completa de maletas de reemplazo y cochecitos de beb\u00e9. <br \/> Reemplazos de terminales en el lugar. Amplia gama de marcas suministradas. <\/p>\n\t\t\t\t\t\t\t\t<\/div>\n\t\t\t\t<\/div>\n\t\t\t\t\t<\/div>\n\t\t<\/div>\n\t\t\t\t<div class=\"elementor-column elementor-col-50 elementor-top-column elementor-element elementor-element-3c6d4d3\" data-id=\"3c6d4d3\" data-element_type=\"column\" data-e-type=\"column\">\n\t\t\t<div class=\"elementor-widget-wrap elementor-element-populated\">\n\t\t\t\t\t\t<div class=\"elementor-element elementor-element-3892918 elementor-widget elementor-widget-image\" data-id=\"3892918\" data-element_type=\"widget\" data-e-type=\"widget\" data-widget_type=\"image.default\">\n\t\t\t\t<div class=\"elementor-widget-container\">\n\t\t\t\t\t\t\t\t\t\t\t\t\t\t\t<img decoding=\"async\" width=\"300\" height=\"300\" src=\"https:\/\/avexservices.com\/wp-content\/uploads\/2017\/06\/luggage-red-300x300.jpg\" class=\"attachment-medium size-medium wp-image-87\" alt=\"\" srcset=\"https:\/\/avexservices.com\/wp-content\/uploads\/2017\/06\/luggage-red-300x300.jpg 300w, https:\/\/avexservices.com\/wp-content\/uploads\/2017\/06\/luggage-red-150x150.jpg 150w, https:\/\/avexservices.com\/wp-content\/uploads\/2017\/06\/luggage-red-768x768.jpg 768w, https:\/\/avexservices.com\/wp-content\/uploads\/2017\/06\/luggage-red.jpg 1000w\" sizes=\"(max-width: 300px) 100vw, 300px\" \/>\t\t\t\t\t\t\t\t\t\t\t\t\t\t\t<\/div>\n\t\t\t\t<\/div>\n\t\t\t\t\t<\/div>\n\t\t<\/div>\n\t\t\t\t\t<\/div>\n\t\t<\/section>\n\t\t\t\t<\/div>\n\t\t","protected":false},"excerpt":{"rendered":"<p>Log\u00edstica Ya sea que necesite un hombre y una camioneta, un viaje \u00fanico de A a B o contratos de entrega m\u00faltiple a largo plazo, podemos ayudarlo. Tarifas de la siguiente manera: Furgoneta peque\u00f1a SV (1 pal\u00e9) \u00a3 1.20 por milla Furgoneta de TV Transit (2 paletas) 1,50 \u00a3 por milla Distancia entre ejes larga<\/p>\n","protected":false},"author":1,"featured_media":0,"parent":0,"menu_order":0,"comment_status":"closed","ping_status":"closed","template":"","meta":{"footnotes":""},"class_list":["post-13548","page","type-page","status-publish","hentry"],"yoast_head":"<!-- This site is optimized with the Yoast SEO plugin v27.3 - https:\/\/yoast.com\/product\/yoast-seo-wordpress\/ -->\n<title>Soluciones log\u00edsticas - AVEX Services<\/title>\n<meta name=\"robots\" content=\"index, follow, max-snippet:-1, max-image-preview:large, max-video-preview:-1\" \/>\n<link rel=\"canonical\" href=\"https:\/\/avexservices.com\/es\/soluciones-logisticas\/\" \/>\n<meta property=\"og:locale\" content=\"es_ES\" \/>\n<meta property=\"og:type\" content=\"article\" \/>\n<meta property=\"og:title\" content=\"Soluciones log\u00edsticas - AVEX Services\" \/>\n<meta property=\"og:description\" content=\"Log\u00edstica Ya sea que necesite un hombre y una camioneta, un viaje \u00fanico de A a B o contratos de entrega m\u00faltiple a largo plazo, podemos ayudarlo. Tarifas de la siguiente manera: Furgoneta peque\u00f1a SV (1 pal\u00e9) \u00a3 1.20 por milla Furgoneta de TV Transit (2 paletas) 1,50 \u00a3 por milla Distancia entre ejes larga\" \/>\n<meta property=\"og:url\" content=\"https:\/\/avexservices.com\/es\/soluciones-logisticas\/\" \/>\n<meta property=\"og:site_name\" content=\"AVEX Services\" \/>\n<meta property=\"article:publisher\" content=\"https:\/\/www.facebook.com\/avexservicesUK\" \/>\n<meta property=\"article:modified_time\" content=\"2021-07-03T11:22:16+00:00\" \/>\n<meta property=\"og:image\" content=\"https:\/\/avexservices.com\/wp-content\/uploads\/2020\/11\/mercedes-benz_vito_compact_diesel_34032-1024x694.jpg\" \/>\n<meta name=\"twitter:card\" content=\"summary_large_image\" \/>\n<meta name=\"twitter:label1\" content=\"Tiempo de lectura\" \/>\n\t<meta name=\"twitter:data1\" content=\"1 minuto\" \/>\n<script type=\"application\/ld+json\" class=\"yoast-schema-graph\">{\"@context\":\"https:\\\/\\\/schema.org\",\"@graph\":[{\"@type\":\"WebPage\",\"@id\":\"https:\\\/\\\/avexservices.com\\\/es\\\/soluciones-logisticas\\\/\",\"url\":\"https:\\\/\\\/avexservices.com\\\/es\\\/soluciones-logisticas\\\/\",\"name\":\"Soluciones log\u00edsticas - AVEX Services\",\"isPartOf\":{\"@id\":\"https:\\\/\\\/avexservices.com\\\/es\\\/#website\"},\"primaryImageOfPage\":{\"@id\":\"https:\\\/\\\/avexservices.com\\\/es\\\/soluciones-logisticas\\\/#primaryimage\"},\"image\":{\"@id\":\"https:\\\/\\\/avexservices.com\\\/es\\\/soluciones-logisticas\\\/#primaryimage\"},\"thumbnailUrl\":\"https:\\\/\\\/avexservices.com\\\/wp-content\\\/uploads\\\/2020\\\/11\\\/mercedes-benz_vito_compact_diesel_34032-1024x694.jpg\",\"datePublished\":\"2017-06-08T10:58:53+00:00\",\"dateModified\":\"2021-07-03T11:22:16+00:00\",\"breadcrumb\":{\"@id\":\"https:\\\/\\\/avexservices.com\\\/es\\\/soluciones-logisticas\\\/#breadcrumb\"},\"inLanguage\":\"es\",\"potentialAction\":[{\"@type\":\"ReadAction\",\"target\":[\"https:\\\/\\\/avexservices.com\\\/es\\\/soluciones-logisticas\\\/\"]}]},{\"@type\":\"ImageObject\",\"inLanguage\":\"es\",\"@id\":\"https:\\\/\\\/avexservices.com\\\/es\\\/soluciones-logisticas\\\/#primaryimage\",\"url\":\"https:\\\/\\\/avexservices.com\\\/wp-content\\\/uploads\\\/2020\\\/11\\\/mercedes-benz_vito_compact_diesel_34032-1024x694.jpg\",\"contentUrl\":\"https:\\\/\\\/avexservices.com\\\/wp-content\\\/uploads\\\/2020\\\/11\\\/mercedes-benz_vito_compact_diesel_34032-1024x694.jpg\"},{\"@type\":\"BreadcrumbList\",\"@id\":\"https:\\\/\\\/avexservices.com\\\/es\\\/soluciones-logisticas\\\/#breadcrumb\",\"itemListElement\":[{\"@type\":\"ListItem\",\"position\":1,\"name\":\"Home\",\"item\":\"https:\\\/\\\/avexservices.com\\\/es\\\/\"},{\"@type\":\"ListItem\",\"position\":2,\"name\":\"Soluciones log\u00edsticas\"}]},{\"@type\":\"WebSite\",\"@id\":\"https:\\\/\\\/avexservices.com\\\/es\\\/#website\",\"url\":\"https:\\\/\\\/avexservices.com\\\/es\\\/\",\"name\":\"AVEX Services\",\"description\":\"Chauffeurs | City Tours | Logistics | Luggage\",\"publisher\":{\"@id\":\"https:\\\/\\\/avexservices.com\\\/es\\\/#organization\"},\"potentialAction\":[{\"@type\":\"SearchAction\",\"target\":{\"@type\":\"EntryPoint\",\"urlTemplate\":\"https:\\\/\\\/avexservices.com\\\/es\\\/?s={search_term_string}\"},\"query-input\":{\"@type\":\"PropertyValueSpecification\",\"valueRequired\":true,\"valueName\":\"search_term_string\"}}],\"inLanguage\":\"es\"},{\"@type\":\"Organization\",\"@id\":\"https:\\\/\\\/avexservices.com\\\/es\\\/#organization\",\"name\":\"Avex Services\",\"url\":\"https:\\\/\\\/avexservices.com\\\/es\\\/\",\"logo\":{\"@type\":\"ImageObject\",\"inLanguage\":\"es\",\"@id\":\"https:\\\/\\\/avexservices.com\\\/es\\\/#\\\/schema\\\/logo\\\/image\\\/\",\"url\":\"https:\\\/\\\/avexservices.com\\\/wp-content\\\/uploads\\\/2020\\\/11\\\/avex_logo.png\",\"contentUrl\":\"https:\\\/\\\/avexservices.com\\\/wp-content\\\/uploads\\\/2020\\\/11\\\/avex_logo.png\",\"width\":387,\"height\":173,\"caption\":\"Avex Services\"},\"image\":{\"@id\":\"https:\\\/\\\/avexservices.com\\\/es\\\/#\\\/schema\\\/logo\\\/image\\\/\"},\"sameAs\":[\"https:\\\/\\\/www.facebook.com\\\/avexservicesUK\",\"https:\\\/\\\/www.instagram.com\\\/avexservices\"]}]}<\/script>\n<!-- \/ Yoast SEO plugin. -->","yoast_head_json":{"title":"Soluciones log\u00edsticas - AVEX Services","robots":{"index":"index","follow":"follow","max-snippet":"max-snippet:-1","max-image-preview":"max-image-preview:large","max-video-preview":"max-video-preview:-1"},"canonical":"https:\/\/avexservices.com\/es\/soluciones-logisticas\/","og_locale":"es_ES","og_type":"article","og_title":"Soluciones log\u00edsticas - AVEX Services","og_description":"Log\u00edstica Ya sea que necesite un hombre y una camioneta, un viaje \u00fanico de A a B o contratos de entrega m\u00faltiple a largo plazo, podemos ayudarlo. Tarifas de la siguiente manera: Furgoneta peque\u00f1a SV (1 pal\u00e9) \u00a3 1.20 por milla Furgoneta de TV Transit (2 paletas) 1,50 \u00a3 por milla Distancia entre ejes larga","og_url":"https:\/\/avexservices.com\/es\/soluciones-logisticas\/","og_site_name":"AVEX Services","article_publisher":"https:\/\/www.facebook.com\/avexservicesUK","article_modified_time":"2021-07-03T11:22:16+00:00","og_image":[{"url":"https:\/\/avexservices.com\/wp-content\/uploads\/2020\/11\/mercedes-benz_vito_compact_diesel_34032-1024x694.jpg","type":"","width":"","height":""}],"twitter_card":"summary_large_image","twitter_misc":{"Tiempo de lectura":"1 minuto"},"schema":{"@context":"https:\/\/schema.org","@graph":[{"@type":"WebPage","@id":"https:\/\/avexservices.com\/es\/soluciones-logisticas\/","url":"https:\/\/avexservices.com\/es\/soluciones-logisticas\/","name":"Soluciones log\u00edsticas - AVEX Services","isPartOf":{"@id":"https:\/\/avexservices.com\/es\/#website"},"primaryImageOfPage":{"@id":"https:\/\/avexservices.com\/es\/soluciones-logisticas\/#primaryimage"},"image":{"@id":"https:\/\/avexservices.com\/es\/soluciones-logisticas\/#primaryimage"},"thumbnailUrl":"https:\/\/avexservices.com\/wp-content\/uploads\/2020\/11\/mercedes-benz_vito_compact_diesel_34032-1024x694.jpg","datePublished":"2017-06-08T10:58:53+00:00","dateModified":"2021-07-03T11:22:16+00:00","breadcrumb":{"@id":"https:\/\/avexservices.com\/es\/soluciones-logisticas\/#breadcrumb"},"inLanguage":"es","potentialAction":[{"@type":"ReadAction","target":["https:\/\/avexservices.com\/es\/soluciones-logisticas\/"]}]},{"@type":"ImageObject","inLanguage":"es","@id":"https:\/\/avexservices.com\/es\/soluciones-logisticas\/#primaryimage","url":"https:\/\/avexservices.com\/wp-content\/uploads\/2020\/11\/mercedes-benz_vito_compact_diesel_34032-1024x694.jpg","contentUrl":"https:\/\/avexservices.com\/wp-content\/uploads\/2020\/11\/mercedes-benz_vito_compact_diesel_34032-1024x694.jpg"},{"@type":"BreadcrumbList","@id":"https:\/\/avexservices.com\/es\/soluciones-logisticas\/#breadcrumb","itemListElement":[{"@type":"ListItem","position":1,"name":"Home","item":"https:\/\/avexservices.com\/es\/"},{"@type":"ListItem","position":2,"name":"Soluciones log\u00edsticas"}]},{"@type":"WebSite","@id":"https:\/\/avexservices.com\/es\/#website","url":"https:\/\/avexservices.com\/es\/","name":"AVEX Services","description":"Chauffeurs | City Tours | Logistics | Luggage","publisher":{"@id":"https:\/\/avexservices.com\/es\/#organization"},"potentialAction":[{"@type":"SearchAction","target":{"@type":"EntryPoint","urlTemplate":"https:\/\/avexservices.com\/es\/?s={search_term_string}"},"query-input":{"@type":"PropertyValueSpecification","valueRequired":true,"valueName":"search_term_string"}}],"inLanguage":"es"},{"@type":"Organization","@id":"https:\/\/avexservices.com\/es\/#organization","name":"Avex Services","url":"https:\/\/avexservices.com\/es\/","logo":{"@type":"ImageObject","inLanguage":"es","@id":"https:\/\/avexservices.com\/es\/#\/schema\/logo\/image\/","url":"https:\/\/avexservices.com\/wp-content\/uploads\/2020\/11\/avex_logo.png","contentUrl":"https:\/\/avexservices.com\/wp-content\/uploads\/2020\/11\/avex_logo.png","width":387,"height":173,"caption":"Avex Services"},"image":{"@id":"https:\/\/avexservices.com\/es\/#\/schema\/logo\/image\/"},"sameAs":["https:\/\/www.facebook.com\/avexservicesUK","https:\/\/www.instagram.com\/avexservices"]}]}},"_links":{"self":[{"href":"https:\/\/avexservices.com\/es\/wp-json\/wp\/v2\/pages\/13548","targetHints":{"allow":["GET"]}}],"collection":[{"href":"https:\/\/avexservices.com\/es\/wp-json\/wp\/v2\/pages"}],"about":[{"href":"https:\/\/avexservices.com\/es\/wp-json\/wp\/v2\/types\/page"}],"author":[{"embeddable":true,"href":"https:\/\/avexservices.com\/es\/wp-json\/wp\/v2\/users\/1"}],"replies":[{"embeddable":true,"href":"https:\/\/avexservices.com\/es\/wp-json\/wp\/v2\/comments?post=13548"}],"version-history":[{"count":1,"href":"https:\/\/avexservices.com\/es\/wp-json\/wp\/v2\/pages\/13548\/revisions"}],"predecessor-version":[{"id":13549,"href":"https:\/\/avexservices.com\/es\/wp-json\/wp\/v2\/pages\/13548\/revisions\/13549"}],"wp:attachment":[{"href":"https:\/\/avexservices.com\/es\/wp-json\/wp\/v2\/media?parent=13548"}],"curies":[{"name":"wp","href":"https:\/\/api.w.org\/{rel}","templated":true}]}}