{"id":13297,"date":"2019-04-24T06:33:58","date_gmt":"2019-04-24T06:33:58","guid":{"rendered":"https:\/\/avexservices.com\/qui-sommes-nous\/"},"modified":"2021-06-12T14:17:26","modified_gmt":"2021-06-12T14:17:26","slug":"qui-sommes-nous","status":"publish","type":"page","link":"https:\/\/avexservices.com\/fr\/qui-sommes-nous\/","title":{"rendered":"Qui Sommes Nous"},"content":{"rendered":"\t\t<div data-elementor-type=\"wp-post\" data-elementor-id=\"13297\" class=\"elementor elementor-13297 elementor-5156\">\n\t\t\t\t\t\t<section class=\"elementor-section elementor-top-section elementor-element elementor-element-8c181ab elementor-section-content-middle elementor-section-boxed elementor-section-height-default elementor-section-height-default\" data-id=\"8c181ab\" data-element_type=\"section\" data-e-type=\"section\">\n\t\t\t\t\t\t<div class=\"elementor-container elementor-column-gap-default\">\n\t\t\t\t\t<div class=\"elementor-column elementor-col-50 elementor-top-column elementor-element elementor-element-204b261\" data-id=\"204b261\" data-element_type=\"column\" data-e-type=\"column\" data-settings=\"{&quot;background_background&quot;:&quot;classic&quot;}\">\n\t\t\t<div class=\"elementor-widget-wrap elementor-element-populated\">\n\t\t\t\t\t\t<div class=\"elementor-element elementor-element-d6b20db image-dotted elementor-widget elementor-widget-image\" data-id=\"d6b20db\" data-element_type=\"widget\" data-e-type=\"widget\" data-widget_type=\"image.default\">\n\t\t\t\t<div class=\"elementor-widget-container\">\n\t\t\t\t\t\t\t\t\t\t\t\t\t\t\t<img fetchpriority=\"high\" decoding=\"async\" width=\"768\" height=\"512\" src=\"https:\/\/avexservices.com\/wp-content\/uploads\/2020\/11\/873A6220-768x512.jpg\" class=\"attachment-medium_large size-medium_large wp-image-12300\" alt=\"\" srcset=\"https:\/\/avexservices.com\/wp-content\/uploads\/2020\/11\/873A6220-768x512.jpg 768w, https:\/\/avexservices.com\/wp-content\/uploads\/2020\/11\/873A6220-1536x1024.jpg 1536w, https:\/\/avexservices.com\/wp-content\/uploads\/2020\/11\/873A6220-2048x1365.jpg 2048w\" sizes=\"(max-width: 768px) 100vw, 768px\" \/>\t\t\t\t\t\t\t\t\t\t\t\t\t\t\t<\/div>\n\t\t\t\t<\/div>\n\t\t\t\t\t<\/div>\n\t\t<\/div>\n\t\t\t\t<div class=\"elementor-column elementor-col-50 elementor-top-column elementor-element elementor-element-db23f0f\" data-id=\"db23f0f\" data-element_type=\"column\" data-e-type=\"column\">\n\t\t\t<div class=\"elementor-widget-wrap elementor-element-populated\">\n\t\t\t\t\t\t<div class=\"elementor-element elementor-element-0ddf1a2 elementor-widget elementor-widget-miionsectiontitle\" data-id=\"0ddf1a2\" data-element_type=\"widget\" data-e-type=\"widget\" data-widget_type=\"miionsectiontitle.default\">\n\t\t\t\t<div class=\"elementor-widget-container\">\n\t\t\t\t\t<div class=\"section-title-wrapper\"><div class=\"title-wrap\"><span class=\"sub-title\">QUI SOMMES NOUS<\/span><h3 class=\"section-title\">Chaque jour, notre \u00e9quipe atteint le niveau d\u2019excellence, non pas parce que c&#039;est n\u00e9cessaire, mais c&#039;est simplement dans notre ADN!<\/h3><\/div><!-- .title-wrap --><div class=\"section-description\">\u00c0 chaque instant, AvEx travaille d'arrache-pied pour vous apporter les soins et l'attention que vous m\u00e9ritez. L'importance de ce que nous faisons d\u00e9finit qui nous sommes et nous l'avons fait au cours des deux derni\u00e8res d\u00e9cennies.\n\nNous continuons \u00e0 maitriser  notre vocation \u00e0 vous offrir l'avantage de services et d'exp\u00e9rience d'\u00e9lite, nous sommes donc fiers d'\u00eatre ceux qui s'adaptent le mieux \u00e0 vos besoins, comme votre voyage nous d\u00e9finit.\n\nL'importance de ce que nous faisons d\u00e9finit qui nous sommes.\n<\/div><!-- .section-description --><\/div><!-- .section-title-wrapper -->\t\t\t\t<\/div>\n\t\t\t\t<\/div>\n\t\t\t\t\t<\/div>\n\t\t<\/div>\n\t\t\t\t\t<\/div>\n\t\t<\/section>\n\t\t\t\t<section class=\"elementor-section elementor-top-section elementor-element elementor-element-1c67283 elementor-section-content-middle elementor-section-boxed elementor-section-height-default elementor-section-height-default\" data-id=\"1c67283\" data-element_type=\"section\" data-e-type=\"section\">\n\t\t\t\t\t\t<div class=\"elementor-container elementor-column-gap-default\">\n\t\t\t\t\t<div class=\"elementor-column elementor-col-50 elementor-top-column elementor-element elementor-element-8ab2fa6\" data-id=\"8ab2fa6\" data-element_type=\"column\" data-e-type=\"column\">\n\t\t\t<div class=\"elementor-widget-wrap elementor-element-populated\">\n\t\t\t\t\t\t<div class=\"elementor-element elementor-element-10c6d20 elementor-widget elementor-widget-miionsectiontitle\" data-id=\"10c6d20\" data-element_type=\"widget\" data-e-type=\"widget\" data-widget_type=\"miionsectiontitle.default\">\n\t\t\t\t<div class=\"elementor-widget-container\">\n\t\t\t\t\t<div class=\"section-title-wrapper\"><div class=\"title-wrap\"><h3 class=\"section-title\">AvEx Services est une entreprise familiale avec plus de 20 ans d&#039;exp\u00e9rience<\/h3><\/div><!-- .title-wrap --><div class=\"section-description\">Situ\u00e9 pr\u00e8s de l'a\u00e9roport de Heathrow. Nous sommes une famille multilingue et donc nous fournissons des services en anglais, portugais, fran\u00e7ais, espagnol et italien. Moi, Victor Simoes, je suis le fondateur d'AvEx, dipl\u00f4m\u00e9 en Langues, Culture et Affaires de l'Universit\u00e9 de Londres Southbank et de l'Universit\u00e9 de Greenwich. J'ai effectu\u00e9 ma premi\u00e8re visite guid\u00e9e de la ville de Londres en 1998 et je n'ai pas arr\u00eat\u00e9 depuis. Depuis plus de deux d\u00e9cennies, nous essayons toujours de nous am\u00e9liorer et de toujours satisfaire les besoins de nos clients avec un maximum de confort et de luxe. La ville est en constante \u00e9volution et il n'y a rien de tel que d'avoir quelqu'un qui connaisse ce qu'il y a de mieux et garantir que votre voyage s\u2019effectue de la fa\u00e7on la plus agr\u00e9able possible.<\/div><!-- .section-description --><\/div><!-- .section-title-wrapper -->\t\t\t\t<\/div>\n\t\t\t\t<\/div>\n\t\t\t\t\t<\/div>\n\t\t<\/div>\n\t\t\t\t<div class=\"elementor-column elementor-col-50 elementor-top-column elementor-element elementor-element-7f4f711\" data-id=\"7f4f711\" data-element_type=\"column\" data-e-type=\"column\">\n\t\t\t<div class=\"elementor-widget-wrap elementor-element-populated\">\n\t\t\t\t\t\t<div class=\"elementor-element elementor-element-88b2f97 image-dotted elementor-widget elementor-widget-image\" data-id=\"88b2f97\" data-element_type=\"widget\" data-e-type=\"widget\" data-widget_type=\"image.default\">\n\t\t\t\t<div class=\"elementor-widget-container\">\n\t\t\t\t\t\t\t\t\t\t\t\t\t\t\t<img decoding=\"async\" width=\"768\" height=\"512\" src=\"https:\/\/avexservices.com\/wp-content\/uploads\/2020\/11\/873A9389-768x512.jpg\" class=\"attachment-medium_large size-medium_large wp-image-12334\" alt=\"\" srcset=\"https:\/\/avexservices.com\/wp-content\/uploads\/2020\/11\/873A9389-768x512.jpg 768w, https:\/\/avexservices.com\/wp-content\/uploads\/2020\/11\/873A9389-1536x1024.jpg 1536w, https:\/\/avexservices.com\/wp-content\/uploads\/2020\/11\/873A9389-2048x1365.jpg 2048w\" sizes=\"(max-width: 768px) 100vw, 768px\" \/>\t\t\t\t\t\t\t\t\t\t\t\t\t\t\t<\/div>\n\t\t\t\t<\/div>\n\t\t\t\t\t<\/div>\n\t\t<\/div>\n\t\t\t\t\t<\/div>\n\t\t<\/section>\n\t\t\t\t<\/div>\n\t\t","protected":false},"excerpt":{"rendered":"<p>QUI SOMMES NOUS Chaque jour, notre \u00e9quipe atteint le niveau d\u2019excellence, non pas parce que c&#039;est n\u00e9cessaire, mais c&#039;est simplement dans notre ADN! \u00c0 chaque instant, AvEx travaille d&rsquo;arrache-pied pour vous apporter les soins et l&rsquo;attention que vous m\u00e9ritez. L&rsquo;importance de ce que nous faisons d\u00e9finit qui nous sommes et nous l&rsquo;avons fait au cours<\/p>\n","protected":false},"author":1,"featured_media":0,"parent":0,"menu_order":0,"comment_status":"closed","ping_status":"closed","template":"","meta":{"footnotes":""},"class_list":["post-13297","page","type-page","status-publish","hentry"],"yoast_head":"<!-- This site is optimized with the Yoast SEO plugin v27.3 - https:\/\/yoast.com\/product\/yoast-seo-wordpress\/ -->\n<title>Qui Sommes Nous - AVEX Services<\/title>\n<meta name=\"robots\" content=\"index, follow, max-snippet:-1, max-image-preview:large, max-video-preview:-1\" \/>\n<link rel=\"canonical\" href=\"https:\/\/avexservices.com\/fr\/qui-sommes-nous\/\" \/>\n<meta property=\"og:locale\" content=\"fr_FR\" \/>\n<meta property=\"og:type\" content=\"article\" \/>\n<meta property=\"og:title\" content=\"Qui Sommes Nous - AVEX Services\" \/>\n<meta property=\"og:description\" content=\"QUI SOMMES NOUS Chaque jour, notre \u00e9quipe atteint le niveau d\u2019excellence, non pas parce que c&#039;est n\u00e9cessaire, mais c&#039;est simplement dans notre ADN! \u00c0 chaque instant, AvEx travaille d&rsquo;arrache-pied pour vous apporter les soins et l&rsquo;attention que vous m\u00e9ritez. L&rsquo;importance de ce que nous faisons d\u00e9finit qui nous sommes et nous l&rsquo;avons fait au cours\" \/>\n<meta property=\"og:url\" content=\"https:\/\/avexservices.com\/fr\/qui-sommes-nous\/\" \/>\n<meta property=\"og:site_name\" content=\"AVEX Services\" \/>\n<meta property=\"article:publisher\" content=\"https:\/\/www.facebook.com\/avexservicesUK\" \/>\n<meta property=\"article:modified_time\" content=\"2021-06-12T14:17:26+00:00\" \/>\n<meta property=\"og:image\" content=\"https:\/\/avexservices.com\/wp-content\/uploads\/2020\/11\/873A6220-768x512.jpg\" \/>\n<meta name=\"twitter:card\" content=\"summary_large_image\" \/>\n<meta name=\"twitter:label1\" content=\"Dur\u00e9e de lecture estim\u00e9e\" \/>\n\t<meta name=\"twitter:data1\" content=\"2 minutes\" \/>\n<script type=\"application\/ld+json\" class=\"yoast-schema-graph\">{\"@context\":\"https:\\\/\\\/schema.org\",\"@graph\":[{\"@type\":\"WebPage\",\"@id\":\"https:\\\/\\\/avexservices.com\\\/fr\\\/qui-sommes-nous\\\/\",\"url\":\"https:\\\/\\\/avexservices.com\\\/fr\\\/qui-sommes-nous\\\/\",\"name\":\"Qui Sommes Nous - AVEX Services\",\"isPartOf\":{\"@id\":\"https:\\\/\\\/avexservices.com\\\/fr\\\/#website\"},\"primaryImageOfPage\":{\"@id\":\"https:\\\/\\\/avexservices.com\\\/fr\\\/qui-sommes-nous\\\/#primaryimage\"},\"image\":{\"@id\":\"https:\\\/\\\/avexservices.com\\\/fr\\\/qui-sommes-nous\\\/#primaryimage\"},\"thumbnailUrl\":\"https:\\\/\\\/avexservices.com\\\/wp-content\\\/uploads\\\/2020\\\/11\\\/873A6220-768x512.jpg\",\"datePublished\":\"2019-04-24T06:33:58+00:00\",\"dateModified\":\"2021-06-12T14:17:26+00:00\",\"breadcrumb\":{\"@id\":\"https:\\\/\\\/avexservices.com\\\/fr\\\/qui-sommes-nous\\\/#breadcrumb\"},\"inLanguage\":\"fr-FR\",\"potentialAction\":[{\"@type\":\"ReadAction\",\"target\":[\"https:\\\/\\\/avexservices.com\\\/fr\\\/qui-sommes-nous\\\/\"]}]},{\"@type\":\"ImageObject\",\"inLanguage\":\"fr-FR\",\"@id\":\"https:\\\/\\\/avexservices.com\\\/fr\\\/qui-sommes-nous\\\/#primaryimage\",\"url\":\"https:\\\/\\\/avexservices.com\\\/wp-content\\\/uploads\\\/2020\\\/11\\\/873A6220-768x512.jpg\",\"contentUrl\":\"https:\\\/\\\/avexservices.com\\\/wp-content\\\/uploads\\\/2020\\\/11\\\/873A6220-768x512.jpg\"},{\"@type\":\"BreadcrumbList\",\"@id\":\"https:\\\/\\\/avexservices.com\\\/fr\\\/qui-sommes-nous\\\/#breadcrumb\",\"itemListElement\":[{\"@type\":\"ListItem\",\"position\":1,\"name\":\"Home\",\"item\":\"https:\\\/\\\/avexservices.com\\\/fr\\\/\"},{\"@type\":\"ListItem\",\"position\":2,\"name\":\"Qui Sommes Nous\"}]},{\"@type\":\"WebSite\",\"@id\":\"https:\\\/\\\/avexservices.com\\\/fr\\\/#website\",\"url\":\"https:\\\/\\\/avexservices.com\\\/fr\\\/\",\"name\":\"AVEX Services\",\"description\":\"Chauffeurs | City Tours | Logistics | Luggage\",\"publisher\":{\"@id\":\"https:\\\/\\\/avexservices.com\\\/fr\\\/#organization\"},\"potentialAction\":[{\"@type\":\"SearchAction\",\"target\":{\"@type\":\"EntryPoint\",\"urlTemplate\":\"https:\\\/\\\/avexservices.com\\\/fr\\\/?s={search_term_string}\"},\"query-input\":{\"@type\":\"PropertyValueSpecification\",\"valueRequired\":true,\"valueName\":\"search_term_string\"}}],\"inLanguage\":\"fr-FR\"},{\"@type\":\"Organization\",\"@id\":\"https:\\\/\\\/avexservices.com\\\/fr\\\/#organization\",\"name\":\"Avex Services\",\"url\":\"https:\\\/\\\/avexservices.com\\\/fr\\\/\",\"logo\":{\"@type\":\"ImageObject\",\"inLanguage\":\"fr-FR\",\"@id\":\"https:\\\/\\\/avexservices.com\\\/fr\\\/#\\\/schema\\\/logo\\\/image\\\/\",\"url\":\"https:\\\/\\\/avexservices.com\\\/wp-content\\\/uploads\\\/2020\\\/11\\\/avex_logo.png\",\"contentUrl\":\"https:\\\/\\\/avexservices.com\\\/wp-content\\\/uploads\\\/2020\\\/11\\\/avex_logo.png\",\"width\":387,\"height\":173,\"caption\":\"Avex Services\"},\"image\":{\"@id\":\"https:\\\/\\\/avexservices.com\\\/fr\\\/#\\\/schema\\\/logo\\\/image\\\/\"},\"sameAs\":[\"https:\\\/\\\/www.facebook.com\\\/avexservicesUK\",\"https:\\\/\\\/www.instagram.com\\\/avexservices\"]}]}<\/script>\n<!-- \/ Yoast SEO plugin. -->","yoast_head_json":{"title":"Qui Sommes Nous - AVEX Services","robots":{"index":"index","follow":"follow","max-snippet":"max-snippet:-1","max-image-preview":"max-image-preview:large","max-video-preview":"max-video-preview:-1"},"canonical":"https:\/\/avexservices.com\/fr\/qui-sommes-nous\/","og_locale":"fr_FR","og_type":"article","og_title":"Qui Sommes Nous - AVEX Services","og_description":"QUI SOMMES NOUS Chaque jour, notre \u00e9quipe atteint le niveau d\u2019excellence, non pas parce que c&#039;est n\u00e9cessaire, mais c&#039;est simplement dans notre ADN! \u00c0 chaque instant, AvEx travaille d&rsquo;arrache-pied pour vous apporter les soins et l&rsquo;attention que vous m\u00e9ritez. L&rsquo;importance de ce que nous faisons d\u00e9finit qui nous sommes et nous l&rsquo;avons fait au cours","og_url":"https:\/\/avexservices.com\/fr\/qui-sommes-nous\/","og_site_name":"AVEX Services","article_publisher":"https:\/\/www.facebook.com\/avexservicesUK","article_modified_time":"2021-06-12T14:17:26+00:00","og_image":[{"url":"https:\/\/avexservices.com\/wp-content\/uploads\/2020\/11\/873A6220-768x512.jpg","type":"","width":"","height":""}],"twitter_card":"summary_large_image","twitter_misc":{"Dur\u00e9e de lecture estim\u00e9e":"2 minutes"},"schema":{"@context":"https:\/\/schema.org","@graph":[{"@type":"WebPage","@id":"https:\/\/avexservices.com\/fr\/qui-sommes-nous\/","url":"https:\/\/avexservices.com\/fr\/qui-sommes-nous\/","name":"Qui Sommes Nous - AVEX Services","isPartOf":{"@id":"https:\/\/avexservices.com\/fr\/#website"},"primaryImageOfPage":{"@id":"https:\/\/avexservices.com\/fr\/qui-sommes-nous\/#primaryimage"},"image":{"@id":"https:\/\/avexservices.com\/fr\/qui-sommes-nous\/#primaryimage"},"thumbnailUrl":"https:\/\/avexservices.com\/wp-content\/uploads\/2020\/11\/873A6220-768x512.jpg","datePublished":"2019-04-24T06:33:58+00:00","dateModified":"2021-06-12T14:17:26+00:00","breadcrumb":{"@id":"https:\/\/avexservices.com\/fr\/qui-sommes-nous\/#breadcrumb"},"inLanguage":"fr-FR","potentialAction":[{"@type":"ReadAction","target":["https:\/\/avexservices.com\/fr\/qui-sommes-nous\/"]}]},{"@type":"ImageObject","inLanguage":"fr-FR","@id":"https:\/\/avexservices.com\/fr\/qui-sommes-nous\/#primaryimage","url":"https:\/\/avexservices.com\/wp-content\/uploads\/2020\/11\/873A6220-768x512.jpg","contentUrl":"https:\/\/avexservices.com\/wp-content\/uploads\/2020\/11\/873A6220-768x512.jpg"},{"@type":"BreadcrumbList","@id":"https:\/\/avexservices.com\/fr\/qui-sommes-nous\/#breadcrumb","itemListElement":[{"@type":"ListItem","position":1,"name":"Home","item":"https:\/\/avexservices.com\/fr\/"},{"@type":"ListItem","position":2,"name":"Qui Sommes Nous"}]},{"@type":"WebSite","@id":"https:\/\/avexservices.com\/fr\/#website","url":"https:\/\/avexservices.com\/fr\/","name":"AVEX Services","description":"Chauffeurs | City Tours | Logistics | Luggage","publisher":{"@id":"https:\/\/avexservices.com\/fr\/#organization"},"potentialAction":[{"@type":"SearchAction","target":{"@type":"EntryPoint","urlTemplate":"https:\/\/avexservices.com\/fr\/?s={search_term_string}"},"query-input":{"@type":"PropertyValueSpecification","valueRequired":true,"valueName":"search_term_string"}}],"inLanguage":"fr-FR"},{"@type":"Organization","@id":"https:\/\/avexservices.com\/fr\/#organization","name":"Avex Services","url":"https:\/\/avexservices.com\/fr\/","logo":{"@type":"ImageObject","inLanguage":"fr-FR","@id":"https:\/\/avexservices.com\/fr\/#\/schema\/logo\/image\/","url":"https:\/\/avexservices.com\/wp-content\/uploads\/2020\/11\/avex_logo.png","contentUrl":"https:\/\/avexservices.com\/wp-content\/uploads\/2020\/11\/avex_logo.png","width":387,"height":173,"caption":"Avex Services"},"image":{"@id":"https:\/\/avexservices.com\/fr\/#\/schema\/logo\/image\/"},"sameAs":["https:\/\/www.facebook.com\/avexservicesUK","https:\/\/www.instagram.com\/avexservices"]}]}},"_links":{"self":[{"href":"https:\/\/avexservices.com\/fr\/wp-json\/wp\/v2\/pages\/13297","targetHints":{"allow":["GET"]}}],"collection":[{"href":"https:\/\/avexservices.com\/fr\/wp-json\/wp\/v2\/pages"}],"about":[{"href":"https:\/\/avexservices.com\/fr\/wp-json\/wp\/v2\/types\/page"}],"author":[{"embeddable":true,"href":"https:\/\/avexservices.com\/fr\/wp-json\/wp\/v2\/users\/1"}],"replies":[{"embeddable":true,"href":"https:\/\/avexservices.com\/fr\/wp-json\/wp\/v2\/comments?post=13297"}],"version-history":[{"count":6,"href":"https:\/\/avexservices.com\/fr\/wp-json\/wp\/v2\/pages\/13297\/revisions"}],"predecessor-version":[{"id":13303,"href":"https:\/\/avexservices.com\/fr\/wp-json\/wp\/v2\/pages\/13297\/revisions\/13303"}],"wp:attachment":[{"href":"https:\/\/avexservices.com\/fr\/wp-json\/wp\/v2\/media?parent=13297"}],"curies":[{"name":"wp","href":"https:\/\/api.w.org\/{rel}","templated":true}]}}