{"id":13390,"date":"2017-06-08T07:09:05","date_gmt":"2017-06-08T07:09:05","guid":{"rendered":"https:\/\/avexservices.com\/?page_id=13390"},"modified":"2021-07-03T14:06:16","modified_gmt":"2021-07-03T14:06:16","slug":"services-chauffeur","status":"publish","type":"page","link":"https:\/\/avexservices.com\/fr\/services-chauffeur\/","title":{"rendered":"Services Chauffeurs"},"content":{"rendered":"\t\t<div data-elementor-type=\"wp-page\" data-elementor-id=\"13390\" class=\"elementor elementor-13390 elementor-2\">\n\t\t\t\t\t\t<section class=\"elementor-section elementor-top-section elementor-element elementor-element-6b54dc8 elementor-section-boxed elementor-section-height-default elementor-section-height-default\" data-id=\"6b54dc8\" data-element_type=\"section\" data-e-type=\"section\">\n\t\t\t\t\t\t<div class=\"elementor-container elementor-column-gap-default\">\n\t\t\t\t\t<div class=\"elementor-column elementor-col-50 elementor-top-column elementor-element elementor-element-b48d85f\" data-id=\"b48d85f\" data-element_type=\"column\" data-e-type=\"column\">\n\t\t\t<div class=\"elementor-widget-wrap elementor-element-populated\">\n\t\t\t\t\t\t<div class=\"elementor-element elementor-element-3ec9a39 elementor-widget elementor-widget-image\" data-id=\"3ec9a39\" data-element_type=\"widget\" data-e-type=\"widget\" data-widget_type=\"image.default\">\n\t\t\t\t<div class=\"elementor-widget-container\">\n\t\t\t\t\t\t\t\t\t\t\t\t\t\t\t<img fetchpriority=\"high\" decoding=\"async\" width=\"1170\" height=\"694\" src=\"https:\/\/avexservices.com\/wp-content\/uploads\/2020\/11\/B52A8981-1170x694.jpg\" class=\"attachment-large size-large wp-image-12355\" alt=\"\" srcset=\"https:\/\/avexservices.com\/wp-content\/uploads\/2020\/11\/B52A8981-1170x694.jpg 1170w, https:\/\/avexservices.com\/wp-content\/uploads\/2020\/11\/B52A8981-768x456.jpg 768w\" sizes=\"(max-width: 1170px) 100vw, 1170px\" \/>\t\t\t\t\t\t\t\t\t\t\t\t\t\t\t<\/div>\n\t\t\t\t<\/div>\n\t\t\t\t\t<\/div>\n\t\t<\/div>\n\t\t\t\t<div class=\"elementor-column elementor-col-50 elementor-top-column elementor-element elementor-element-46dfa7a\" data-id=\"46dfa7a\" data-element_type=\"column\" data-e-type=\"column\">\n\t\t\t<div class=\"elementor-widget-wrap elementor-element-populated\">\n\t\t\t\t\t\t<div class=\"elementor-element elementor-element-5c2cd40 elementor-widget elementor-widget-text-editor\" data-id=\"5c2cd40\" data-element_type=\"widget\" data-e-type=\"widget\" data-widget_type=\"text-editor.default\">\n\t\t\t\t<div class=\"elementor-widget-container\">\n\t\t\t\t\t\t\t\t\t<h2>Ce qui est important pour vous, c&rsquo;est la qualit\u00e9?<\/h2><p>Le temps? Ou peut-\u00eatre le confort? Un long h\u00e9ritage de services fiables qui vous offrent les meilleures comp\u00e9tences lorsque vous voyagez dans Londres dans des voitures de luxe avec des chauffeurs exp\u00e9riment\u00e9s et sympathiques qui vous offriront une visite unique dans la ville des r\u00eaves?<\/p><p>En fait, nous avons tout.<\/p><p>Organiser votre transfert depuis l&rsquo;a\u00e9roport avec AvEx, nos chauffeurs seront pr\u00eats \u00e0 vous accompagner tout au long de votre voyage, de l&rsquo;a\u00e9roport \u00e0 l&rsquo;h\u00f4tel ou quelque soi votre destination. Nous offrons une vari\u00e9t\u00e9 de services \u00e0 l&rsquo;heure ou de A \u00e0 B (tels que les transferts d&rsquo;affaires, les mariages, le tourisme, les \u00e9v\u00e9nements, le chauffeur pour sortir la nuit et bien plus encore) avec un maximum de confort et de luxe, r\u00e9pondant \u00e0 vos demandes et besoins. Sur tous vos d\u00e9placements, vous aurez acc\u00e8s \u00e0 tout moment \u00e0 de l&rsquo;eau min\u00e9rale, au WIFI et \u00e0 des chargeurs de t\u00e9l\u00e9phone. Commencez votre voyage d\u00e8s votre arriv\u00e9e!<\/p>\t\t\t\t\t\t\t\t<\/div>\n\t\t\t\t<\/div>\n\t\t\t\t\t<\/div>\n\t\t<\/div>\n\t\t\t\t\t<\/div>\n\t\t<\/section>\n\t\t\t\t<section class=\"elementor-section elementor-top-section elementor-element elementor-element-a4d9349 elementor-section-boxed elementor-section-height-default elementor-section-height-default\" data-id=\"a4d9349\" data-element_type=\"section\" data-e-type=\"section\">\n\t\t\t\t\t\t<div class=\"elementor-container elementor-column-gap-default\">\n\t\t\t\t\t<div class=\"elementor-column elementor-col-50 elementor-top-column elementor-element elementor-element-b9581bb\" data-id=\"b9581bb\" data-element_type=\"column\" data-e-type=\"column\">\n\t\t\t<div class=\"elementor-widget-wrap elementor-element-populated\">\n\t\t\t\t\t\t<div class=\"elementor-element elementor-element-1124771 elementor-widget elementor-widget-text-editor\" data-id=\"1124771\" data-element_type=\"widget\" data-e-type=\"widget\" data-widget_type=\"text-editor.default\">\n\t\t\t\t<div class=\"elementor-widget-container\">\n\t\t\t\t\t\t\t\t\t<p>Nous comprenons que tous les voyages ne se d\u00e9roulent pas comme pr\u00e9vu, nos bureaux surveillent donc en permanence l&rsquo;\u00e9tat de vos vols afin que nous puissions toujours \u00eatre pr\u00e9par\u00e9s. De plus, les conducteurs sont pr\u00eats \u00e0 attendre ou \u00e0 rediriger en cas de d\u00e9routement de vol vers d&rsquo;autres a\u00e9roports. D\u00e8s votre atterrissage, votre chauffeur vous attendra dans le hall des arriv\u00e9es avec votre nom clairement affich\u00e9 et un accueil chaleureux.<\/p><p>Pour les longues connexions a\u00e9roportuaires, pourquoi ne pas visiter un mus\u00e9e ou savourer un repas dans l&rsquo;un de vos restaurants pr\u00e9f\u00e9r\u00e9s ? Nos chauffeurs peuvent venir vous chercher et vous accompagner jusqu&rsquo;\u00e0 l\u2019heure de votre vol. Optimisez votre temps dans le pays lors de votre connexion, afin que vous puissiez profiter des heures entre vols au lieu de rester des heures dans le terminal. Vous pouvez visiter Londres ou l&rsquo;une de nos nombreuses attractions touristiques.<\/p>\t\t\t\t\t\t\t\t<\/div>\n\t\t\t\t<\/div>\n\t\t\t\t\t<\/div>\n\t\t<\/div>\n\t\t\t\t<div class=\"elementor-column elementor-col-50 elementor-top-column elementor-element elementor-element-27e862b\" data-id=\"27e862b\" data-element_type=\"column\" data-e-type=\"column\">\n\t\t\t<div class=\"elementor-widget-wrap elementor-element-populated\">\n\t\t\t\t\t\t<div class=\"elementor-element elementor-element-7940c69 elementor-widget elementor-widget-image\" data-id=\"7940c69\" data-element_type=\"widget\" data-e-type=\"widget\" data-widget_type=\"image.default\">\n\t\t\t\t<div class=\"elementor-widget-container\">\n\t\t\t\t\t\t\t\t\t\t\t\t\t\t\t<img decoding=\"async\" width=\"1170\" height=\"694\" src=\"https:\/\/avexservices.com\/wp-content\/uploads\/2020\/11\/BC-22-1-1170x694.jpg\" class=\"attachment-large size-large wp-image-12460\" alt=\"\" srcset=\"https:\/\/avexservices.com\/wp-content\/uploads\/2020\/11\/BC-22-1-1170x694.jpg 1170w, https:\/\/avexservices.com\/wp-content\/uploads\/2020\/11\/BC-22-1-768x456.jpg 768w\" sizes=\"(max-width: 1170px) 100vw, 1170px\" \/>\t\t\t\t\t\t\t\t\t\t\t\t\t\t\t<\/div>\n\t\t\t\t<\/div>\n\t\t\t\t\t<\/div>\n\t\t<\/div>\n\t\t\t\t\t<\/div>\n\t\t<\/section>\n\t\t\t\t<section class=\"elementor-section elementor-top-section elementor-element elementor-element-985d603 elementor-section-boxed elementor-section-height-default elementor-section-height-default\" data-id=\"985d603\" data-element_type=\"section\" data-e-type=\"section\">\n\t\t\t\t\t\t<div class=\"elementor-container elementor-column-gap-default\">\n\t\t\t\t\t<div class=\"elementor-column elementor-col-50 elementor-top-column elementor-element elementor-element-be8e33c\" data-id=\"be8e33c\" data-element_type=\"column\" data-e-type=\"column\">\n\t\t\t<div class=\"elementor-widget-wrap elementor-element-populated\">\n\t\t\t\t\t\t<div class=\"elementor-element elementor-element-a903f2b elementor-widget elementor-widget-image\" data-id=\"a903f2b\" data-element_type=\"widget\" data-e-type=\"widget\" data-widget_type=\"image.default\">\n\t\t\t\t<div class=\"elementor-widget-container\">\n\t\t\t\t\t\t\t\t\t\t\t\t\t\t\t<img decoding=\"async\" width=\"1170\" height=\"693\" src=\"https:\/\/avexservices.com\/wp-content\/uploads\/2021\/06\/et_ve1j0682-1170x693.jpg\" class=\"attachment-large size-large wp-image-12949\" alt=\"\" srcset=\"https:\/\/avexservices.com\/wp-content\/uploads\/2021\/06\/et_ve1j0682-1170x693.jpg 1170w, https:\/\/avexservices.com\/wp-content\/uploads\/2021\/06\/et_ve1j0682-768x456.jpg 768w, https:\/\/avexservices.com\/wp-content\/uploads\/2021\/06\/et_ve1j0682-16x9.jpg 16w\" sizes=\"(max-width: 1170px) 100vw, 1170px\" \/>\t\t\t\t\t\t\t\t\t\t\t\t\t\t\t<\/div>\n\t\t\t\t<\/div>\n\t\t\t\t<div class=\"elementor-element elementor-element-74521fa elementor-widget elementor-widget-spacer\" data-id=\"74521fa\" data-element_type=\"widget\" data-e-type=\"widget\" data-widget_type=\"spacer.default\">\n\t\t\t\t<div class=\"elementor-widget-container\">\n\t\t\t\t\t\t\t<div class=\"elementor-spacer\">\n\t\t\t<div class=\"elementor-spacer-inner\"><\/div>\n\t\t<\/div>\n\t\t\t\t\t\t<\/div>\n\t\t\t\t<\/div>\n\t\t\t\t<div class=\"elementor-element elementor-element-65333b4 elementor-widget elementor-widget-button\" data-id=\"65333b4\" data-element_type=\"widget\" data-e-type=\"widget\" data-widget_type=\"button.default\">\n\t\t\t\t<div class=\"elementor-widget-container\">\n\t\t\t\t\t\t\t\t\t<div class=\"elementor-button-wrapper\">\n\t\t\t\t\t<a class=\"elementor-button elementor-button-link elementor-size-md\" href=\"\/fr\/contact\">\n\t\t\t\t\t\t<span class=\"elementor-button-content-wrapper\">\n\t\t\t\t\t\t\t\t\t<span class=\"elementor-button-text\">Contact nous<\/span>\n\t\t\t\t\t<\/span>\n\t\t\t\t\t<\/a>\n\t\t\t\t<\/div>\n\t\t\t\t\t\t\t\t<\/div>\n\t\t\t\t<\/div>\n\t\t\t\t\t<\/div>\n\t\t<\/div>\n\t\t\t\t<div class=\"elementor-column elementor-col-50 elementor-top-column elementor-element elementor-element-3937ab2\" data-id=\"3937ab2\" data-element_type=\"column\" data-e-type=\"column\">\n\t\t\t<div class=\"elementor-widget-wrap elementor-element-populated\">\n\t\t\t\t\t\t<div class=\"elementor-element elementor-element-02f3a2b elementor-widget elementor-widget-text-editor\" data-id=\"02f3a2b\" data-element_type=\"widget\" data-e-type=\"widget\" data-widget_type=\"text-editor.default\">\n\t\t\t\t<div class=\"elementor-widget-container\">\n\t\t\t\t\t\t\t\t\t<h2>Transfert \u00e0 Bruxelles &#8211; Transfert \u00e0 Paris<\/h2><h4>(\u00e9galement avec animaux)<\/h4><p>Nous effectuons \u00e9galement des transferts internationaux vers et depuis les pays europ\u00e9ens voisins, tels que la France, la Belgique, la Hollande et l&rsquo;Allemagne. Nous pouvons \u00e9galement faciliter les voyages avec des animaux domestiques. Nous effectuons des transferts depuis et vers tous les principaux a\u00e9roports, gares internationales et ports, tels que:<\/p><ul><li>LHR &#8211; Heathrow#<\/li><li>LGW &#8211; Gatwick<\/li><li>LCY &#8211; London City Airport<\/li><li>LTN &#8211; Luton<\/li><li>STN &#8211; Stansted<\/li><li>SEN &#8211; Southend<\/li><li>Eurostar &#8211; St Pancras International<\/li><li>Port de Southampton<\/li><li>Port de Douvres<\/li><\/ul>\t\t\t\t\t\t\t\t<\/div>\n\t\t\t\t<\/div>\n\t\t\t\t\t<\/div>\n\t\t<\/div>\n\t\t\t\t\t<\/div>\n\t\t<\/section>\n\t\t\t\t<\/div>\n\t\t","protected":false},"excerpt":{"rendered":"<p>Ce qui est important pour vous, c&rsquo;est la qualit\u00e9? Le temps? Ou peut-\u00eatre le confort? Un long h\u00e9ritage de services fiables qui vous offrent les meilleures comp\u00e9tences lorsque vous voyagez dans Londres dans des voitures de luxe avec des chauffeurs exp\u00e9riment\u00e9s et sympathiques qui vous offriront une visite unique dans la ville des r\u00eaves? En<\/p>\n","protected":false},"author":2,"featured_media":0,"parent":0,"menu_order":0,"comment_status":"closed","ping_status":"closed","template":"","meta":{"footnotes":""},"class_list":["post-13390","page","type-page","status-publish","hentry"],"yoast_head":"<!-- This site is optimized with the Yoast SEO plugin v27.3 - https:\/\/yoast.com\/product\/yoast-seo-wordpress\/ -->\n<title>Services Chauffeurs - AVEX Services<\/title>\n<meta name=\"robots\" content=\"index, follow, max-snippet:-1, max-image-preview:large, max-video-preview:-1\" \/>\n<link rel=\"canonical\" href=\"https:\/\/avexservices.com\/fr\/services-chauffeur\/\" \/>\n<meta property=\"og:locale\" content=\"fr_FR\" \/>\n<meta property=\"og:type\" content=\"article\" \/>\n<meta property=\"og:title\" content=\"Services Chauffeurs - AVEX Services\" \/>\n<meta property=\"og:description\" content=\"Ce qui est important pour vous, c&rsquo;est la qualit\u00e9? Le temps? Ou peut-\u00eatre le confort? Un long h\u00e9ritage de services fiables qui vous offrent les meilleures comp\u00e9tences lorsque vous voyagez dans Londres dans des voitures de luxe avec des chauffeurs exp\u00e9riment\u00e9s et sympathiques qui vous offriront une visite unique dans la ville des r\u00eaves? En\" \/>\n<meta property=\"og:url\" content=\"https:\/\/avexservices.com\/fr\/services-chauffeur\/\" \/>\n<meta property=\"og:site_name\" content=\"AVEX Services\" \/>\n<meta property=\"article:publisher\" content=\"https:\/\/www.facebook.com\/avexservicesUK\" \/>\n<meta property=\"article:modified_time\" content=\"2021-07-03T14:06:16+00:00\" \/>\n<meta property=\"og:image\" content=\"https:\/\/avexservices.com\/wp-content\/uploads\/2020\/11\/B52A8981-1170x694.jpg\" \/>\n<meta name=\"twitter:card\" content=\"summary_large_image\" \/>\n<meta name=\"twitter:label1\" content=\"Dur\u00e9e de lecture estim\u00e9e\" \/>\n\t<meta name=\"twitter:data1\" content=\"3 minutes\" \/>\n<script type=\"application\/ld+json\" class=\"yoast-schema-graph\">{\"@context\":\"https:\\\/\\\/schema.org\",\"@graph\":[{\"@type\":\"WebPage\",\"@id\":\"https:\\\/\\\/avexservices.com\\\/fr\\\/services-chauffeur\\\/\",\"url\":\"https:\\\/\\\/avexservices.com\\\/fr\\\/services-chauffeur\\\/\",\"name\":\"Services Chauffeurs - AVEX Services\",\"isPartOf\":{\"@id\":\"https:\\\/\\\/avexservices.com\\\/fr\\\/#website\"},\"primaryImageOfPage\":{\"@id\":\"https:\\\/\\\/avexservices.com\\\/fr\\\/services-chauffeur\\\/#primaryimage\"},\"image\":{\"@id\":\"https:\\\/\\\/avexservices.com\\\/fr\\\/services-chauffeur\\\/#primaryimage\"},\"thumbnailUrl\":\"https:\\\/\\\/avexservices.com\\\/wp-content\\\/uploads\\\/2020\\\/11\\\/B52A8981-1170x694.jpg\",\"datePublished\":\"2017-06-08T07:09:05+00:00\",\"dateModified\":\"2021-07-03T14:06:16+00:00\",\"breadcrumb\":{\"@id\":\"https:\\\/\\\/avexservices.com\\\/fr\\\/services-chauffeur\\\/#breadcrumb\"},\"inLanguage\":\"fr-FR\",\"potentialAction\":[{\"@type\":\"ReadAction\",\"target\":[\"https:\\\/\\\/avexservices.com\\\/fr\\\/services-chauffeur\\\/\"]}]},{\"@type\":\"ImageObject\",\"inLanguage\":\"fr-FR\",\"@id\":\"https:\\\/\\\/avexservices.com\\\/fr\\\/services-chauffeur\\\/#primaryimage\",\"url\":\"https:\\\/\\\/avexservices.com\\\/wp-content\\\/uploads\\\/2020\\\/11\\\/B52A8981-1170x694.jpg\",\"contentUrl\":\"https:\\\/\\\/avexservices.com\\\/wp-content\\\/uploads\\\/2020\\\/11\\\/B52A8981-1170x694.jpg\"},{\"@type\":\"BreadcrumbList\",\"@id\":\"https:\\\/\\\/avexservices.com\\\/fr\\\/services-chauffeur\\\/#breadcrumb\",\"itemListElement\":[{\"@type\":\"ListItem\",\"position\":1,\"name\":\"Home\",\"item\":\"https:\\\/\\\/avexservices.com\\\/fr\\\/\"},{\"@type\":\"ListItem\",\"position\":2,\"name\":\"Services Chauffeurs\"}]},{\"@type\":\"WebSite\",\"@id\":\"https:\\\/\\\/avexservices.com\\\/fr\\\/#website\",\"url\":\"https:\\\/\\\/avexservices.com\\\/fr\\\/\",\"name\":\"AVEX Services\",\"description\":\"Chauffeurs | City Tours | Logistics | Luggage\",\"publisher\":{\"@id\":\"https:\\\/\\\/avexservices.com\\\/fr\\\/#organization\"},\"potentialAction\":[{\"@type\":\"SearchAction\",\"target\":{\"@type\":\"EntryPoint\",\"urlTemplate\":\"https:\\\/\\\/avexservices.com\\\/fr\\\/?s={search_term_string}\"},\"query-input\":{\"@type\":\"PropertyValueSpecification\",\"valueRequired\":true,\"valueName\":\"search_term_string\"}}],\"inLanguage\":\"fr-FR\"},{\"@type\":\"Organization\",\"@id\":\"https:\\\/\\\/avexservices.com\\\/fr\\\/#organization\",\"name\":\"Avex Services\",\"url\":\"https:\\\/\\\/avexservices.com\\\/fr\\\/\",\"logo\":{\"@type\":\"ImageObject\",\"inLanguage\":\"fr-FR\",\"@id\":\"https:\\\/\\\/avexservices.com\\\/fr\\\/#\\\/schema\\\/logo\\\/image\\\/\",\"url\":\"https:\\\/\\\/avexservices.com\\\/wp-content\\\/uploads\\\/2020\\\/11\\\/avex_logo.png\",\"contentUrl\":\"https:\\\/\\\/avexservices.com\\\/wp-content\\\/uploads\\\/2020\\\/11\\\/avex_logo.png\",\"width\":387,\"height\":173,\"caption\":\"Avex Services\"},\"image\":{\"@id\":\"https:\\\/\\\/avexservices.com\\\/fr\\\/#\\\/schema\\\/logo\\\/image\\\/\"},\"sameAs\":[\"https:\\\/\\\/www.facebook.com\\\/avexservicesUK\",\"https:\\\/\\\/www.instagram.com\\\/avexservices\"]}]}<\/script>\n<!-- \/ Yoast SEO plugin. -->","yoast_head_json":{"title":"Services Chauffeurs - AVEX Services","robots":{"index":"index","follow":"follow","max-snippet":"max-snippet:-1","max-image-preview":"max-image-preview:large","max-video-preview":"max-video-preview:-1"},"canonical":"https:\/\/avexservices.com\/fr\/services-chauffeur\/","og_locale":"fr_FR","og_type":"article","og_title":"Services Chauffeurs - AVEX Services","og_description":"Ce qui est important pour vous, c&rsquo;est la qualit\u00e9? Le temps? Ou peut-\u00eatre le confort? Un long h\u00e9ritage de services fiables qui vous offrent les meilleures comp\u00e9tences lorsque vous voyagez dans Londres dans des voitures de luxe avec des chauffeurs exp\u00e9riment\u00e9s et sympathiques qui vous offriront une visite unique dans la ville des r\u00eaves? En","og_url":"https:\/\/avexservices.com\/fr\/services-chauffeur\/","og_site_name":"AVEX Services","article_publisher":"https:\/\/www.facebook.com\/avexservicesUK","article_modified_time":"2021-07-03T14:06:16+00:00","og_image":[{"url":"https:\/\/avexservices.com\/wp-content\/uploads\/2020\/11\/B52A8981-1170x694.jpg","type":"","width":"","height":""}],"twitter_card":"summary_large_image","twitter_misc":{"Dur\u00e9e de lecture estim\u00e9e":"3 minutes"},"schema":{"@context":"https:\/\/schema.org","@graph":[{"@type":"WebPage","@id":"https:\/\/avexservices.com\/fr\/services-chauffeur\/","url":"https:\/\/avexservices.com\/fr\/services-chauffeur\/","name":"Services Chauffeurs - AVEX Services","isPartOf":{"@id":"https:\/\/avexservices.com\/fr\/#website"},"primaryImageOfPage":{"@id":"https:\/\/avexservices.com\/fr\/services-chauffeur\/#primaryimage"},"image":{"@id":"https:\/\/avexservices.com\/fr\/services-chauffeur\/#primaryimage"},"thumbnailUrl":"https:\/\/avexservices.com\/wp-content\/uploads\/2020\/11\/B52A8981-1170x694.jpg","datePublished":"2017-06-08T07:09:05+00:00","dateModified":"2021-07-03T14:06:16+00:00","breadcrumb":{"@id":"https:\/\/avexservices.com\/fr\/services-chauffeur\/#breadcrumb"},"inLanguage":"fr-FR","potentialAction":[{"@type":"ReadAction","target":["https:\/\/avexservices.com\/fr\/services-chauffeur\/"]}]},{"@type":"ImageObject","inLanguage":"fr-FR","@id":"https:\/\/avexservices.com\/fr\/services-chauffeur\/#primaryimage","url":"https:\/\/avexservices.com\/wp-content\/uploads\/2020\/11\/B52A8981-1170x694.jpg","contentUrl":"https:\/\/avexservices.com\/wp-content\/uploads\/2020\/11\/B52A8981-1170x694.jpg"},{"@type":"BreadcrumbList","@id":"https:\/\/avexservices.com\/fr\/services-chauffeur\/#breadcrumb","itemListElement":[{"@type":"ListItem","position":1,"name":"Home","item":"https:\/\/avexservices.com\/fr\/"},{"@type":"ListItem","position":2,"name":"Services Chauffeurs"}]},{"@type":"WebSite","@id":"https:\/\/avexservices.com\/fr\/#website","url":"https:\/\/avexservices.com\/fr\/","name":"AVEX Services","description":"Chauffeurs | City Tours | Logistics | Luggage","publisher":{"@id":"https:\/\/avexservices.com\/fr\/#organization"},"potentialAction":[{"@type":"SearchAction","target":{"@type":"EntryPoint","urlTemplate":"https:\/\/avexservices.com\/fr\/?s={search_term_string}"},"query-input":{"@type":"PropertyValueSpecification","valueRequired":true,"valueName":"search_term_string"}}],"inLanguage":"fr-FR"},{"@type":"Organization","@id":"https:\/\/avexservices.com\/fr\/#organization","name":"Avex Services","url":"https:\/\/avexservices.com\/fr\/","logo":{"@type":"ImageObject","inLanguage":"fr-FR","@id":"https:\/\/avexservices.com\/fr\/#\/schema\/logo\/image\/","url":"https:\/\/avexservices.com\/wp-content\/uploads\/2020\/11\/avex_logo.png","contentUrl":"https:\/\/avexservices.com\/wp-content\/uploads\/2020\/11\/avex_logo.png","width":387,"height":173,"caption":"Avex Services"},"image":{"@id":"https:\/\/avexservices.com\/fr\/#\/schema\/logo\/image\/"},"sameAs":["https:\/\/www.facebook.com\/avexservicesUK","https:\/\/www.instagram.com\/avexservices"]}]}},"_links":{"self":[{"href":"https:\/\/avexservices.com\/fr\/wp-json\/wp\/v2\/pages\/13390","targetHints":{"allow":["GET"]}}],"collection":[{"href":"https:\/\/avexservices.com\/fr\/wp-json\/wp\/v2\/pages"}],"about":[{"href":"https:\/\/avexservices.com\/fr\/wp-json\/wp\/v2\/types\/page"}],"author":[{"embeddable":true,"href":"https:\/\/avexservices.com\/fr\/wp-json\/wp\/v2\/users\/2"}],"replies":[{"embeddable":true,"href":"https:\/\/avexservices.com\/fr\/wp-json\/wp\/v2\/comments?post=13390"}],"version-history":[{"count":14,"href":"https:\/\/avexservices.com\/fr\/wp-json\/wp\/v2\/pages\/13390\/revisions"}],"predecessor-version":[{"id":13630,"href":"https:\/\/avexservices.com\/fr\/wp-json\/wp\/v2\/pages\/13390\/revisions\/13630"}],"wp:attachment":[{"href":"https:\/\/avexservices.com\/fr\/wp-json\/wp\/v2\/media?parent=13390"}],"curies":[{"name":"wp","href":"https:\/\/api.w.org\/{rel}","templated":true}]}}