{"id":13541,"date":"2017-06-08T10:58:53","date_gmt":"2017-06-08T10:58:53","guid":{"rendered":"https:\/\/avexservices.com\/solutions-logistiques\/"},"modified":"2021-07-03T11:15:39","modified_gmt":"2021-07-03T11:15:39","slug":"solutions-logistiques","status":"publish","type":"page","link":"https:\/\/avexservices.com\/fr\/solutions-logistiques\/","title":{"rendered":"Solutions logistiques"},"content":{"rendered":"\t\t<div data-elementor-type=\"wp-page\" data-elementor-id=\"13541\" class=\"elementor elementor-13541 elementor-108\">\n\t\t\t\t\t\t<section class=\"elementor-section elementor-top-section elementor-element elementor-element-1ed4930 elementor-section-boxed elementor-section-height-default elementor-section-height-default\" data-id=\"1ed4930\" data-element_type=\"section\" data-e-type=\"section\">\n\t\t\t\t\t\t<div class=\"elementor-container elementor-column-gap-default\">\n\t\t\t\t\t<div class=\"elementor-column elementor-col-50 elementor-top-column elementor-element elementor-element-cccc2d5\" data-id=\"cccc2d5\" data-element_type=\"column\" data-e-type=\"column\">\n\t\t\t<div class=\"elementor-widget-wrap elementor-element-populated\">\n\t\t\t\t\t\t<div class=\"elementor-element elementor-element-70f6950 elementor-widget elementor-widget-image\" data-id=\"70f6950\" data-element_type=\"widget\" data-e-type=\"widget\" data-widget_type=\"image.default\">\n\t\t\t\t<div class=\"elementor-widget-container\">\n\t\t\t\t\t\t\t\t\t\t\t\t\t\t\t<img fetchpriority=\"high\" decoding=\"async\" width=\"1024\" height=\"694\" src=\"https:\/\/avexservices.com\/wp-content\/uploads\/2020\/11\/mercedes-benz_vito_compact_diesel_34032-1024x694.jpg\" class=\"attachment-large size-large wp-image-12660\" alt=\"\" \/>\t\t\t\t\t\t\t\t\t\t\t\t\t\t\t<\/div>\n\t\t\t\t<\/div>\n\t\t\t\t\t<\/div>\n\t\t<\/div>\n\t\t\t\t<div class=\"elementor-column elementor-col-50 elementor-top-column elementor-element elementor-element-39e46f1\" data-id=\"39e46f1\" data-element_type=\"column\" data-e-type=\"column\">\n\t\t\t<div class=\"elementor-widget-wrap elementor-element-populated\">\n\t\t\t\t\t\t<div class=\"elementor-element elementor-element-91bcee6 elementor-widget elementor-widget-text-editor\" data-id=\"91bcee6\" data-element_type=\"widget\" data-e-type=\"widget\" data-widget_type=\"text-editor.default\">\n\t\t\t\t<div class=\"elementor-widget-container\">\n\t\t\t\t\t\t\t\t\t<h2>Logistiques<\/h2>\n<p class=\"p1\">Que vous ayez besoin d&rsquo;un homme et d&rsquo;une camionnette, d&rsquo;un voyage unique de A \u00e0 B ou de contrats multipoints \u00e0 long terme, nous pouvons vous aider.<\/p>\n<p class=\"p1\">Tarifs comme suit:<\/p>\n<ul>\n<li> Petite fourgonnette SV (1 palette) 1,20 \u00a3 par mile <\/li>\n<li> Fourgon TV Transit (2 palettes) 1,50 \u00a3 par mile <\/li>\n<li> Empattement long LWB (3 palettes) 1,95 \u00a3 par mile <\/li>\n<\/ul>\n\t\t\t\t\t\t\t\t<\/div>\n\t\t\t\t<\/div>\n\t\t\t\t<div class=\"elementor-element elementor-element-c393148 elementor-widget elementor-widget-text-editor\" data-id=\"c393148\" data-element_type=\"widget\" data-e-type=\"widget\" data-widget_type=\"text-editor.default\">\n\t\t\t\t<div class=\"elementor-widget-container\">\n\t\t\t\t\t\t\t\t\t<p class=\"p1\">Pour toute demande AOG, veuillez appeler notre ligne directe 24h\/24 et 7j\/7 au +44 7886 100669<\/p>\n<p class=\"p1\">Envoyez-nous un mail sur <a href=\"mailto:info@avexservices.com\"><span class=\"s1\">info@avexservices.com<\/span><\/a> ou appelez nous au +44 208 935 5192 pour tout devis<\/p>\n\t\t\t\t\t\t\t\t<\/div>\n\t\t\t\t<\/div>\n\t\t\t\t\t<\/div>\n\t\t<\/div>\n\t\t\t\t\t<\/div>\n\t\t<\/section>\n\t\t\t\t<section class=\"elementor-section elementor-top-section elementor-element elementor-element-1f215b9 elementor-section-boxed elementor-section-height-default elementor-section-height-default\" data-id=\"1f215b9\" data-element_type=\"section\" data-e-type=\"section\">\n\t\t\t\t\t\t<div class=\"elementor-container elementor-column-gap-default\">\n\t\t\t\t\t<div class=\"elementor-column elementor-col-50 elementor-top-column elementor-element elementor-element-c7c4157\" data-id=\"c7c4157\" data-element_type=\"column\" data-e-type=\"column\">\n\t\t\t<div class=\"elementor-widget-wrap elementor-element-populated\">\n\t\t\t\t\t\t<div class=\"elementor-element elementor-element-39eb1a3 elementor-widget elementor-widget-text-editor\" data-id=\"39eb1a3\" data-element_type=\"widget\" data-e-type=\"widget\" data-widget_type=\"text-editor.default\">\n\t\t\t\t<div class=\"elementor-widget-container\">\n\t\t\t\t\t\t\t\t\t<h2 class=\"p1\">Rapatriement des bagages (B2B)<\/h2>\n<p class=\"p2\">Avec plus de vingt ans d&rsquo;exp\u00e9rience dans les op\u00e9rations c\u00f4t\u00e9 piste et c\u00f4t\u00e9 ville. Notre centre de distribution est situ\u00e9 \u00e0 West Drayton, pr\u00e8s des terminaux du centre d&rsquo;Heathrow.<\/p>\n<p class=\"p3\"><b>Rapatriement des bagages<\/b><\/p>\n<ul>\n<li class=\"p2\"><b>SPX &#8211;<\/b> V\u00e9hicule Sp\u00e9cial D\u00e9di\u00e9 des Terminaux<\/li>\n<li class=\"p2\"><b>SDD &#8211;<\/b> Livraison group\u00e9e le jour m\u00eame jusqu&rsquo;\u00e0 80 miles ou moins d&rsquo;Heathrow<\/li>\n<li class=\"p2\"><b>NDD &#8211;<\/b> Overnight Next Day est une livraison rentable pour les trajets longue distance<\/li>\n<\/ul>\n<p class=\"p3\"><b>R\u00e9paration et remplacement de bagages<\/b><\/p>\n<p class=\"p2\"><b>DPR &#8211;<\/b> Fournir une gamme compl\u00e8te de valises de remplacement et de poussettes.<br \/>\nRemplacements de terminaux sur site. Large gamme de marques fournies.<\/p>\n\t\t\t\t\t\t\t\t<\/div>\n\t\t\t\t<\/div>\n\t\t\t\t\t<\/div>\n\t\t<\/div>\n\t\t\t\t<div class=\"elementor-column elementor-col-50 elementor-top-column elementor-element elementor-element-3c6d4d3\" data-id=\"3c6d4d3\" data-element_type=\"column\" data-e-type=\"column\">\n\t\t\t<div class=\"elementor-widget-wrap elementor-element-populated\">\n\t\t\t\t\t\t<div class=\"elementor-element elementor-element-3892918 elementor-widget elementor-widget-image\" data-id=\"3892918\" data-element_type=\"widget\" data-e-type=\"widget\" data-widget_type=\"image.default\">\n\t\t\t\t<div class=\"elementor-widget-container\">\n\t\t\t\t\t\t\t\t\t\t\t\t\t\t\t<img decoding=\"async\" width=\"300\" height=\"300\" src=\"https:\/\/avexservices.com\/wp-content\/uploads\/2017\/06\/luggage-red-300x300.jpg\" class=\"attachment-medium size-medium wp-image-87\" alt=\"\" srcset=\"https:\/\/avexservices.com\/wp-content\/uploads\/2017\/06\/luggage-red-300x300.jpg 300w, https:\/\/avexservices.com\/wp-content\/uploads\/2017\/06\/luggage-red-150x150.jpg 150w, https:\/\/avexservices.com\/wp-content\/uploads\/2017\/06\/luggage-red-768x768.jpg 768w, https:\/\/avexservices.com\/wp-content\/uploads\/2017\/06\/luggage-red.jpg 1000w\" sizes=\"(max-width: 300px) 100vw, 300px\" \/>\t\t\t\t\t\t\t\t\t\t\t\t\t\t\t<\/div>\n\t\t\t\t<\/div>\n\t\t\t\t\t<\/div>\n\t\t<\/div>\n\t\t\t\t\t<\/div>\n\t\t<\/section>\n\t\t\t\t<\/div>\n\t\t","protected":false},"excerpt":{"rendered":"<p>Logistiques Que vous ayez besoin d&rsquo;un homme et d&rsquo;une camionnette, d&rsquo;un voyage unique de A \u00e0 B ou de contrats multipoints \u00e0 long terme, nous pouvons vous aider. Tarifs comme suit: Petite fourgonnette SV (1 palette) 1,20 \u00a3 par mile Fourgon TV Transit (2 palettes) 1,50 \u00a3 par mile Empattement long LWB (3 palettes) 1,95<\/p>\n","protected":false},"author":1,"featured_media":0,"parent":0,"menu_order":0,"comment_status":"closed","ping_status":"closed","template":"","meta":{"footnotes":""},"class_list":["post-13541","page","type-page","status-publish","hentry"],"yoast_head":"<!-- This site is optimized with the Yoast SEO plugin v27.3 - https:\/\/yoast.com\/product\/yoast-seo-wordpress\/ -->\n<title>Solutions logistiques - AVEX Services<\/title>\n<meta name=\"robots\" content=\"index, follow, max-snippet:-1, max-image-preview:large, max-video-preview:-1\" \/>\n<link rel=\"canonical\" href=\"https:\/\/avexservices.com\/fr\/solutions-logistiques\/\" \/>\n<meta property=\"og:locale\" content=\"fr_FR\" \/>\n<meta property=\"og:type\" content=\"article\" \/>\n<meta property=\"og:title\" content=\"Solutions logistiques - AVEX Services\" \/>\n<meta property=\"og:description\" content=\"Logistiques Que vous ayez besoin d&rsquo;un homme et d&rsquo;une camionnette, d&rsquo;un voyage unique de A \u00e0 B ou de contrats multipoints \u00e0 long terme, nous pouvons vous aider. Tarifs comme suit: Petite fourgonnette SV (1 palette) 1,20 \u00a3 par mile Fourgon TV Transit (2 palettes) 1,50 \u00a3 par mile Empattement long LWB (3 palettes) 1,95\" \/>\n<meta property=\"og:url\" content=\"https:\/\/avexservices.com\/fr\/solutions-logistiques\/\" \/>\n<meta property=\"og:site_name\" content=\"AVEX Services\" \/>\n<meta property=\"article:publisher\" content=\"https:\/\/www.facebook.com\/avexservicesUK\" \/>\n<meta property=\"article:modified_time\" content=\"2021-07-03T11:15:39+00:00\" \/>\n<meta property=\"og:image\" content=\"https:\/\/avexservices.com\/wp-content\/uploads\/2020\/11\/mercedes-benz_vito_compact_diesel_34032-1024x694.jpg\" \/>\n<meta name=\"twitter:card\" content=\"summary_large_image\" \/>\n<meta name=\"twitter:label1\" content=\"Dur\u00e9e de lecture estim\u00e9e\" \/>\n\t<meta name=\"twitter:data1\" content=\"1 minute\" \/>\n<script type=\"application\/ld+json\" class=\"yoast-schema-graph\">{\"@context\":\"https:\\\/\\\/schema.org\",\"@graph\":[{\"@type\":\"WebPage\",\"@id\":\"https:\\\/\\\/avexservices.com\\\/fr\\\/solutions-logistiques\\\/\",\"url\":\"https:\\\/\\\/avexservices.com\\\/fr\\\/solutions-logistiques\\\/\",\"name\":\"Solutions logistiques - AVEX Services\",\"isPartOf\":{\"@id\":\"https:\\\/\\\/avexservices.com\\\/fr\\\/#website\"},\"primaryImageOfPage\":{\"@id\":\"https:\\\/\\\/avexservices.com\\\/fr\\\/solutions-logistiques\\\/#primaryimage\"},\"image\":{\"@id\":\"https:\\\/\\\/avexservices.com\\\/fr\\\/solutions-logistiques\\\/#primaryimage\"},\"thumbnailUrl\":\"https:\\\/\\\/avexservices.com\\\/wp-content\\\/uploads\\\/2020\\\/11\\\/mercedes-benz_vito_compact_diesel_34032-1024x694.jpg\",\"datePublished\":\"2017-06-08T10:58:53+00:00\",\"dateModified\":\"2021-07-03T11:15:39+00:00\",\"breadcrumb\":{\"@id\":\"https:\\\/\\\/avexservices.com\\\/fr\\\/solutions-logistiques\\\/#breadcrumb\"},\"inLanguage\":\"fr-FR\",\"potentialAction\":[{\"@type\":\"ReadAction\",\"target\":[\"https:\\\/\\\/avexservices.com\\\/fr\\\/solutions-logistiques\\\/\"]}]},{\"@type\":\"ImageObject\",\"inLanguage\":\"fr-FR\",\"@id\":\"https:\\\/\\\/avexservices.com\\\/fr\\\/solutions-logistiques\\\/#primaryimage\",\"url\":\"https:\\\/\\\/avexservices.com\\\/wp-content\\\/uploads\\\/2020\\\/11\\\/mercedes-benz_vito_compact_diesel_34032-1024x694.jpg\",\"contentUrl\":\"https:\\\/\\\/avexservices.com\\\/wp-content\\\/uploads\\\/2020\\\/11\\\/mercedes-benz_vito_compact_diesel_34032-1024x694.jpg\"},{\"@type\":\"BreadcrumbList\",\"@id\":\"https:\\\/\\\/avexservices.com\\\/fr\\\/solutions-logistiques\\\/#breadcrumb\",\"itemListElement\":[{\"@type\":\"ListItem\",\"position\":1,\"name\":\"Home\",\"item\":\"https:\\\/\\\/avexservices.com\\\/fr\\\/\"},{\"@type\":\"ListItem\",\"position\":2,\"name\":\"Solutions logistiques\"}]},{\"@type\":\"WebSite\",\"@id\":\"https:\\\/\\\/avexservices.com\\\/fr\\\/#website\",\"url\":\"https:\\\/\\\/avexservices.com\\\/fr\\\/\",\"name\":\"AVEX Services\",\"description\":\"Chauffeurs | City Tours | Logistics | Luggage\",\"publisher\":{\"@id\":\"https:\\\/\\\/avexservices.com\\\/fr\\\/#organization\"},\"potentialAction\":[{\"@type\":\"SearchAction\",\"target\":{\"@type\":\"EntryPoint\",\"urlTemplate\":\"https:\\\/\\\/avexservices.com\\\/fr\\\/?s={search_term_string}\"},\"query-input\":{\"@type\":\"PropertyValueSpecification\",\"valueRequired\":true,\"valueName\":\"search_term_string\"}}],\"inLanguage\":\"fr-FR\"},{\"@type\":\"Organization\",\"@id\":\"https:\\\/\\\/avexservices.com\\\/fr\\\/#organization\",\"name\":\"Avex Services\",\"url\":\"https:\\\/\\\/avexservices.com\\\/fr\\\/\",\"logo\":{\"@type\":\"ImageObject\",\"inLanguage\":\"fr-FR\",\"@id\":\"https:\\\/\\\/avexservices.com\\\/fr\\\/#\\\/schema\\\/logo\\\/image\\\/\",\"url\":\"https:\\\/\\\/avexservices.com\\\/wp-content\\\/uploads\\\/2020\\\/11\\\/avex_logo.png\",\"contentUrl\":\"https:\\\/\\\/avexservices.com\\\/wp-content\\\/uploads\\\/2020\\\/11\\\/avex_logo.png\",\"width\":387,\"height\":173,\"caption\":\"Avex Services\"},\"image\":{\"@id\":\"https:\\\/\\\/avexservices.com\\\/fr\\\/#\\\/schema\\\/logo\\\/image\\\/\"},\"sameAs\":[\"https:\\\/\\\/www.facebook.com\\\/avexservicesUK\",\"https:\\\/\\\/www.instagram.com\\\/avexservices\"]}]}<\/script>\n<!-- \/ Yoast SEO plugin. -->","yoast_head_json":{"title":"Solutions logistiques - AVEX Services","robots":{"index":"index","follow":"follow","max-snippet":"max-snippet:-1","max-image-preview":"max-image-preview:large","max-video-preview":"max-video-preview:-1"},"canonical":"https:\/\/avexservices.com\/fr\/solutions-logistiques\/","og_locale":"fr_FR","og_type":"article","og_title":"Solutions logistiques - AVEX Services","og_description":"Logistiques Que vous ayez besoin d&rsquo;un homme et d&rsquo;une camionnette, d&rsquo;un voyage unique de A \u00e0 B ou de contrats multipoints \u00e0 long terme, nous pouvons vous aider. Tarifs comme suit: Petite fourgonnette SV (1 palette) 1,20 \u00a3 par mile Fourgon TV Transit (2 palettes) 1,50 \u00a3 par mile Empattement long LWB (3 palettes) 1,95","og_url":"https:\/\/avexservices.com\/fr\/solutions-logistiques\/","og_site_name":"AVEX Services","article_publisher":"https:\/\/www.facebook.com\/avexservicesUK","article_modified_time":"2021-07-03T11:15:39+00:00","og_image":[{"url":"https:\/\/avexservices.com\/wp-content\/uploads\/2020\/11\/mercedes-benz_vito_compact_diesel_34032-1024x694.jpg","type":"","width":"","height":""}],"twitter_card":"summary_large_image","twitter_misc":{"Dur\u00e9e de lecture estim\u00e9e":"1 minute"},"schema":{"@context":"https:\/\/schema.org","@graph":[{"@type":"WebPage","@id":"https:\/\/avexservices.com\/fr\/solutions-logistiques\/","url":"https:\/\/avexservices.com\/fr\/solutions-logistiques\/","name":"Solutions logistiques - AVEX Services","isPartOf":{"@id":"https:\/\/avexservices.com\/fr\/#website"},"primaryImageOfPage":{"@id":"https:\/\/avexservices.com\/fr\/solutions-logistiques\/#primaryimage"},"image":{"@id":"https:\/\/avexservices.com\/fr\/solutions-logistiques\/#primaryimage"},"thumbnailUrl":"https:\/\/avexservices.com\/wp-content\/uploads\/2020\/11\/mercedes-benz_vito_compact_diesel_34032-1024x694.jpg","datePublished":"2017-06-08T10:58:53+00:00","dateModified":"2021-07-03T11:15:39+00:00","breadcrumb":{"@id":"https:\/\/avexservices.com\/fr\/solutions-logistiques\/#breadcrumb"},"inLanguage":"fr-FR","potentialAction":[{"@type":"ReadAction","target":["https:\/\/avexservices.com\/fr\/solutions-logistiques\/"]}]},{"@type":"ImageObject","inLanguage":"fr-FR","@id":"https:\/\/avexservices.com\/fr\/solutions-logistiques\/#primaryimage","url":"https:\/\/avexservices.com\/wp-content\/uploads\/2020\/11\/mercedes-benz_vito_compact_diesel_34032-1024x694.jpg","contentUrl":"https:\/\/avexservices.com\/wp-content\/uploads\/2020\/11\/mercedes-benz_vito_compact_diesel_34032-1024x694.jpg"},{"@type":"BreadcrumbList","@id":"https:\/\/avexservices.com\/fr\/solutions-logistiques\/#breadcrumb","itemListElement":[{"@type":"ListItem","position":1,"name":"Home","item":"https:\/\/avexservices.com\/fr\/"},{"@type":"ListItem","position":2,"name":"Solutions logistiques"}]},{"@type":"WebSite","@id":"https:\/\/avexservices.com\/fr\/#website","url":"https:\/\/avexservices.com\/fr\/","name":"AVEX Services","description":"Chauffeurs | City Tours | Logistics | Luggage","publisher":{"@id":"https:\/\/avexservices.com\/fr\/#organization"},"potentialAction":[{"@type":"SearchAction","target":{"@type":"EntryPoint","urlTemplate":"https:\/\/avexservices.com\/fr\/?s={search_term_string}"},"query-input":{"@type":"PropertyValueSpecification","valueRequired":true,"valueName":"search_term_string"}}],"inLanguage":"fr-FR"},{"@type":"Organization","@id":"https:\/\/avexservices.com\/fr\/#organization","name":"Avex Services","url":"https:\/\/avexservices.com\/fr\/","logo":{"@type":"ImageObject","inLanguage":"fr-FR","@id":"https:\/\/avexservices.com\/fr\/#\/schema\/logo\/image\/","url":"https:\/\/avexservices.com\/wp-content\/uploads\/2020\/11\/avex_logo.png","contentUrl":"https:\/\/avexservices.com\/wp-content\/uploads\/2020\/11\/avex_logo.png","width":387,"height":173,"caption":"Avex Services"},"image":{"@id":"https:\/\/avexservices.com\/fr\/#\/schema\/logo\/image\/"},"sameAs":["https:\/\/www.facebook.com\/avexservicesUK","https:\/\/www.instagram.com\/avexservices"]}]}},"_links":{"self":[{"href":"https:\/\/avexservices.com\/fr\/wp-json\/wp\/v2\/pages\/13541","targetHints":{"allow":["GET"]}}],"collection":[{"href":"https:\/\/avexservices.com\/fr\/wp-json\/wp\/v2\/pages"}],"about":[{"href":"https:\/\/avexservices.com\/fr\/wp-json\/wp\/v2\/types\/page"}],"author":[{"embeddable":true,"href":"https:\/\/avexservices.com\/fr\/wp-json\/wp\/v2\/users\/1"}],"replies":[{"embeddable":true,"href":"https:\/\/avexservices.com\/fr\/wp-json\/wp\/v2\/comments?post=13541"}],"version-history":[{"count":1,"href":"https:\/\/avexservices.com\/fr\/wp-json\/wp\/v2\/pages\/13541\/revisions"}],"predecessor-version":[{"id":13542,"href":"https:\/\/avexservices.com\/fr\/wp-json\/wp\/v2\/pages\/13541\/revisions\/13542"}],"wp:attachment":[{"href":"https:\/\/avexservices.com\/fr\/wp-json\/wp\/v2\/media?parent=13541"}],"curies":[{"name":"wp","href":"https:\/\/api.w.org\/{rel}","templated":true}]}}