{"id":13304,"date":"2019-04-24T06:33:58","date_gmt":"2019-04-24T06:33:58","guid":{"rendered":"https:\/\/avexservices.com\/chi-siamo\/"},"modified":"2021-06-12T14:25:02","modified_gmt":"2021-06-12T14:25:02","slug":"chi-siamo","status":"publish","type":"page","link":"https:\/\/avexservices.com\/it\/chi-siamo\/","title":{"rendered":"Chi Siamo"},"content":{"rendered":"\t\t<div data-elementor-type=\"wp-post\" data-elementor-id=\"13304\" class=\"elementor elementor-13304 elementor-5156\">\n\t\t\t\t\t\t<section class=\"elementor-section elementor-top-section elementor-element elementor-element-8c181ab elementor-section-content-middle elementor-section-boxed elementor-section-height-default elementor-section-height-default\" data-id=\"8c181ab\" data-element_type=\"section\" data-e-type=\"section\">\n\t\t\t\t\t\t<div class=\"elementor-container elementor-column-gap-default\">\n\t\t\t\t\t<div class=\"elementor-column elementor-col-50 elementor-top-column elementor-element elementor-element-204b261\" data-id=\"204b261\" data-element_type=\"column\" data-e-type=\"column\" data-settings=\"{&quot;background_background&quot;:&quot;classic&quot;}\">\n\t\t\t<div class=\"elementor-widget-wrap elementor-element-populated\">\n\t\t\t\t\t\t<div class=\"elementor-element elementor-element-d6b20db image-dotted elementor-widget elementor-widget-image\" data-id=\"d6b20db\" data-element_type=\"widget\" data-e-type=\"widget\" data-widget_type=\"image.default\">\n\t\t\t\t<div class=\"elementor-widget-container\">\n\t\t\t\t\t\t\t\t\t\t\t\t\t\t\t<img fetchpriority=\"high\" decoding=\"async\" width=\"768\" height=\"512\" src=\"https:\/\/avexservices.com\/wp-content\/uploads\/2020\/11\/873A6220-768x512.jpg\" class=\"attachment-medium_large size-medium_large wp-image-12300\" alt=\"\" srcset=\"https:\/\/avexservices.com\/wp-content\/uploads\/2020\/11\/873A6220-768x512.jpg 768w, https:\/\/avexservices.com\/wp-content\/uploads\/2020\/11\/873A6220-1536x1024.jpg 1536w, https:\/\/avexservices.com\/wp-content\/uploads\/2020\/11\/873A6220-2048x1365.jpg 2048w\" sizes=\"(max-width: 768px) 100vw, 768px\" \/>\t\t\t\t\t\t\t\t\t\t\t\t\t\t\t<\/div>\n\t\t\t\t<\/div>\n\t\t\t\t\t<\/div>\n\t\t<\/div>\n\t\t\t\t<div class=\"elementor-column elementor-col-50 elementor-top-column elementor-element elementor-element-db23f0f\" data-id=\"db23f0f\" data-element_type=\"column\" data-e-type=\"column\">\n\t\t\t<div class=\"elementor-widget-wrap elementor-element-populated\">\n\t\t\t\t\t\t<div class=\"elementor-element elementor-element-0ddf1a2 elementor-widget elementor-widget-miionsectiontitle\" data-id=\"0ddf1a2\" data-element_type=\"widget\" data-e-type=\"widget\" data-widget_type=\"miionsectiontitle.default\">\n\t\t\t\t<div class=\"elementor-widget-container\">\n\t\t\t\t\t<div class=\"section-title-wrapper\"><div class=\"title-wrap\"><span class=\"sub-title\">CHI SIAMO<\/span><h3 class=\"section-title\">Ogni giorno, il nostro team alza l&#039;asticella, non perch\u00e9 sia necessario, ma \u00e8 semplicemente nel nostro DNA!<\/h3><\/div><!-- .title-wrap --><div class=\"section-description\">In ogni momento, AvEx lavora duramente per dare il massimo e darti la cura e l'attenzione che meriti. L'importanza di ci\u00f2 che facciamo definisce chi siamo e lo abbiamo fatto negli ultimi due decenni.\n\nContinuiamo a dominare la nostra vocazione per offrirti il vantaggio di servizi ed esperienza d'\u00e9lite, quindi siamo orgogliosi di essere quelli che meglio si adattano alle tue esigenze, come il tuo viaggio ci definisce.\n\nL'importanza di ci\u00f2 che facciamo definisce chi siamo.\n<\/div><!-- .section-description --><\/div><!-- .section-title-wrapper -->\t\t\t\t<\/div>\n\t\t\t\t<\/div>\n\t\t\t\t\t<\/div>\n\t\t<\/div>\n\t\t\t\t\t<\/div>\n\t\t<\/section>\n\t\t\t\t<section class=\"elementor-section elementor-top-section elementor-element elementor-element-1c67283 elementor-section-content-middle elementor-section-boxed elementor-section-height-default elementor-section-height-default\" data-id=\"1c67283\" data-element_type=\"section\" data-e-type=\"section\">\n\t\t\t\t\t\t<div class=\"elementor-container elementor-column-gap-default\">\n\t\t\t\t\t<div class=\"elementor-column elementor-col-50 elementor-top-column elementor-element elementor-element-8ab2fa6\" data-id=\"8ab2fa6\" data-element_type=\"column\" data-e-type=\"column\">\n\t\t\t<div class=\"elementor-widget-wrap elementor-element-populated\">\n\t\t\t\t\t\t<div class=\"elementor-element elementor-element-10c6d20 elementor-widget elementor-widget-miionsectiontitle\" data-id=\"10c6d20\" data-element_type=\"widget\" data-e-type=\"widget\" data-widget_type=\"miionsectiontitle.default\">\n\t\t\t\t<div class=\"elementor-widget-container\">\n\t\t\t\t\t<div class=\"section-title-wrapper\"><div class=\"title-wrap\"><h3 class=\"section-title\">AvEx Services \u00e8 un&#039;azienda a conduzione familiare con oltre 20 anni di esperienza<\/h3><\/div><!-- .title-wrap --><div class=\"section-description\">Con sede vicino all'aeroporto di Heathrow. Siamo una famiglia multilingue e quindi forniamo servizi in inglese, portoghese, francese, spagnolo e italiano. Io, Victor Simoes, sono il fondatore di AvEx, laureato in Lettere, Cultura e Affari presso la London Southbank University e la Greenwich University. Ho fatto il mio primo tour guidato della citt\u00e0 di Londra nel 1998 e da allora non mi sono pi\u00f9 fermato. Da pi\u00f9 di due decenni stiamo ancora cercando di migliorare e soddisfare sempre le esigenze dei nostri clienti con il massimo del comfort e del lusso. La citt\u00e0 \u00e8 in continua evoluzione e non c'\u00e8 niente come avere qualcuno che sa cosa \u00e8 meglio e che pu\u00f2 garantire che il tuo viaggio sia il pi\u00f9 agevole e piacevole possibile.<\/div><!-- .section-description --><\/div><!-- .section-title-wrapper -->\t\t\t\t<\/div>\n\t\t\t\t<\/div>\n\t\t\t\t\t<\/div>\n\t\t<\/div>\n\t\t\t\t<div class=\"elementor-column elementor-col-50 elementor-top-column elementor-element elementor-element-7f4f711\" data-id=\"7f4f711\" data-element_type=\"column\" data-e-type=\"column\">\n\t\t\t<div class=\"elementor-widget-wrap elementor-element-populated\">\n\t\t\t\t\t\t<div class=\"elementor-element elementor-element-88b2f97 image-dotted elementor-widget elementor-widget-image\" data-id=\"88b2f97\" data-element_type=\"widget\" data-e-type=\"widget\" data-widget_type=\"image.default\">\n\t\t\t\t<div class=\"elementor-widget-container\">\n\t\t\t\t\t\t\t\t\t\t\t\t\t\t\t<img decoding=\"async\" width=\"768\" height=\"512\" src=\"https:\/\/avexservices.com\/wp-content\/uploads\/2020\/11\/873A9389-768x512.jpg\" class=\"attachment-medium_large size-medium_large wp-image-12334\" alt=\"\" srcset=\"https:\/\/avexservices.com\/wp-content\/uploads\/2020\/11\/873A9389-768x512.jpg 768w, https:\/\/avexservices.com\/wp-content\/uploads\/2020\/11\/873A9389-1536x1024.jpg 1536w, https:\/\/avexservices.com\/wp-content\/uploads\/2020\/11\/873A9389-2048x1365.jpg 2048w\" sizes=\"(max-width: 768px) 100vw, 768px\" \/>\t\t\t\t\t\t\t\t\t\t\t\t\t\t\t<\/div>\n\t\t\t\t<\/div>\n\t\t\t\t\t<\/div>\n\t\t<\/div>\n\t\t\t\t\t<\/div>\n\t\t<\/section>\n\t\t\t\t<\/div>\n\t\t","protected":false},"excerpt":{"rendered":"<p>CHI SIAMO Ogni giorno, il nostro team alza l&#039;asticella, non perch\u00e9 sia necessario, ma \u00e8 semplicemente nel nostro DNA! In ogni momento, AvEx lavora duramente per dare il massimo e darti la cura e l&#8217;attenzione che meriti. L&#8217;importanza di ci\u00f2 che facciamo definisce chi siamo e lo abbiamo fatto negli ultimi due decenni. Continuiamo a<\/p>\n","protected":false},"author":1,"featured_media":0,"parent":0,"menu_order":0,"comment_status":"closed","ping_status":"closed","template":"","meta":{"footnotes":""},"class_list":["post-13304","page","type-page","status-publish","hentry"],"yoast_head":"<!-- This site is optimized with the Yoast SEO plugin v27.3 - https:\/\/yoast.com\/product\/yoast-seo-wordpress\/ -->\n<title>Chi Siamo - AVEX Services<\/title>\n<meta name=\"robots\" content=\"index, follow, max-snippet:-1, max-image-preview:large, max-video-preview:-1\" \/>\n<link rel=\"canonical\" href=\"https:\/\/avexservices.com\/it\/chi-siamo\/\" \/>\n<meta property=\"og:locale\" content=\"it_IT\" \/>\n<meta property=\"og:type\" content=\"article\" \/>\n<meta property=\"og:title\" content=\"Chi Siamo - AVEX Services\" \/>\n<meta property=\"og:description\" content=\"CHI SIAMO Ogni giorno, il nostro team alza l&#039;asticella, non perch\u00e9 sia necessario, ma \u00e8 semplicemente nel nostro DNA! In ogni momento, AvEx lavora duramente per dare il massimo e darti la cura e l&#8217;attenzione che meriti. L&#8217;importanza di ci\u00f2 che facciamo definisce chi siamo e lo abbiamo fatto negli ultimi due decenni. Continuiamo a\" \/>\n<meta property=\"og:url\" content=\"https:\/\/avexservices.com\/it\/chi-siamo\/\" \/>\n<meta property=\"og:site_name\" content=\"AVEX Services\" \/>\n<meta property=\"article:publisher\" content=\"https:\/\/www.facebook.com\/avexservicesUK\" \/>\n<meta property=\"article:modified_time\" content=\"2021-06-12T14:25:02+00:00\" \/>\n<meta property=\"og:image\" content=\"https:\/\/avexservices.com\/wp-content\/uploads\/2020\/11\/873A6220-768x512.jpg\" \/>\n<meta name=\"twitter:card\" content=\"summary_large_image\" \/>\n<meta name=\"twitter:label1\" content=\"Tempo di lettura stimato\" \/>\n\t<meta name=\"twitter:data1\" content=\"2 minuti\" \/>\n<script type=\"application\/ld+json\" class=\"yoast-schema-graph\">{\"@context\":\"https:\\\/\\\/schema.org\",\"@graph\":[{\"@type\":\"WebPage\",\"@id\":\"https:\\\/\\\/avexservices.com\\\/it\\\/chi-siamo\\\/\",\"url\":\"https:\\\/\\\/avexservices.com\\\/it\\\/chi-siamo\\\/\",\"name\":\"Chi Siamo - AVEX Services\",\"isPartOf\":{\"@id\":\"https:\\\/\\\/avexservices.com\\\/it\\\/#website\"},\"primaryImageOfPage\":{\"@id\":\"https:\\\/\\\/avexservices.com\\\/it\\\/chi-siamo\\\/#primaryimage\"},\"image\":{\"@id\":\"https:\\\/\\\/avexservices.com\\\/it\\\/chi-siamo\\\/#primaryimage\"},\"thumbnailUrl\":\"https:\\\/\\\/avexservices.com\\\/wp-content\\\/uploads\\\/2020\\\/11\\\/873A6220-768x512.jpg\",\"datePublished\":\"2019-04-24T06:33:58+00:00\",\"dateModified\":\"2021-06-12T14:25:02+00:00\",\"breadcrumb\":{\"@id\":\"https:\\\/\\\/avexservices.com\\\/it\\\/chi-siamo\\\/#breadcrumb\"},\"inLanguage\":\"it-IT\",\"potentialAction\":[{\"@type\":\"ReadAction\",\"target\":[\"https:\\\/\\\/avexservices.com\\\/it\\\/chi-siamo\\\/\"]}]},{\"@type\":\"ImageObject\",\"inLanguage\":\"it-IT\",\"@id\":\"https:\\\/\\\/avexservices.com\\\/it\\\/chi-siamo\\\/#primaryimage\",\"url\":\"https:\\\/\\\/avexservices.com\\\/wp-content\\\/uploads\\\/2020\\\/11\\\/873A6220-768x512.jpg\",\"contentUrl\":\"https:\\\/\\\/avexservices.com\\\/wp-content\\\/uploads\\\/2020\\\/11\\\/873A6220-768x512.jpg\"},{\"@type\":\"BreadcrumbList\",\"@id\":\"https:\\\/\\\/avexservices.com\\\/it\\\/chi-siamo\\\/#breadcrumb\",\"itemListElement\":[{\"@type\":\"ListItem\",\"position\":1,\"name\":\"Home\",\"item\":\"https:\\\/\\\/avexservices.com\\\/it\\\/\"},{\"@type\":\"ListItem\",\"position\":2,\"name\":\"Chi Siamo\"}]},{\"@type\":\"WebSite\",\"@id\":\"https:\\\/\\\/avexservices.com\\\/it\\\/#website\",\"url\":\"https:\\\/\\\/avexservices.com\\\/it\\\/\",\"name\":\"AVEX Services\",\"description\":\"Chauffeurs | City Tours | Logistics | Luggage\",\"publisher\":{\"@id\":\"https:\\\/\\\/avexservices.com\\\/it\\\/#organization\"},\"potentialAction\":[{\"@type\":\"SearchAction\",\"target\":{\"@type\":\"EntryPoint\",\"urlTemplate\":\"https:\\\/\\\/avexservices.com\\\/it\\\/?s={search_term_string}\"},\"query-input\":{\"@type\":\"PropertyValueSpecification\",\"valueRequired\":true,\"valueName\":\"search_term_string\"}}],\"inLanguage\":\"it-IT\"},{\"@type\":\"Organization\",\"@id\":\"https:\\\/\\\/avexservices.com\\\/it\\\/#organization\",\"name\":\"Avex Services\",\"url\":\"https:\\\/\\\/avexservices.com\\\/it\\\/\",\"logo\":{\"@type\":\"ImageObject\",\"inLanguage\":\"it-IT\",\"@id\":\"https:\\\/\\\/avexservices.com\\\/it\\\/#\\\/schema\\\/logo\\\/image\\\/\",\"url\":\"https:\\\/\\\/avexservices.com\\\/wp-content\\\/uploads\\\/2020\\\/11\\\/avex_logo.png\",\"contentUrl\":\"https:\\\/\\\/avexservices.com\\\/wp-content\\\/uploads\\\/2020\\\/11\\\/avex_logo.png\",\"width\":387,\"height\":173,\"caption\":\"Avex Services\"},\"image\":{\"@id\":\"https:\\\/\\\/avexservices.com\\\/it\\\/#\\\/schema\\\/logo\\\/image\\\/\"},\"sameAs\":[\"https:\\\/\\\/www.facebook.com\\\/avexservicesUK\",\"https:\\\/\\\/www.instagram.com\\\/avexservices\"]}]}<\/script>\n<!-- \/ Yoast SEO plugin. -->","yoast_head_json":{"title":"Chi Siamo - AVEX Services","robots":{"index":"index","follow":"follow","max-snippet":"max-snippet:-1","max-image-preview":"max-image-preview:large","max-video-preview":"max-video-preview:-1"},"canonical":"https:\/\/avexservices.com\/it\/chi-siamo\/","og_locale":"it_IT","og_type":"article","og_title":"Chi Siamo - AVEX Services","og_description":"CHI SIAMO Ogni giorno, il nostro team alza l&#039;asticella, non perch\u00e9 sia necessario, ma \u00e8 semplicemente nel nostro DNA! In ogni momento, AvEx lavora duramente per dare il massimo e darti la cura e l&#8217;attenzione che meriti. L&#8217;importanza di ci\u00f2 che facciamo definisce chi siamo e lo abbiamo fatto negli ultimi due decenni. Continuiamo a","og_url":"https:\/\/avexservices.com\/it\/chi-siamo\/","og_site_name":"AVEX Services","article_publisher":"https:\/\/www.facebook.com\/avexservicesUK","article_modified_time":"2021-06-12T14:25:02+00:00","og_image":[{"url":"https:\/\/avexservices.com\/wp-content\/uploads\/2020\/11\/873A6220-768x512.jpg","type":"","width":"","height":""}],"twitter_card":"summary_large_image","twitter_misc":{"Tempo di lettura stimato":"2 minuti"},"schema":{"@context":"https:\/\/schema.org","@graph":[{"@type":"WebPage","@id":"https:\/\/avexservices.com\/it\/chi-siamo\/","url":"https:\/\/avexservices.com\/it\/chi-siamo\/","name":"Chi Siamo - AVEX Services","isPartOf":{"@id":"https:\/\/avexservices.com\/it\/#website"},"primaryImageOfPage":{"@id":"https:\/\/avexservices.com\/it\/chi-siamo\/#primaryimage"},"image":{"@id":"https:\/\/avexservices.com\/it\/chi-siamo\/#primaryimage"},"thumbnailUrl":"https:\/\/avexservices.com\/wp-content\/uploads\/2020\/11\/873A6220-768x512.jpg","datePublished":"2019-04-24T06:33:58+00:00","dateModified":"2021-06-12T14:25:02+00:00","breadcrumb":{"@id":"https:\/\/avexservices.com\/it\/chi-siamo\/#breadcrumb"},"inLanguage":"it-IT","potentialAction":[{"@type":"ReadAction","target":["https:\/\/avexservices.com\/it\/chi-siamo\/"]}]},{"@type":"ImageObject","inLanguage":"it-IT","@id":"https:\/\/avexservices.com\/it\/chi-siamo\/#primaryimage","url":"https:\/\/avexservices.com\/wp-content\/uploads\/2020\/11\/873A6220-768x512.jpg","contentUrl":"https:\/\/avexservices.com\/wp-content\/uploads\/2020\/11\/873A6220-768x512.jpg"},{"@type":"BreadcrumbList","@id":"https:\/\/avexservices.com\/it\/chi-siamo\/#breadcrumb","itemListElement":[{"@type":"ListItem","position":1,"name":"Home","item":"https:\/\/avexservices.com\/it\/"},{"@type":"ListItem","position":2,"name":"Chi Siamo"}]},{"@type":"WebSite","@id":"https:\/\/avexservices.com\/it\/#website","url":"https:\/\/avexservices.com\/it\/","name":"AVEX Services","description":"Chauffeurs | City Tours | Logistics | Luggage","publisher":{"@id":"https:\/\/avexservices.com\/it\/#organization"},"potentialAction":[{"@type":"SearchAction","target":{"@type":"EntryPoint","urlTemplate":"https:\/\/avexservices.com\/it\/?s={search_term_string}"},"query-input":{"@type":"PropertyValueSpecification","valueRequired":true,"valueName":"search_term_string"}}],"inLanguage":"it-IT"},{"@type":"Organization","@id":"https:\/\/avexservices.com\/it\/#organization","name":"Avex Services","url":"https:\/\/avexservices.com\/it\/","logo":{"@type":"ImageObject","inLanguage":"it-IT","@id":"https:\/\/avexservices.com\/it\/#\/schema\/logo\/image\/","url":"https:\/\/avexservices.com\/wp-content\/uploads\/2020\/11\/avex_logo.png","contentUrl":"https:\/\/avexservices.com\/wp-content\/uploads\/2020\/11\/avex_logo.png","width":387,"height":173,"caption":"Avex Services"},"image":{"@id":"https:\/\/avexservices.com\/it\/#\/schema\/logo\/image\/"},"sameAs":["https:\/\/www.facebook.com\/avexservicesUK","https:\/\/www.instagram.com\/avexservices"]}]}},"_links":{"self":[{"href":"https:\/\/avexservices.com\/it\/wp-json\/wp\/v2\/pages\/13304","targetHints":{"allow":["GET"]}}],"collection":[{"href":"https:\/\/avexservices.com\/it\/wp-json\/wp\/v2\/pages"}],"about":[{"href":"https:\/\/avexservices.com\/it\/wp-json\/wp\/v2\/types\/page"}],"author":[{"embeddable":true,"href":"https:\/\/avexservices.com\/it\/wp-json\/wp\/v2\/users\/1"}],"replies":[{"embeddable":true,"href":"https:\/\/avexservices.com\/it\/wp-json\/wp\/v2\/comments?post=13304"}],"version-history":[{"count":4,"href":"https:\/\/avexservices.com\/it\/wp-json\/wp\/v2\/pages\/13304\/revisions"}],"predecessor-version":[{"id":13310,"href":"https:\/\/avexservices.com\/it\/wp-json\/wp\/v2\/pages\/13304\/revisions\/13310"}],"wp:attachment":[{"href":"https:\/\/avexservices.com\/it\/wp-json\/wp\/v2\/media?parent=13304"}],"curies":[{"name":"wp","href":"https:\/\/api.w.org\/{rel}","templated":true}]}}