{"id":13332,"date":"2017-06-08T07:09:05","date_gmt":"2017-06-08T07:09:05","guid":{"rendered":"https:\/\/avexservices.com\/?page_id=13332"},"modified":"2021-07-03T14:08:48","modified_gmt":"2021-07-03T14:08:48","slug":"servizi-di-autista","status":"publish","type":"page","link":"https:\/\/avexservices.com\/it\/servizi-di-autista\/","title":{"rendered":"Servizi Di Autista"},"content":{"rendered":"\t\t<div data-elementor-type=\"wp-page\" data-elementor-id=\"13332\" class=\"elementor elementor-13332 elementor-2\">\n\t\t\t\t\t\t<section class=\"elementor-section elementor-top-section elementor-element elementor-element-6b54dc8 elementor-section-boxed elementor-section-height-default elementor-section-height-default\" data-id=\"6b54dc8\" data-element_type=\"section\" data-e-type=\"section\">\n\t\t\t\t\t\t<div class=\"elementor-container elementor-column-gap-default\">\n\t\t\t\t\t<div class=\"elementor-column elementor-col-50 elementor-top-column elementor-element elementor-element-b48d85f\" data-id=\"b48d85f\" data-element_type=\"column\" data-e-type=\"column\">\n\t\t\t<div class=\"elementor-widget-wrap elementor-element-populated\">\n\t\t\t\t\t\t<div class=\"elementor-element elementor-element-3ec9a39 elementor-widget elementor-widget-image\" data-id=\"3ec9a39\" data-element_type=\"widget\" data-e-type=\"widget\" data-widget_type=\"image.default\">\n\t\t\t\t<div class=\"elementor-widget-container\">\n\t\t\t\t\t\t\t\t\t\t\t\t\t\t\t<img fetchpriority=\"high\" decoding=\"async\" width=\"1170\" height=\"694\" src=\"https:\/\/avexservices.com\/wp-content\/uploads\/2020\/11\/B52A8981-1170x694.jpg\" class=\"attachment-large size-large wp-image-12355\" alt=\"\" srcset=\"https:\/\/avexservices.com\/wp-content\/uploads\/2020\/11\/B52A8981-1170x694.jpg 1170w, https:\/\/avexservices.com\/wp-content\/uploads\/2020\/11\/B52A8981-768x456.jpg 768w\" sizes=\"(max-width: 1170px) 100vw, 1170px\" \/>\t\t\t\t\t\t\t\t\t\t\t\t\t\t\t<\/div>\n\t\t\t\t<\/div>\n\t\t\t\t\t<\/div>\n\t\t<\/div>\n\t\t\t\t<div class=\"elementor-column elementor-col-50 elementor-top-column elementor-element elementor-element-46dfa7a\" data-id=\"46dfa7a\" data-element_type=\"column\" data-e-type=\"column\">\n\t\t\t<div class=\"elementor-widget-wrap elementor-element-populated\">\n\t\t\t\t\t\t<div class=\"elementor-element elementor-element-5c2cd40 elementor-widget elementor-widget-text-editor\" data-id=\"5c2cd40\" data-element_type=\"widget\" data-e-type=\"widget\" data-widget_type=\"text-editor.default\">\n\t\t\t\t<div class=\"elementor-widget-container\">\n\t\t\t\t\t\t\t\t\t<h2>Ci\u00f2 che \u00e8 importante per te \u00e8 la qualit\u00e0?<\/h2><p>Tempo? O forse conforto? Una lunga eredit\u00e0 di servizi affidabili che ti forniscono le migliori abilit\u00e0 quando viaggi per Londra in auto di lusso con autisti esperti e amichevoli che ti forniranno una visita unica nella citt\u00e0 dei sogni?<\/p><p>In effetti, abbiamo tutto.<\/p><p>Organizzare il tuo trasferimento dall&#8217;aeroporto con AvEx, i nostri autisti saranno pronti ad assisterti durante il tuo viaggio, dall&#8217;aeroporto all&#8217;hotel. Offriamo una variet\u00e0 di servizi orari o da A a B (come trasferimenti aziendali, matrimoni, turismo, eventi, autista per uscire la sera e molto altro) con il massimo del comfort e del lusso, soddisfacendo le vostre richieste ed esigenze. In tutti i viaggi, avrai sempre accesso ad acqua minerale, WIFI e caricabatterie del telefono. Inizia il tuo viaggio fin dal tuo arrivo!<\/p>\t\t\t\t\t\t\t\t<\/div>\n\t\t\t\t<\/div>\n\t\t\t\t\t<\/div>\n\t\t<\/div>\n\t\t\t\t\t<\/div>\n\t\t<\/section>\n\t\t\t\t<section class=\"elementor-section elementor-top-section elementor-element elementor-element-a4d9349 elementor-section-boxed elementor-section-height-default elementor-section-height-default\" data-id=\"a4d9349\" data-element_type=\"section\" data-e-type=\"section\">\n\t\t\t\t\t\t<div class=\"elementor-container elementor-column-gap-default\">\n\t\t\t\t\t<div class=\"elementor-column elementor-col-50 elementor-top-column elementor-element elementor-element-b9581bb\" data-id=\"b9581bb\" data-element_type=\"column\" data-e-type=\"column\">\n\t\t\t<div class=\"elementor-widget-wrap elementor-element-populated\">\n\t\t\t\t\t\t<div class=\"elementor-element elementor-element-1124771 elementor-widget elementor-widget-text-editor\" data-id=\"1124771\" data-element_type=\"widget\" data-e-type=\"widget\" data-widget_type=\"text-editor.default\">\n\t\t\t\t<div class=\"elementor-widget-container\">\n\t\t\t\t\t\t\t\t\t<p>Comprendiamo che non tutti i viaggi si svolgono come previsto, quindi i nostri uffici monitorano costantemente lo stato dei tuoi voli in modo che possiamo sempre essere preparati. Inoltre, i conducenti sono pronti ad attendere o reindirizzare in caso di deviazioni di volo verso altri aeroporti. Non appena atterri, il tuo autista ti aspetter\u00e0 nella Hall Arrivi con il tuo nome chiaramente visualizzato e un caloroso benvenuto.\u00a0<\/p><p>Per i lunghi collegamenti aeroportuali, perch\u00e9 non visitare un museo o gustare un pasto in uno dei tuoi ristoranti preferiti? I nostri autisti possono venirti a prendere e accompagnarti al tuo volo. Ottimizza il tuo tempo nel paese durante la connessione, in modo che tu possa goderti il \u200b\u200btempo che potrebbe essere seduto nel terminale. Puoi visitare Londra o una delle nostre numerose attrazioni turistiche.<\/p>\t\t\t\t\t\t\t\t<\/div>\n\t\t\t\t<\/div>\n\t\t\t\t\t<\/div>\n\t\t<\/div>\n\t\t\t\t<div class=\"elementor-column elementor-col-50 elementor-top-column elementor-element elementor-element-27e862b\" data-id=\"27e862b\" data-element_type=\"column\" data-e-type=\"column\">\n\t\t\t<div class=\"elementor-widget-wrap elementor-element-populated\">\n\t\t\t\t\t\t<div class=\"elementor-element elementor-element-7940c69 elementor-widget elementor-widget-image\" data-id=\"7940c69\" data-element_type=\"widget\" data-e-type=\"widget\" data-widget_type=\"image.default\">\n\t\t\t\t<div class=\"elementor-widget-container\">\n\t\t\t\t\t\t\t\t\t\t\t\t\t\t\t<img decoding=\"async\" width=\"1170\" height=\"694\" src=\"https:\/\/avexservices.com\/wp-content\/uploads\/2020\/11\/BC-22-1-1170x694.jpg\" class=\"attachment-large size-large wp-image-12460\" alt=\"\" srcset=\"https:\/\/avexservices.com\/wp-content\/uploads\/2020\/11\/BC-22-1-1170x694.jpg 1170w, https:\/\/avexservices.com\/wp-content\/uploads\/2020\/11\/BC-22-1-768x456.jpg 768w\" sizes=\"(max-width: 1170px) 100vw, 1170px\" \/>\t\t\t\t\t\t\t\t\t\t\t\t\t\t\t<\/div>\n\t\t\t\t<\/div>\n\t\t\t\t\t<\/div>\n\t\t<\/div>\n\t\t\t\t\t<\/div>\n\t\t<\/section>\n\t\t\t\t<section class=\"elementor-section elementor-top-section elementor-element elementor-element-985d603 elementor-section-boxed elementor-section-height-default elementor-section-height-default\" data-id=\"985d603\" data-element_type=\"section\" data-e-type=\"section\">\n\t\t\t\t\t\t<div class=\"elementor-container elementor-column-gap-default\">\n\t\t\t\t\t<div class=\"elementor-column elementor-col-50 elementor-top-column elementor-element elementor-element-be8e33c\" data-id=\"be8e33c\" data-element_type=\"column\" data-e-type=\"column\">\n\t\t\t<div class=\"elementor-widget-wrap elementor-element-populated\">\n\t\t\t\t\t\t<div class=\"elementor-element elementor-element-a903f2b elementor-widget elementor-widget-image\" data-id=\"a903f2b\" data-element_type=\"widget\" data-e-type=\"widget\" data-widget_type=\"image.default\">\n\t\t\t\t<div class=\"elementor-widget-container\">\n\t\t\t\t\t\t\t\t\t\t\t\t\t\t\t<img decoding=\"async\" width=\"1170\" height=\"693\" src=\"https:\/\/avexservices.com\/wp-content\/uploads\/2021\/06\/et_ve1j0682-1170x693.jpg\" class=\"attachment-large size-large wp-image-12949\" alt=\"\" srcset=\"https:\/\/avexservices.com\/wp-content\/uploads\/2021\/06\/et_ve1j0682-1170x693.jpg 1170w, https:\/\/avexservices.com\/wp-content\/uploads\/2021\/06\/et_ve1j0682-768x456.jpg 768w, https:\/\/avexservices.com\/wp-content\/uploads\/2021\/06\/et_ve1j0682-16x9.jpg 16w\" sizes=\"(max-width: 1170px) 100vw, 1170px\" \/>\t\t\t\t\t\t\t\t\t\t\t\t\t\t\t<\/div>\n\t\t\t\t<\/div>\n\t\t\t\t<div class=\"elementor-element elementor-element-74521fa elementor-widget elementor-widget-spacer\" data-id=\"74521fa\" data-element_type=\"widget\" data-e-type=\"widget\" data-widget_type=\"spacer.default\">\n\t\t\t\t<div class=\"elementor-widget-container\">\n\t\t\t\t\t\t\t<div class=\"elementor-spacer\">\n\t\t\t<div class=\"elementor-spacer-inner\"><\/div>\n\t\t<\/div>\n\t\t\t\t\t\t<\/div>\n\t\t\t\t<\/div>\n\t\t\t\t<div class=\"elementor-element elementor-element-65333b4 elementor-widget elementor-widget-button\" data-id=\"65333b4\" data-element_type=\"widget\" data-e-type=\"widget\" data-widget_type=\"button.default\">\n\t\t\t\t<div class=\"elementor-widget-container\">\n\t\t\t\t\t\t\t\t\t<div class=\"elementor-button-wrapper\">\n\t\t\t\t\t<a class=\"elementor-button elementor-button-link elementor-size-md\" href=\"\/it\/contacto\/\">\n\t\t\t\t\t\t<span class=\"elementor-button-content-wrapper\">\n\t\t\t\t\t\t\t\t\t<span class=\"elementor-button-text\">Chiama Noi<\/span>\n\t\t\t\t\t<\/span>\n\t\t\t\t\t<\/a>\n\t\t\t\t<\/div>\n\t\t\t\t\t\t\t\t<\/div>\n\t\t\t\t<\/div>\n\t\t\t\t\t<\/div>\n\t\t<\/div>\n\t\t\t\t<div class=\"elementor-column elementor-col-50 elementor-top-column elementor-element elementor-element-3937ab2\" data-id=\"3937ab2\" data-element_type=\"column\" data-e-type=\"column\">\n\t\t\t<div class=\"elementor-widget-wrap elementor-element-populated\">\n\t\t\t\t\t\t<div class=\"elementor-element elementor-element-02f3a2b elementor-widget elementor-widget-text-editor\" data-id=\"02f3a2b\" data-element_type=\"widget\" data-e-type=\"widget\" data-widget_type=\"text-editor.default\">\n\t\t\t\t<div class=\"elementor-widget-container\">\n\t\t\t\t\t\t\t\t\t<h2>Trasferimento a Bruxelles &#8211; Trasferimento a Parigi<\/h2><p>(anche con animali domestici)<\/p><p>Effettuiamo anche trasferimenti internazionali da e verso i paesi europei vicini, come Francia, Belgio, Olanda e Germania. Possiamo anche rendere pi\u00f9 facile viaggiare con animali domestici.<\/p><ul><li>LHR &#8211; Heathrow<\/li><li>LGW &#8211; Gatwick<\/li><li>LCY &#8211; London City<\/li><li>LTN &#8211; Luton<\/li><li>STN &#8211; Stansted<\/li><li>SEN &#8211; Southend<\/li><li>Eurostar &#8211; St Pancras International<\/li><li>Southampton port<\/li><li>Dover port<\/li><\/ul>\t\t\t\t\t\t\t\t<\/div>\n\t\t\t\t<\/div>\n\t\t\t\t\t<\/div>\n\t\t<\/div>\n\t\t\t\t\t<\/div>\n\t\t<\/section>\n\t\t\t\t<\/div>\n\t\t","protected":false},"excerpt":{"rendered":"<p>Ci\u00f2 che \u00e8 importante per te \u00e8 la qualit\u00e0? Tempo? O forse conforto? Una lunga eredit\u00e0 di servizi affidabili che ti forniscono le migliori abilit\u00e0 quando viaggi per Londra in auto di lusso con autisti esperti e amichevoli che ti forniranno una visita unica nella citt\u00e0 dei sogni? In effetti, abbiamo tutto. Organizzare il tuo<\/p>\n","protected":false},"author":1,"featured_media":0,"parent":0,"menu_order":0,"comment_status":"closed","ping_status":"closed","template":"","meta":{"footnotes":""},"class_list":["post-13332","page","type-page","status-publish","hentry"],"yoast_head":"<!-- This site is optimized with the Yoast SEO plugin v27.3 - https:\/\/yoast.com\/product\/yoast-seo-wordpress\/ -->\n<title>Servizi Di Autista - AVEX Services<\/title>\n<meta name=\"robots\" content=\"index, follow, max-snippet:-1, max-image-preview:large, max-video-preview:-1\" \/>\n<link rel=\"canonical\" href=\"https:\/\/avexservices.com\/it\/servizi-di-autista\/\" \/>\n<meta property=\"og:locale\" content=\"it_IT\" \/>\n<meta property=\"og:type\" content=\"article\" \/>\n<meta property=\"og:title\" content=\"Servizi Di Autista - AVEX Services\" \/>\n<meta property=\"og:description\" content=\"Ci\u00f2 che \u00e8 importante per te \u00e8 la qualit\u00e0? Tempo? O forse conforto? Una lunga eredit\u00e0 di servizi affidabili che ti forniscono le migliori abilit\u00e0 quando viaggi per Londra in auto di lusso con autisti esperti e amichevoli che ti forniranno una visita unica nella citt\u00e0 dei sogni? In effetti, abbiamo tutto. Organizzare il tuo\" \/>\n<meta property=\"og:url\" content=\"https:\/\/avexservices.com\/it\/servizi-di-autista\/\" \/>\n<meta property=\"og:site_name\" content=\"AVEX Services\" \/>\n<meta property=\"article:publisher\" content=\"https:\/\/www.facebook.com\/avexservicesUK\" \/>\n<meta property=\"article:modified_time\" content=\"2021-07-03T14:08:48+00:00\" \/>\n<meta property=\"og:image\" content=\"https:\/\/avexservices.com\/wp-content\/uploads\/2020\/11\/B52A8981-1170x694.jpg\" \/>\n<meta name=\"twitter:card\" content=\"summary_large_image\" \/>\n<meta name=\"twitter:label1\" content=\"Tempo di lettura stimato\" \/>\n\t<meta name=\"twitter:data1\" content=\"3 minuti\" \/>\n<script type=\"application\/ld+json\" class=\"yoast-schema-graph\">{\"@context\":\"https:\\\/\\\/schema.org\",\"@graph\":[{\"@type\":\"WebPage\",\"@id\":\"https:\\\/\\\/avexservices.com\\\/it\\\/servizi-di-autista\\\/\",\"url\":\"https:\\\/\\\/avexservices.com\\\/it\\\/servizi-di-autista\\\/\",\"name\":\"Servizi Di Autista - AVEX Services\",\"isPartOf\":{\"@id\":\"https:\\\/\\\/avexservices.com\\\/it\\\/#website\"},\"primaryImageOfPage\":{\"@id\":\"https:\\\/\\\/avexservices.com\\\/it\\\/servizi-di-autista\\\/#primaryimage\"},\"image\":{\"@id\":\"https:\\\/\\\/avexservices.com\\\/it\\\/servizi-di-autista\\\/#primaryimage\"},\"thumbnailUrl\":\"https:\\\/\\\/avexservices.com\\\/wp-content\\\/uploads\\\/2020\\\/11\\\/B52A8981-1170x694.jpg\",\"datePublished\":\"2017-06-08T07:09:05+00:00\",\"dateModified\":\"2021-07-03T14:08:48+00:00\",\"breadcrumb\":{\"@id\":\"https:\\\/\\\/avexservices.com\\\/it\\\/servizi-di-autista\\\/#breadcrumb\"},\"inLanguage\":\"it-IT\",\"potentialAction\":[{\"@type\":\"ReadAction\",\"target\":[\"https:\\\/\\\/avexservices.com\\\/it\\\/servizi-di-autista\\\/\"]}]},{\"@type\":\"ImageObject\",\"inLanguage\":\"it-IT\",\"@id\":\"https:\\\/\\\/avexservices.com\\\/it\\\/servizi-di-autista\\\/#primaryimage\",\"url\":\"https:\\\/\\\/avexservices.com\\\/wp-content\\\/uploads\\\/2020\\\/11\\\/B52A8981-1170x694.jpg\",\"contentUrl\":\"https:\\\/\\\/avexservices.com\\\/wp-content\\\/uploads\\\/2020\\\/11\\\/B52A8981-1170x694.jpg\"},{\"@type\":\"BreadcrumbList\",\"@id\":\"https:\\\/\\\/avexservices.com\\\/it\\\/servizi-di-autista\\\/#breadcrumb\",\"itemListElement\":[{\"@type\":\"ListItem\",\"position\":1,\"name\":\"Home\",\"item\":\"https:\\\/\\\/avexservices.com\\\/it\\\/\"},{\"@type\":\"ListItem\",\"position\":2,\"name\":\"Servizi Di Autista\"}]},{\"@type\":\"WebSite\",\"@id\":\"https:\\\/\\\/avexservices.com\\\/it\\\/#website\",\"url\":\"https:\\\/\\\/avexservices.com\\\/it\\\/\",\"name\":\"AVEX Services\",\"description\":\"Chauffeurs | City Tours | Logistics | Luggage\",\"publisher\":{\"@id\":\"https:\\\/\\\/avexservices.com\\\/it\\\/#organization\"},\"potentialAction\":[{\"@type\":\"SearchAction\",\"target\":{\"@type\":\"EntryPoint\",\"urlTemplate\":\"https:\\\/\\\/avexservices.com\\\/it\\\/?s={search_term_string}\"},\"query-input\":{\"@type\":\"PropertyValueSpecification\",\"valueRequired\":true,\"valueName\":\"search_term_string\"}}],\"inLanguage\":\"it-IT\"},{\"@type\":\"Organization\",\"@id\":\"https:\\\/\\\/avexservices.com\\\/it\\\/#organization\",\"name\":\"Avex Services\",\"url\":\"https:\\\/\\\/avexservices.com\\\/it\\\/\",\"logo\":{\"@type\":\"ImageObject\",\"inLanguage\":\"it-IT\",\"@id\":\"https:\\\/\\\/avexservices.com\\\/it\\\/#\\\/schema\\\/logo\\\/image\\\/\",\"url\":\"https:\\\/\\\/avexservices.com\\\/wp-content\\\/uploads\\\/2020\\\/11\\\/avex_logo.png\",\"contentUrl\":\"https:\\\/\\\/avexservices.com\\\/wp-content\\\/uploads\\\/2020\\\/11\\\/avex_logo.png\",\"width\":387,\"height\":173,\"caption\":\"Avex Services\"},\"image\":{\"@id\":\"https:\\\/\\\/avexservices.com\\\/it\\\/#\\\/schema\\\/logo\\\/image\\\/\"},\"sameAs\":[\"https:\\\/\\\/www.facebook.com\\\/avexservicesUK\",\"https:\\\/\\\/www.instagram.com\\\/avexservices\"]}]}<\/script>\n<!-- \/ Yoast SEO plugin. -->","yoast_head_json":{"title":"Servizi Di Autista - AVEX Services","robots":{"index":"index","follow":"follow","max-snippet":"max-snippet:-1","max-image-preview":"max-image-preview:large","max-video-preview":"max-video-preview:-1"},"canonical":"https:\/\/avexservices.com\/it\/servizi-di-autista\/","og_locale":"it_IT","og_type":"article","og_title":"Servizi Di Autista - AVEX Services","og_description":"Ci\u00f2 che \u00e8 importante per te \u00e8 la qualit\u00e0? Tempo? O forse conforto? Una lunga eredit\u00e0 di servizi affidabili che ti forniscono le migliori abilit\u00e0 quando viaggi per Londra in auto di lusso con autisti esperti e amichevoli che ti forniranno una visita unica nella citt\u00e0 dei sogni? In effetti, abbiamo tutto. Organizzare il tuo","og_url":"https:\/\/avexservices.com\/it\/servizi-di-autista\/","og_site_name":"AVEX Services","article_publisher":"https:\/\/www.facebook.com\/avexservicesUK","article_modified_time":"2021-07-03T14:08:48+00:00","og_image":[{"url":"https:\/\/avexservices.com\/wp-content\/uploads\/2020\/11\/B52A8981-1170x694.jpg","type":"","width":"","height":""}],"twitter_card":"summary_large_image","twitter_misc":{"Tempo di lettura stimato":"3 minuti"},"schema":{"@context":"https:\/\/schema.org","@graph":[{"@type":"WebPage","@id":"https:\/\/avexservices.com\/it\/servizi-di-autista\/","url":"https:\/\/avexservices.com\/it\/servizi-di-autista\/","name":"Servizi Di Autista - AVEX Services","isPartOf":{"@id":"https:\/\/avexservices.com\/it\/#website"},"primaryImageOfPage":{"@id":"https:\/\/avexservices.com\/it\/servizi-di-autista\/#primaryimage"},"image":{"@id":"https:\/\/avexservices.com\/it\/servizi-di-autista\/#primaryimage"},"thumbnailUrl":"https:\/\/avexservices.com\/wp-content\/uploads\/2020\/11\/B52A8981-1170x694.jpg","datePublished":"2017-06-08T07:09:05+00:00","dateModified":"2021-07-03T14:08:48+00:00","breadcrumb":{"@id":"https:\/\/avexservices.com\/it\/servizi-di-autista\/#breadcrumb"},"inLanguage":"it-IT","potentialAction":[{"@type":"ReadAction","target":["https:\/\/avexservices.com\/it\/servizi-di-autista\/"]}]},{"@type":"ImageObject","inLanguage":"it-IT","@id":"https:\/\/avexservices.com\/it\/servizi-di-autista\/#primaryimage","url":"https:\/\/avexservices.com\/wp-content\/uploads\/2020\/11\/B52A8981-1170x694.jpg","contentUrl":"https:\/\/avexservices.com\/wp-content\/uploads\/2020\/11\/B52A8981-1170x694.jpg"},{"@type":"BreadcrumbList","@id":"https:\/\/avexservices.com\/it\/servizi-di-autista\/#breadcrumb","itemListElement":[{"@type":"ListItem","position":1,"name":"Home","item":"https:\/\/avexservices.com\/it\/"},{"@type":"ListItem","position":2,"name":"Servizi Di Autista"}]},{"@type":"WebSite","@id":"https:\/\/avexservices.com\/it\/#website","url":"https:\/\/avexservices.com\/it\/","name":"AVEX Services","description":"Chauffeurs | City Tours | Logistics | Luggage","publisher":{"@id":"https:\/\/avexservices.com\/it\/#organization"},"potentialAction":[{"@type":"SearchAction","target":{"@type":"EntryPoint","urlTemplate":"https:\/\/avexservices.com\/it\/?s={search_term_string}"},"query-input":{"@type":"PropertyValueSpecification","valueRequired":true,"valueName":"search_term_string"}}],"inLanguage":"it-IT"},{"@type":"Organization","@id":"https:\/\/avexservices.com\/it\/#organization","name":"Avex Services","url":"https:\/\/avexservices.com\/it\/","logo":{"@type":"ImageObject","inLanguage":"it-IT","@id":"https:\/\/avexservices.com\/it\/#\/schema\/logo\/image\/","url":"https:\/\/avexservices.com\/wp-content\/uploads\/2020\/11\/avex_logo.png","contentUrl":"https:\/\/avexservices.com\/wp-content\/uploads\/2020\/11\/avex_logo.png","width":387,"height":173,"caption":"Avex Services"},"image":{"@id":"https:\/\/avexservices.com\/it\/#\/schema\/logo\/image\/"},"sameAs":["https:\/\/www.facebook.com\/avexservicesUK","https:\/\/www.instagram.com\/avexservices"]}]}},"_links":{"self":[{"href":"https:\/\/avexservices.com\/it\/wp-json\/wp\/v2\/pages\/13332","targetHints":{"allow":["GET"]}}],"collection":[{"href":"https:\/\/avexservices.com\/it\/wp-json\/wp\/v2\/pages"}],"about":[{"href":"https:\/\/avexservices.com\/it\/wp-json\/wp\/v2\/types\/page"}],"author":[{"embeddable":true,"href":"https:\/\/avexservices.com\/it\/wp-json\/wp\/v2\/users\/1"}],"replies":[{"embeddable":true,"href":"https:\/\/avexservices.com\/it\/wp-json\/wp\/v2\/comments?post=13332"}],"version-history":[{"count":11,"href":"https:\/\/avexservices.com\/it\/wp-json\/wp\/v2\/pages\/13332\/revisions"}],"predecessor-version":[{"id":13633,"href":"https:\/\/avexservices.com\/it\/wp-json\/wp\/v2\/pages\/13332\/revisions\/13633"}],"wp:attachment":[{"href":"https:\/\/avexservices.com\/it\/wp-json\/wp\/v2\/media?parent=13332"}],"curies":[{"name":"wp","href":"https:\/\/api.w.org\/{rel}","templated":true}]}}