{"id":13100,"date":"2019-04-24T06:33:58","date_gmt":"2019-04-24T06:33:58","guid":{"rendered":"https:\/\/avexservices.com\/?page_id=13100"},"modified":"2021-06-12T05:20:04","modified_gmt":"2021-06-12T05:20:04","slug":"quem-somos","status":"publish","type":"page","link":"https:\/\/avexservices.com\/pt-br\/quem-somos\/","title":{"rendered":"Quem Somos"},"content":{"rendered":"\t\t<div data-elementor-type=\"wp-post\" data-elementor-id=\"13100\" class=\"elementor elementor-13100 elementor-5156\">\n\t\t\t\t\t\t<section class=\"elementor-section elementor-top-section elementor-element elementor-element-8c181ab elementor-section-content-middle elementor-section-boxed elementor-section-height-default elementor-section-height-default\" data-id=\"8c181ab\" data-element_type=\"section\" data-e-type=\"section\">\n\t\t\t\t\t\t<div class=\"elementor-container elementor-column-gap-default\">\n\t\t\t\t\t<div class=\"elementor-column elementor-col-50 elementor-top-column elementor-element elementor-element-204b261\" data-id=\"204b261\" data-element_type=\"column\" data-e-type=\"column\" data-settings=\"{&quot;background_background&quot;:&quot;classic&quot;}\">\n\t\t\t<div class=\"elementor-widget-wrap elementor-element-populated\">\n\t\t\t\t\t\t<div class=\"elementor-element elementor-element-d6b20db image-dotted elementor-widget elementor-widget-image\" data-id=\"d6b20db\" data-element_type=\"widget\" data-e-type=\"widget\" data-widget_type=\"image.default\">\n\t\t\t\t<div class=\"elementor-widget-container\">\n\t\t\t\t\t\t\t\t\t\t\t\t\t\t\t<img fetchpriority=\"high\" decoding=\"async\" width=\"768\" height=\"512\" src=\"https:\/\/avexservices.com\/wp-content\/uploads\/2020\/11\/873A6220-768x512.jpg\" class=\"attachment-medium_large size-medium_large wp-image-12300\" alt=\"\" srcset=\"https:\/\/avexservices.com\/wp-content\/uploads\/2020\/11\/873A6220-768x512.jpg 768w, https:\/\/avexservices.com\/wp-content\/uploads\/2020\/11\/873A6220-1536x1024.jpg 1536w, https:\/\/avexservices.com\/wp-content\/uploads\/2020\/11\/873A6220-2048x1365.jpg 2048w\" sizes=\"(max-width: 768px) 100vw, 768px\" \/>\t\t\t\t\t\t\t\t\t\t\t\t\t\t\t<\/div>\n\t\t\t\t<\/div>\n\t\t\t\t\t<\/div>\n\t\t<\/div>\n\t\t\t\t<div class=\"elementor-column elementor-col-50 elementor-top-column elementor-element elementor-element-db23f0f\" data-id=\"db23f0f\" data-element_type=\"column\" data-e-type=\"column\">\n\t\t\t<div class=\"elementor-widget-wrap elementor-element-populated\">\n\t\t\t\t\t\t<div class=\"elementor-element elementor-element-0ddf1a2 elementor-widget elementor-widget-miionsectiontitle\" data-id=\"0ddf1a2\" data-element_type=\"widget\" data-e-type=\"widget\" data-widget_type=\"miionsectiontitle.default\">\n\t\t\t\t<div class=\"elementor-widget-container\">\n\t\t\t\t\t<div class=\"section-title-wrapper\"><div class=\"title-wrap\"><span class=\"sub-title\">QUEM SOMOS<\/span><h3 class=\"section-title\">Todos os dias, nossa equipe eleva o n\u00edvel, n\u00e3o porque seja necess\u00e1rio, mas isso est\u00e1 simplesmente em nosso DNA!<\/h3><\/div><!-- .title-wrap --><div class=\"section-description\">A cada momento, a AvEx trabalha muito para ir al\u00e9m e dar a voc\u00ea o cuidado e a aten\u00e7\u00e3o que voc\u00ea merece. A import\u00e2ncia do que fazemos define quem somos e assim o fazemos nas \u00faltimas duas d\u00e9cadas.\n\nContinuamos a dominar a nossa voca\u00e7\u00e3o para lhe oferecer a vantagem de servi\u00e7os e experi\u00eancia de elite, por isso temos orgulho em ser os que melhor se adaptam \u00e0s suas necessidades, conforme a sua jornada nos define.\n\n\nWe continue to master our calling to offer you the advantage of elite services and experience, therefore we pride ourselves in being the best adapting to your needs as your journey defines us.\n\nThe importance of what we do defines who we are.\n<\/div><!-- .section-description --><\/div><!-- .section-title-wrapper -->\t\t\t\t<\/div>\n\t\t\t\t<\/div>\n\t\t\t\t\t<\/div>\n\t\t<\/div>\n\t\t\t\t\t<\/div>\n\t\t<\/section>\n\t\t\t\t<section class=\"elementor-section elementor-top-section elementor-element elementor-element-1c67283 elementor-section-content-middle elementor-section-boxed elementor-section-height-default elementor-section-height-default\" data-id=\"1c67283\" data-element_type=\"section\" data-e-type=\"section\">\n\t\t\t\t\t\t<div class=\"elementor-container elementor-column-gap-default\">\n\t\t\t\t\t<div class=\"elementor-column elementor-col-50 elementor-top-column elementor-element elementor-element-8ab2fa6\" data-id=\"8ab2fa6\" data-element_type=\"column\" data-e-type=\"column\">\n\t\t\t<div class=\"elementor-widget-wrap elementor-element-populated\">\n\t\t\t\t\t\t<div class=\"elementor-element elementor-element-10c6d20 elementor-widget elementor-widget-miionsectiontitle\" data-id=\"10c6d20\" data-element_type=\"widget\" data-e-type=\"widget\" data-widget_type=\"miionsectiontitle.default\">\n\t\t\t\t<div class=\"elementor-widget-container\">\n\t\t\t\t\t<div class=\"section-title-wrapper\"><div class=\"title-wrap\"><h3 class=\"section-title\">AvEx Services \u00e9 uma empresa familiar com mais de 20 anos de experi\u00eancia<\/h3><\/div><!-- .title-wrap --><div class=\"section-description\">Com sede perto do aeroporto de Heathrow. Somos uma fam\u00edlia multilingue e por isso prestamos servi\u00e7os em ingl\u00eas, portugu\u00eas, franc\u00eas, espanhol e italiano. Eu, Victor Sim\u00f5es, sou o fundador da AvEx, graduado em Letras, Cultura e Neg\u00f3cios pela London Southbank University e pela Greenwich University. Eu dei meu primeiro passeio guiado pela cidade de Londres em 1998, e n\u00e3o parei desde ent\u00e3o. H\u00e1 mais de duas d\u00e9cadas e ainda estamos tentando melhorar e sempre satisfazer as necessidades de nossos clientes com o m\u00e1ximo conforto e luxo. A cidade est\u00e1 em constante mudan\u00e7a e nada como ter algu\u00e9m que sabe o que \u00e9 melhor e que pode garantir que a sua viagem seja o mais tranquila e agrad\u00e1vel poss\u00edvel.<\/div><!-- .section-description --><\/div><!-- .section-title-wrapper -->\t\t\t\t<\/div>\n\t\t\t\t<\/div>\n\t\t\t\t\t<\/div>\n\t\t<\/div>\n\t\t\t\t<div class=\"elementor-column elementor-col-50 elementor-top-column elementor-element elementor-element-7f4f711\" data-id=\"7f4f711\" data-element_type=\"column\" data-e-type=\"column\">\n\t\t\t<div class=\"elementor-widget-wrap elementor-element-populated\">\n\t\t\t\t\t\t<div class=\"elementor-element elementor-element-88b2f97 image-dotted elementor-widget elementor-widget-image\" data-id=\"88b2f97\" data-element_type=\"widget\" data-e-type=\"widget\" data-widget_type=\"image.default\">\n\t\t\t\t<div class=\"elementor-widget-container\">\n\t\t\t\t\t\t\t\t\t\t\t\t\t\t\t<img decoding=\"async\" width=\"768\" height=\"512\" src=\"https:\/\/avexservices.com\/wp-content\/uploads\/2020\/11\/873A9389-768x512.jpg\" class=\"attachment-medium_large size-medium_large wp-image-12334\" alt=\"\" srcset=\"https:\/\/avexservices.com\/wp-content\/uploads\/2020\/11\/873A9389-768x512.jpg 768w, https:\/\/avexservices.com\/wp-content\/uploads\/2020\/11\/873A9389-1536x1024.jpg 1536w, https:\/\/avexservices.com\/wp-content\/uploads\/2020\/11\/873A9389-2048x1365.jpg 2048w\" sizes=\"(max-width: 768px) 100vw, 768px\" \/>\t\t\t\t\t\t\t\t\t\t\t\t\t\t\t<\/div>\n\t\t\t\t<\/div>\n\t\t\t\t\t<\/div>\n\t\t<\/div>\n\t\t\t\t\t<\/div>\n\t\t<\/section>\n\t\t\t\t<\/div>\n\t\t","protected":false},"excerpt":{"rendered":"<p>QUEM SOMOS Todos os dias, nossa equipe eleva o n\u00edvel, n\u00e3o porque seja necess\u00e1rio, mas isso est\u00e1 simplesmente em nosso DNA! A cada momento, a AvEx trabalha muito para ir al\u00e9m e dar a voc\u00ea o cuidado e a aten\u00e7\u00e3o que voc\u00ea merece. A import\u00e2ncia do que fazemos define quem somos e assim o fazemos<\/p>\n","protected":false},"author":1,"featured_media":0,"parent":0,"menu_order":0,"comment_status":"closed","ping_status":"closed","template":"","meta":{"footnotes":""},"class_list":["post-13100","page","type-page","status-publish","hentry"],"yoast_head":"<!-- This site is optimized with the Yoast SEO plugin v27.3 - https:\/\/yoast.com\/product\/yoast-seo-wordpress\/ -->\n<title>Quem Somos - AVEX Services<\/title>\n<meta name=\"robots\" content=\"index, follow, max-snippet:-1, max-image-preview:large, max-video-preview:-1\" \/>\n<link rel=\"canonical\" href=\"https:\/\/avexservices.com\/pt-br\/quem-somos\/\" \/>\n<meta property=\"og:locale\" content=\"pt_BR\" \/>\n<meta property=\"og:type\" content=\"article\" \/>\n<meta property=\"og:title\" content=\"Quem Somos - AVEX Services\" \/>\n<meta property=\"og:description\" content=\"QUEM SOMOS Todos os dias, nossa equipe eleva o n\u00edvel, n\u00e3o porque seja necess\u00e1rio, mas isso est\u00e1 simplesmente em nosso DNA! A cada momento, a AvEx trabalha muito para ir al\u00e9m e dar a voc\u00ea o cuidado e a aten\u00e7\u00e3o que voc\u00ea merece. A import\u00e2ncia do que fazemos define quem somos e assim o fazemos\" \/>\n<meta property=\"og:url\" content=\"https:\/\/avexservices.com\/pt-br\/quem-somos\/\" \/>\n<meta property=\"og:site_name\" content=\"AVEX Services\" \/>\n<meta property=\"article:publisher\" content=\"https:\/\/www.facebook.com\/avexservicesUK\" \/>\n<meta property=\"article:modified_time\" content=\"2021-06-12T05:20:04+00:00\" \/>\n<meta property=\"og:image\" content=\"https:\/\/avexservices.com\/wp-content\/uploads\/2020\/11\/873A6220-768x512.jpg\" \/>\n<meta name=\"twitter:card\" content=\"summary_large_image\" \/>\n<meta name=\"twitter:label1\" content=\"Est. tempo de leitura\" \/>\n\t<meta name=\"twitter:data1\" content=\"2 minutos\" \/>\n<script type=\"application\/ld+json\" class=\"yoast-schema-graph\">{\"@context\":\"https:\\\/\\\/schema.org\",\"@graph\":[{\"@type\":\"WebPage\",\"@id\":\"https:\\\/\\\/avexservices.com\\\/pt-br\\\/quem-somos\\\/\",\"url\":\"https:\\\/\\\/avexservices.com\\\/pt-br\\\/quem-somos\\\/\",\"name\":\"Quem Somos - AVEX Services\",\"isPartOf\":{\"@id\":\"https:\\\/\\\/avexservices.com\\\/pt-br\\\/#website\"},\"primaryImageOfPage\":{\"@id\":\"https:\\\/\\\/avexservices.com\\\/pt-br\\\/quem-somos\\\/#primaryimage\"},\"image\":{\"@id\":\"https:\\\/\\\/avexservices.com\\\/pt-br\\\/quem-somos\\\/#primaryimage\"},\"thumbnailUrl\":\"https:\\\/\\\/avexservices.com\\\/wp-content\\\/uploads\\\/2020\\\/11\\\/873A6220-768x512.jpg\",\"datePublished\":\"2019-04-24T06:33:58+00:00\",\"dateModified\":\"2021-06-12T05:20:04+00:00\",\"breadcrumb\":{\"@id\":\"https:\\\/\\\/avexservices.com\\\/pt-br\\\/quem-somos\\\/#breadcrumb\"},\"inLanguage\":\"pt-BR\",\"potentialAction\":[{\"@type\":\"ReadAction\",\"target\":[\"https:\\\/\\\/avexservices.com\\\/pt-br\\\/quem-somos\\\/\"]}]},{\"@type\":\"ImageObject\",\"inLanguage\":\"pt-BR\",\"@id\":\"https:\\\/\\\/avexservices.com\\\/pt-br\\\/quem-somos\\\/#primaryimage\",\"url\":\"https:\\\/\\\/avexservices.com\\\/wp-content\\\/uploads\\\/2020\\\/11\\\/873A6220-768x512.jpg\",\"contentUrl\":\"https:\\\/\\\/avexservices.com\\\/wp-content\\\/uploads\\\/2020\\\/11\\\/873A6220-768x512.jpg\"},{\"@type\":\"BreadcrumbList\",\"@id\":\"https:\\\/\\\/avexservices.com\\\/pt-br\\\/quem-somos\\\/#breadcrumb\",\"itemListElement\":[{\"@type\":\"ListItem\",\"position\":1,\"name\":\"Home\",\"item\":\"https:\\\/\\\/avexservices.com\\\/pt-br\\\/\"},{\"@type\":\"ListItem\",\"position\":2,\"name\":\"Quem Somos\"}]},{\"@type\":\"WebSite\",\"@id\":\"https:\\\/\\\/avexservices.com\\\/pt-br\\\/#website\",\"url\":\"https:\\\/\\\/avexservices.com\\\/pt-br\\\/\",\"name\":\"AVEX Services\",\"description\":\"Chauffeurs | City Tours | Logistics | Luggage\",\"publisher\":{\"@id\":\"https:\\\/\\\/avexservices.com\\\/pt-br\\\/#organization\"},\"potentialAction\":[{\"@type\":\"SearchAction\",\"target\":{\"@type\":\"EntryPoint\",\"urlTemplate\":\"https:\\\/\\\/avexservices.com\\\/pt-br\\\/?s={search_term_string}\"},\"query-input\":{\"@type\":\"PropertyValueSpecification\",\"valueRequired\":true,\"valueName\":\"search_term_string\"}}],\"inLanguage\":\"pt-BR\"},{\"@type\":\"Organization\",\"@id\":\"https:\\\/\\\/avexservices.com\\\/pt-br\\\/#organization\",\"name\":\"Avex Services\",\"url\":\"https:\\\/\\\/avexservices.com\\\/pt-br\\\/\",\"logo\":{\"@type\":\"ImageObject\",\"inLanguage\":\"pt-BR\",\"@id\":\"https:\\\/\\\/avexservices.com\\\/pt-br\\\/#\\\/schema\\\/logo\\\/image\\\/\",\"url\":\"https:\\\/\\\/avexservices.com\\\/wp-content\\\/uploads\\\/2020\\\/11\\\/avex_logo.png\",\"contentUrl\":\"https:\\\/\\\/avexservices.com\\\/wp-content\\\/uploads\\\/2020\\\/11\\\/avex_logo.png\",\"width\":387,\"height\":173,\"caption\":\"Avex Services\"},\"image\":{\"@id\":\"https:\\\/\\\/avexservices.com\\\/pt-br\\\/#\\\/schema\\\/logo\\\/image\\\/\"},\"sameAs\":[\"https:\\\/\\\/www.facebook.com\\\/avexservicesUK\",\"https:\\\/\\\/www.instagram.com\\\/avexservices\"]}]}<\/script>\n<!-- \/ Yoast SEO plugin. -->","yoast_head_json":{"title":"Quem Somos - AVEX Services","robots":{"index":"index","follow":"follow","max-snippet":"max-snippet:-1","max-image-preview":"max-image-preview:large","max-video-preview":"max-video-preview:-1"},"canonical":"https:\/\/avexservices.com\/pt-br\/quem-somos\/","og_locale":"pt_BR","og_type":"article","og_title":"Quem Somos - AVEX Services","og_description":"QUEM SOMOS Todos os dias, nossa equipe eleva o n\u00edvel, n\u00e3o porque seja necess\u00e1rio, mas isso est\u00e1 simplesmente em nosso DNA! A cada momento, a AvEx trabalha muito para ir al\u00e9m e dar a voc\u00ea o cuidado e a aten\u00e7\u00e3o que voc\u00ea merece. A import\u00e2ncia do que fazemos define quem somos e assim o fazemos","og_url":"https:\/\/avexservices.com\/pt-br\/quem-somos\/","og_site_name":"AVEX Services","article_publisher":"https:\/\/www.facebook.com\/avexservicesUK","article_modified_time":"2021-06-12T05:20:04+00:00","og_image":[{"url":"https:\/\/avexservices.com\/wp-content\/uploads\/2020\/11\/873A6220-768x512.jpg","type":"","width":"","height":""}],"twitter_card":"summary_large_image","twitter_misc":{"Est. tempo de leitura":"2 minutos"},"schema":{"@context":"https:\/\/schema.org","@graph":[{"@type":"WebPage","@id":"https:\/\/avexservices.com\/pt-br\/quem-somos\/","url":"https:\/\/avexservices.com\/pt-br\/quem-somos\/","name":"Quem Somos - AVEX Services","isPartOf":{"@id":"https:\/\/avexservices.com\/pt-br\/#website"},"primaryImageOfPage":{"@id":"https:\/\/avexservices.com\/pt-br\/quem-somos\/#primaryimage"},"image":{"@id":"https:\/\/avexservices.com\/pt-br\/quem-somos\/#primaryimage"},"thumbnailUrl":"https:\/\/avexservices.com\/wp-content\/uploads\/2020\/11\/873A6220-768x512.jpg","datePublished":"2019-04-24T06:33:58+00:00","dateModified":"2021-06-12T05:20:04+00:00","breadcrumb":{"@id":"https:\/\/avexservices.com\/pt-br\/quem-somos\/#breadcrumb"},"inLanguage":"pt-BR","potentialAction":[{"@type":"ReadAction","target":["https:\/\/avexservices.com\/pt-br\/quem-somos\/"]}]},{"@type":"ImageObject","inLanguage":"pt-BR","@id":"https:\/\/avexservices.com\/pt-br\/quem-somos\/#primaryimage","url":"https:\/\/avexservices.com\/wp-content\/uploads\/2020\/11\/873A6220-768x512.jpg","contentUrl":"https:\/\/avexservices.com\/wp-content\/uploads\/2020\/11\/873A6220-768x512.jpg"},{"@type":"BreadcrumbList","@id":"https:\/\/avexservices.com\/pt-br\/quem-somos\/#breadcrumb","itemListElement":[{"@type":"ListItem","position":1,"name":"Home","item":"https:\/\/avexservices.com\/pt-br\/"},{"@type":"ListItem","position":2,"name":"Quem Somos"}]},{"@type":"WebSite","@id":"https:\/\/avexservices.com\/pt-br\/#website","url":"https:\/\/avexservices.com\/pt-br\/","name":"AVEX Services","description":"Chauffeurs | City Tours | Logistics | Luggage","publisher":{"@id":"https:\/\/avexservices.com\/pt-br\/#organization"},"potentialAction":[{"@type":"SearchAction","target":{"@type":"EntryPoint","urlTemplate":"https:\/\/avexservices.com\/pt-br\/?s={search_term_string}"},"query-input":{"@type":"PropertyValueSpecification","valueRequired":true,"valueName":"search_term_string"}}],"inLanguage":"pt-BR"},{"@type":"Organization","@id":"https:\/\/avexservices.com\/pt-br\/#organization","name":"Avex Services","url":"https:\/\/avexservices.com\/pt-br\/","logo":{"@type":"ImageObject","inLanguage":"pt-BR","@id":"https:\/\/avexservices.com\/pt-br\/#\/schema\/logo\/image\/","url":"https:\/\/avexservices.com\/wp-content\/uploads\/2020\/11\/avex_logo.png","contentUrl":"https:\/\/avexservices.com\/wp-content\/uploads\/2020\/11\/avex_logo.png","width":387,"height":173,"caption":"Avex Services"},"image":{"@id":"https:\/\/avexservices.com\/pt-br\/#\/schema\/logo\/image\/"},"sameAs":["https:\/\/www.facebook.com\/avexservicesUK","https:\/\/www.instagram.com\/avexservices"]}]}},"_links":{"self":[{"href":"https:\/\/avexservices.com\/pt-br\/wp-json\/wp\/v2\/pages\/13100","targetHints":{"allow":["GET"]}}],"collection":[{"href":"https:\/\/avexservices.com\/pt-br\/wp-json\/wp\/v2\/pages"}],"about":[{"href":"https:\/\/avexservices.com\/pt-br\/wp-json\/wp\/v2\/types\/page"}],"author":[{"embeddable":true,"href":"https:\/\/avexservices.com\/pt-br\/wp-json\/wp\/v2\/users\/1"}],"replies":[{"embeddable":true,"href":"https:\/\/avexservices.com\/pt-br\/wp-json\/wp\/v2\/comments?post=13100"}],"version-history":[{"count":4,"href":"https:\/\/avexservices.com\/pt-br\/wp-json\/wp\/v2\/pages\/13100\/revisions"}],"predecessor-version":[{"id":13253,"href":"https:\/\/avexservices.com\/pt-br\/wp-json\/wp\/v2\/pages\/13100\/revisions\/13253"}],"wp:attachment":[{"href":"https:\/\/avexservices.com\/pt-br\/wp-json\/wp\/v2\/media?parent=13100"}],"curies":[{"name":"wp","href":"https:\/\/api.w.org\/{rel}","templated":true}]}}