{"id":13255,"date":"2017-06-08T07:09:05","date_gmt":"2017-06-08T07:09:05","guid":{"rendered":"https:\/\/avexservices.com\/?page_id=13255"},"modified":"2021-07-03T14:09:46","modified_gmt":"2021-07-03T14:09:46","slug":"servicos-de-chauffeur","status":"publish","type":"page","link":"https:\/\/avexservices.com\/pt-br\/servicos-de-chauffeur\/","title":{"rendered":"Servi\u00e7os de Chauffeur"},"content":{"rendered":"\t\t<div data-elementor-type=\"wp-page\" data-elementor-id=\"13255\" class=\"elementor elementor-13255 elementor-2\">\n\t\t\t\t\t\t<section class=\"elementor-section elementor-top-section elementor-element elementor-element-6b54dc8 elementor-section-boxed elementor-section-height-default elementor-section-height-default\" data-id=\"6b54dc8\" data-element_type=\"section\" data-e-type=\"section\">\n\t\t\t\t\t\t<div class=\"elementor-container elementor-column-gap-default\">\n\t\t\t\t\t<div class=\"elementor-column elementor-col-50 elementor-top-column elementor-element elementor-element-b48d85f\" data-id=\"b48d85f\" data-element_type=\"column\" data-e-type=\"column\">\n\t\t\t<div class=\"elementor-widget-wrap elementor-element-populated\">\n\t\t\t\t\t\t<div class=\"elementor-element elementor-element-3ec9a39 elementor-widget elementor-widget-image\" data-id=\"3ec9a39\" data-element_type=\"widget\" data-e-type=\"widget\" data-widget_type=\"image.default\">\n\t\t\t\t<div class=\"elementor-widget-container\">\n\t\t\t\t\t\t\t\t\t\t\t\t\t\t\t<img fetchpriority=\"high\" decoding=\"async\" width=\"1170\" height=\"694\" src=\"https:\/\/avexservices.com\/wp-content\/uploads\/2020\/11\/B52A8981-1170x694.jpg\" class=\"attachment-large size-large wp-image-12355\" alt=\"\" srcset=\"https:\/\/avexservices.com\/wp-content\/uploads\/2020\/11\/B52A8981-1170x694.jpg 1170w, https:\/\/avexservices.com\/wp-content\/uploads\/2020\/11\/B52A8981-768x456.jpg 768w\" sizes=\"(max-width: 1170px) 100vw, 1170px\" \/>\t\t\t\t\t\t\t\t\t\t\t\t\t\t\t<\/div>\n\t\t\t\t<\/div>\n\t\t\t\t\t<\/div>\n\t\t<\/div>\n\t\t\t\t<div class=\"elementor-column elementor-col-50 elementor-top-column elementor-element elementor-element-46dfa7a\" data-id=\"46dfa7a\" data-element_type=\"column\" data-e-type=\"column\">\n\t\t\t<div class=\"elementor-widget-wrap elementor-element-populated\">\n\t\t\t\t\t\t<div class=\"elementor-element elementor-element-5c2cd40 elementor-widget elementor-widget-text-editor\" data-id=\"5c2cd40\" data-element_type=\"widget\" data-e-type=\"widget\" data-widget_type=\"text-editor.default\">\n\t\t\t\t<div class=\"elementor-widget-container\">\n\t\t\t\t\t\t\t\t\t<h2 class=\"p1\">O que \u00e9 importante para voc\u00ea, \u00e9 qualidade?<\/h2><p>Tempo? Ou talvez conforto? Um longo legado de servi\u00e7os confi\u00e1veis \u200b\u200bque fornecem a voc\u00ea a melhor habilidade ao se deslocar por Londres em carros luxuosos com motoristas experientes e amig\u00e1veis \u200b\u200bque ir\u00e3o lhe proporcionar uma visita \u00fanica \u00e0 cidade dos sonhos?<\/p><p>Na verdade, temos tudo.<\/p><p>Organizando seu traslado do aeroporto com a AvEx, nossos motoristas estar\u00e3o prontos para atend\u00ea-lo durante toda a sua jornada, do aeroporto ao hotel. Oferecemos uma variedade de servi\u00e7os por hora ou de A a B (como traslados de neg\u00f3cios, casamentos, turismo, eventos, motorista para sair \u00e0 noite e muito mais) com o m\u00e1ximo conforto e luxo, atendendo \u00e0s suas solicita\u00e7\u00f5es e necessidades. Em todas as viagens, voc\u00ea ter\u00e1 acesso a \u00e1gua mineral, WIFI e carregadores de telefone o tempo todo. Comece sua viagem logo na chegada!<\/p><p>\u00a0<\/p>\t\t\t\t\t\t\t\t<\/div>\n\t\t\t\t<\/div>\n\t\t\t\t\t<\/div>\n\t\t<\/div>\n\t\t\t\t\t<\/div>\n\t\t<\/section>\n\t\t\t\t<section class=\"elementor-section elementor-top-section elementor-element elementor-element-a4d9349 elementor-section-boxed elementor-section-height-default elementor-section-height-default\" data-id=\"a4d9349\" data-element_type=\"section\" data-e-type=\"section\">\n\t\t\t\t\t\t<div class=\"elementor-container elementor-column-gap-default\">\n\t\t\t\t\t<div class=\"elementor-column elementor-col-50 elementor-top-column elementor-element elementor-element-b9581bb\" data-id=\"b9581bb\" data-element_type=\"column\" data-e-type=\"column\">\n\t\t\t<div class=\"elementor-widget-wrap elementor-element-populated\">\n\t\t\t\t\t\t<div class=\"elementor-element elementor-element-1124771 elementor-widget elementor-widget-text-editor\" data-id=\"1124771\" data-element_type=\"widget\" data-e-type=\"widget\" data-widget_type=\"text-editor.default\">\n\t\t\t\t<div class=\"elementor-widget-container\">\n\t\t\t\t\t\t\t\t\t<p>Entendemos que nem todas as viagens acontecem conforme o planejado, por isso nossos escrit\u00f3rios monitoram constantemente o status de seus voos para que possamos estar sempre preparados. Al\u00e9m disso, os motoristas est\u00e3o preparados para esperar ou redirecionar em caso de desvios de voo para outros aeroportos. Assim que voc\u00ea pousar, seu motorista estar\u00e1 esperando no sagu\u00e3o de desembarque com seu nome claramente exibido e com uma recep\u00e7\u00e3o calorosa. Para conex\u00f5es longas de aeroporto, por que n\u00e3o visitar um museu ou saborear uma refei\u00e7\u00e3o em um de seus restaurantes favoritos? Nossos motoristas podem busc\u00e1-lo e acompanh\u00e1-lo at\u00e9 o seu voo.<\/p><p>Otimize seu tempo no pa\u00eds durante a sua conex\u00e3o, para que voc\u00ea possa aproveitar o tempo que poderia estar sentado no terminal. Voc\u00ea pode visitar Londres ou uma de nossas muitas atra\u00e7\u00f5es tur\u00edsticas.<\/p>\t\t\t\t\t\t\t\t<\/div>\n\t\t\t\t<\/div>\n\t\t\t\t\t<\/div>\n\t\t<\/div>\n\t\t\t\t<div class=\"elementor-column elementor-col-50 elementor-top-column elementor-element elementor-element-27e862b\" data-id=\"27e862b\" data-element_type=\"column\" data-e-type=\"column\">\n\t\t\t<div class=\"elementor-widget-wrap elementor-element-populated\">\n\t\t\t\t\t\t<div class=\"elementor-element elementor-element-7940c69 elementor-widget elementor-widget-image\" data-id=\"7940c69\" data-element_type=\"widget\" data-e-type=\"widget\" data-widget_type=\"image.default\">\n\t\t\t\t<div class=\"elementor-widget-container\">\n\t\t\t\t\t\t\t\t\t\t\t\t\t\t\t<img decoding=\"async\" width=\"1170\" height=\"694\" src=\"https:\/\/avexservices.com\/wp-content\/uploads\/2020\/11\/BC-22-1-1170x694.jpg\" class=\"attachment-large size-large wp-image-12460\" alt=\"\" srcset=\"https:\/\/avexservices.com\/wp-content\/uploads\/2020\/11\/BC-22-1-1170x694.jpg 1170w, https:\/\/avexservices.com\/wp-content\/uploads\/2020\/11\/BC-22-1-768x456.jpg 768w\" sizes=\"(max-width: 1170px) 100vw, 1170px\" \/>\t\t\t\t\t\t\t\t\t\t\t\t\t\t\t<\/div>\n\t\t\t\t<\/div>\n\t\t\t\t\t<\/div>\n\t\t<\/div>\n\t\t\t\t\t<\/div>\n\t\t<\/section>\n\t\t\t\t<section class=\"elementor-section elementor-top-section elementor-element elementor-element-985d603 elementor-section-boxed elementor-section-height-default elementor-section-height-default\" data-id=\"985d603\" data-element_type=\"section\" data-e-type=\"section\">\n\t\t\t\t\t\t<div class=\"elementor-container elementor-column-gap-default\">\n\t\t\t\t\t<div class=\"elementor-column elementor-col-50 elementor-top-column elementor-element elementor-element-be8e33c\" data-id=\"be8e33c\" data-element_type=\"column\" data-e-type=\"column\">\n\t\t\t<div class=\"elementor-widget-wrap elementor-element-populated\">\n\t\t\t\t\t\t<div class=\"elementor-element elementor-element-a903f2b elementor-widget elementor-widget-image\" data-id=\"a903f2b\" data-element_type=\"widget\" data-e-type=\"widget\" data-widget_type=\"image.default\">\n\t\t\t\t<div class=\"elementor-widget-container\">\n\t\t\t\t\t\t\t\t\t\t\t\t\t\t\t<img decoding=\"async\" width=\"1170\" height=\"693\" src=\"https:\/\/avexservices.com\/wp-content\/uploads\/2021\/06\/et_ve1j0682-1170x693.jpg\" class=\"attachment-large size-large wp-image-12949\" alt=\"\" srcset=\"https:\/\/avexservices.com\/wp-content\/uploads\/2021\/06\/et_ve1j0682-1170x693.jpg 1170w, https:\/\/avexservices.com\/wp-content\/uploads\/2021\/06\/et_ve1j0682-768x456.jpg 768w, https:\/\/avexservices.com\/wp-content\/uploads\/2021\/06\/et_ve1j0682-16x9.jpg 16w\" sizes=\"(max-width: 1170px) 100vw, 1170px\" \/>\t\t\t\t\t\t\t\t\t\t\t\t\t\t\t<\/div>\n\t\t\t\t<\/div>\n\t\t\t\t<div class=\"elementor-element elementor-element-74521fa elementor-widget elementor-widget-spacer\" data-id=\"74521fa\" data-element_type=\"widget\" data-e-type=\"widget\" data-widget_type=\"spacer.default\">\n\t\t\t\t<div class=\"elementor-widget-container\">\n\t\t\t\t\t\t\t<div class=\"elementor-spacer\">\n\t\t\t<div class=\"elementor-spacer-inner\"><\/div>\n\t\t<\/div>\n\t\t\t\t\t\t<\/div>\n\t\t\t\t<\/div>\n\t\t\t\t<div class=\"elementor-element elementor-element-65333b4 elementor-widget elementor-widget-button\" data-id=\"65333b4\" data-element_type=\"widget\" data-e-type=\"widget\" data-widget_type=\"button.default\">\n\t\t\t\t<div class=\"elementor-widget-container\">\n\t\t\t\t\t\t\t\t\t<div class=\"elementor-button-wrapper\">\n\t\t\t\t\t<a class=\"elementor-button elementor-button-link elementor-size-md\" href=\"\/pt-br\/contato\/\">\n\t\t\t\t\t\t<span class=\"elementor-button-content-wrapper\">\n\t\t\t\t\t\t\t\t\t<span class=\"elementor-button-text\">Entre em Contato<\/span>\n\t\t\t\t\t<\/span>\n\t\t\t\t\t<\/a>\n\t\t\t\t<\/div>\n\t\t\t\t\t\t\t\t<\/div>\n\t\t\t\t<\/div>\n\t\t\t\t\t<\/div>\n\t\t<\/div>\n\t\t\t\t<div class=\"elementor-column elementor-col-50 elementor-top-column elementor-element elementor-element-3937ab2\" data-id=\"3937ab2\" data-element_type=\"column\" data-e-type=\"column\">\n\t\t\t<div class=\"elementor-widget-wrap elementor-element-populated\">\n\t\t\t\t\t\t<div class=\"elementor-element elementor-element-02f3a2b elementor-widget elementor-widget-text-editor\" data-id=\"02f3a2b\" data-element_type=\"widget\" data-e-type=\"widget\" data-widget_type=\"text-editor.default\">\n\t\t\t\t<div class=\"elementor-widget-container\">\n\t\t\t\t\t\t\t\t\t<h2>Traslado para Bruxelas &#8211; Traslado para Paris<\/h2><p>(tamb\u00e9m com animais de estima\u00e7\u00e3o)Tamb\u00e9m fazemos transfer\u00eancias internacionais de e para pa\u00edses europeus vizinhos, como Fran\u00e7a, B\u00e9lgica, Holanda e Alemanha. Tamb\u00e9m podemos tornar as viagens com animais de estima\u00e7\u00e3o mais f\u00e1ceis.<\/p><p>Fazemos transfer\u00eancias de e para todos os principais aeroportos, esta\u00e7\u00f5es de trem internacionais e portos, como:\u00a0<\/p><ul><li>LHR &#8211; Heathrow<\/li><li>LGW &#8211; Gatwick<\/li><li>LCY &#8211; London City Airport<\/li><li>LTN &#8211; Luton<\/li><li>STN &#8211; Stansted<\/li><li>SEN &#8211; Southend<\/li><li>Eurostar &#8211; St Pancras International<\/li><li>Southampton port<\/li><li>Dover port<\/li><\/ul><p>\u00a0<\/p>\t\t\t\t\t\t\t\t<\/div>\n\t\t\t\t<\/div>\n\t\t\t\t\t<\/div>\n\t\t<\/div>\n\t\t\t\t\t<\/div>\n\t\t<\/section>\n\t\t\t\t<\/div>\n\t\t","protected":false},"excerpt":{"rendered":"<p>O que \u00e9 importante para voc\u00ea, \u00e9 qualidade? Tempo? Ou talvez conforto? Um longo legado de servi\u00e7os confi\u00e1veis \u200b\u200bque fornecem a voc\u00ea a melhor habilidade ao se deslocar por Londres em carros luxuosos com motoristas experientes e amig\u00e1veis \u200b\u200bque ir\u00e3o lhe proporcionar uma visita \u00fanica \u00e0 cidade dos sonhos? Na verdade, temos tudo. Organizando seu<\/p>\n","protected":false},"author":1,"featured_media":0,"parent":0,"menu_order":0,"comment_status":"closed","ping_status":"closed","template":"","meta":{"footnotes":""},"class_list":["post-13255","page","type-page","status-publish","hentry"],"yoast_head":"<!-- This site is optimized with the Yoast SEO plugin v27.3 - https:\/\/yoast.com\/product\/yoast-seo-wordpress\/ -->\n<title>Servi\u00e7os de Chauffeur - AVEX Services<\/title>\n<meta name=\"robots\" content=\"index, follow, max-snippet:-1, max-image-preview:large, max-video-preview:-1\" \/>\n<link rel=\"canonical\" href=\"https:\/\/avexservices.com\/pt-br\/servicos-de-chauffeur\/\" \/>\n<meta property=\"og:locale\" content=\"pt_BR\" \/>\n<meta property=\"og:type\" content=\"article\" \/>\n<meta property=\"og:title\" content=\"Servi\u00e7os de Chauffeur - AVEX Services\" \/>\n<meta property=\"og:description\" content=\"O que \u00e9 importante para voc\u00ea, \u00e9 qualidade? Tempo? Ou talvez conforto? Um longo legado de servi\u00e7os confi\u00e1veis \u200b\u200bque fornecem a voc\u00ea a melhor habilidade ao se deslocar por Londres em carros luxuosos com motoristas experientes e amig\u00e1veis \u200b\u200bque ir\u00e3o lhe proporcionar uma visita \u00fanica \u00e0 cidade dos sonhos? Na verdade, temos tudo. Organizando seu\" \/>\n<meta property=\"og:url\" content=\"https:\/\/avexservices.com\/pt-br\/servicos-de-chauffeur\/\" \/>\n<meta property=\"og:site_name\" content=\"AVEX Services\" \/>\n<meta property=\"article:publisher\" content=\"https:\/\/www.facebook.com\/avexservicesUK\" \/>\n<meta property=\"article:modified_time\" content=\"2021-07-03T14:09:46+00:00\" \/>\n<meta property=\"og:image\" content=\"https:\/\/avexservices.com\/wp-content\/uploads\/2020\/11\/B52A8981-1170x694.jpg\" \/>\n<meta name=\"twitter:card\" content=\"summary_large_image\" \/>\n<meta name=\"twitter:label1\" content=\"Est. tempo de leitura\" \/>\n\t<meta name=\"twitter:data1\" content=\"3 minutos\" \/>\n<script type=\"application\/ld+json\" class=\"yoast-schema-graph\">{\"@context\":\"https:\\\/\\\/schema.org\",\"@graph\":[{\"@type\":\"WebPage\",\"@id\":\"https:\\\/\\\/avexservices.com\\\/pt-br\\\/servicos-de-chauffeur\\\/\",\"url\":\"https:\\\/\\\/avexservices.com\\\/pt-br\\\/servicos-de-chauffeur\\\/\",\"name\":\"Servi\u00e7os de Chauffeur - AVEX Services\",\"isPartOf\":{\"@id\":\"https:\\\/\\\/avexservices.com\\\/pt-br\\\/#website\"},\"primaryImageOfPage\":{\"@id\":\"https:\\\/\\\/avexservices.com\\\/pt-br\\\/servicos-de-chauffeur\\\/#primaryimage\"},\"image\":{\"@id\":\"https:\\\/\\\/avexservices.com\\\/pt-br\\\/servicos-de-chauffeur\\\/#primaryimage\"},\"thumbnailUrl\":\"https:\\\/\\\/avexservices.com\\\/wp-content\\\/uploads\\\/2020\\\/11\\\/B52A8981-1170x694.jpg\",\"datePublished\":\"2017-06-08T07:09:05+00:00\",\"dateModified\":\"2021-07-03T14:09:46+00:00\",\"breadcrumb\":{\"@id\":\"https:\\\/\\\/avexservices.com\\\/pt-br\\\/servicos-de-chauffeur\\\/#breadcrumb\"},\"inLanguage\":\"pt-BR\",\"potentialAction\":[{\"@type\":\"ReadAction\",\"target\":[\"https:\\\/\\\/avexservices.com\\\/pt-br\\\/servicos-de-chauffeur\\\/\"]}]},{\"@type\":\"ImageObject\",\"inLanguage\":\"pt-BR\",\"@id\":\"https:\\\/\\\/avexservices.com\\\/pt-br\\\/servicos-de-chauffeur\\\/#primaryimage\",\"url\":\"https:\\\/\\\/avexservices.com\\\/wp-content\\\/uploads\\\/2020\\\/11\\\/B52A8981-1170x694.jpg\",\"contentUrl\":\"https:\\\/\\\/avexservices.com\\\/wp-content\\\/uploads\\\/2020\\\/11\\\/B52A8981-1170x694.jpg\"},{\"@type\":\"BreadcrumbList\",\"@id\":\"https:\\\/\\\/avexservices.com\\\/pt-br\\\/servicos-de-chauffeur\\\/#breadcrumb\",\"itemListElement\":[{\"@type\":\"ListItem\",\"position\":1,\"name\":\"Home\",\"item\":\"https:\\\/\\\/avexservices.com\\\/pt-br\\\/\"},{\"@type\":\"ListItem\",\"position\":2,\"name\":\"Servi\u00e7os de Chauffeur\"}]},{\"@type\":\"WebSite\",\"@id\":\"https:\\\/\\\/avexservices.com\\\/pt-br\\\/#website\",\"url\":\"https:\\\/\\\/avexservices.com\\\/pt-br\\\/\",\"name\":\"AVEX Services\",\"description\":\"Chauffeurs | City Tours | Logistics | Luggage\",\"publisher\":{\"@id\":\"https:\\\/\\\/avexservices.com\\\/pt-br\\\/#organization\"},\"potentialAction\":[{\"@type\":\"SearchAction\",\"target\":{\"@type\":\"EntryPoint\",\"urlTemplate\":\"https:\\\/\\\/avexservices.com\\\/pt-br\\\/?s={search_term_string}\"},\"query-input\":{\"@type\":\"PropertyValueSpecification\",\"valueRequired\":true,\"valueName\":\"search_term_string\"}}],\"inLanguage\":\"pt-BR\"},{\"@type\":\"Organization\",\"@id\":\"https:\\\/\\\/avexservices.com\\\/pt-br\\\/#organization\",\"name\":\"Avex Services\",\"url\":\"https:\\\/\\\/avexservices.com\\\/pt-br\\\/\",\"logo\":{\"@type\":\"ImageObject\",\"inLanguage\":\"pt-BR\",\"@id\":\"https:\\\/\\\/avexservices.com\\\/pt-br\\\/#\\\/schema\\\/logo\\\/image\\\/\",\"url\":\"https:\\\/\\\/avexservices.com\\\/wp-content\\\/uploads\\\/2020\\\/11\\\/avex_logo.png\",\"contentUrl\":\"https:\\\/\\\/avexservices.com\\\/wp-content\\\/uploads\\\/2020\\\/11\\\/avex_logo.png\",\"width\":387,\"height\":173,\"caption\":\"Avex Services\"},\"image\":{\"@id\":\"https:\\\/\\\/avexservices.com\\\/pt-br\\\/#\\\/schema\\\/logo\\\/image\\\/\"},\"sameAs\":[\"https:\\\/\\\/www.facebook.com\\\/avexservicesUK\",\"https:\\\/\\\/www.instagram.com\\\/avexservices\"]}]}<\/script>\n<!-- \/ Yoast SEO plugin. -->","yoast_head_json":{"title":"Servi\u00e7os de Chauffeur - AVEX Services","robots":{"index":"index","follow":"follow","max-snippet":"max-snippet:-1","max-image-preview":"max-image-preview:large","max-video-preview":"max-video-preview:-1"},"canonical":"https:\/\/avexservices.com\/pt-br\/servicos-de-chauffeur\/","og_locale":"pt_BR","og_type":"article","og_title":"Servi\u00e7os de Chauffeur - AVEX Services","og_description":"O que \u00e9 importante para voc\u00ea, \u00e9 qualidade? Tempo? Ou talvez conforto? Um longo legado de servi\u00e7os confi\u00e1veis \u200b\u200bque fornecem a voc\u00ea a melhor habilidade ao se deslocar por Londres em carros luxuosos com motoristas experientes e amig\u00e1veis \u200b\u200bque ir\u00e3o lhe proporcionar uma visita \u00fanica \u00e0 cidade dos sonhos? Na verdade, temos tudo. Organizando seu","og_url":"https:\/\/avexservices.com\/pt-br\/servicos-de-chauffeur\/","og_site_name":"AVEX Services","article_publisher":"https:\/\/www.facebook.com\/avexservicesUK","article_modified_time":"2021-07-03T14:09:46+00:00","og_image":[{"url":"https:\/\/avexservices.com\/wp-content\/uploads\/2020\/11\/B52A8981-1170x694.jpg","type":"","width":"","height":""}],"twitter_card":"summary_large_image","twitter_misc":{"Est. tempo de leitura":"3 minutos"},"schema":{"@context":"https:\/\/schema.org","@graph":[{"@type":"WebPage","@id":"https:\/\/avexservices.com\/pt-br\/servicos-de-chauffeur\/","url":"https:\/\/avexservices.com\/pt-br\/servicos-de-chauffeur\/","name":"Servi\u00e7os de Chauffeur - AVEX Services","isPartOf":{"@id":"https:\/\/avexservices.com\/pt-br\/#website"},"primaryImageOfPage":{"@id":"https:\/\/avexservices.com\/pt-br\/servicos-de-chauffeur\/#primaryimage"},"image":{"@id":"https:\/\/avexservices.com\/pt-br\/servicos-de-chauffeur\/#primaryimage"},"thumbnailUrl":"https:\/\/avexservices.com\/wp-content\/uploads\/2020\/11\/B52A8981-1170x694.jpg","datePublished":"2017-06-08T07:09:05+00:00","dateModified":"2021-07-03T14:09:46+00:00","breadcrumb":{"@id":"https:\/\/avexservices.com\/pt-br\/servicos-de-chauffeur\/#breadcrumb"},"inLanguage":"pt-BR","potentialAction":[{"@type":"ReadAction","target":["https:\/\/avexservices.com\/pt-br\/servicos-de-chauffeur\/"]}]},{"@type":"ImageObject","inLanguage":"pt-BR","@id":"https:\/\/avexservices.com\/pt-br\/servicos-de-chauffeur\/#primaryimage","url":"https:\/\/avexservices.com\/wp-content\/uploads\/2020\/11\/B52A8981-1170x694.jpg","contentUrl":"https:\/\/avexservices.com\/wp-content\/uploads\/2020\/11\/B52A8981-1170x694.jpg"},{"@type":"BreadcrumbList","@id":"https:\/\/avexservices.com\/pt-br\/servicos-de-chauffeur\/#breadcrumb","itemListElement":[{"@type":"ListItem","position":1,"name":"Home","item":"https:\/\/avexservices.com\/pt-br\/"},{"@type":"ListItem","position":2,"name":"Servi\u00e7os de Chauffeur"}]},{"@type":"WebSite","@id":"https:\/\/avexservices.com\/pt-br\/#website","url":"https:\/\/avexservices.com\/pt-br\/","name":"AVEX Services","description":"Chauffeurs | City Tours | Logistics | Luggage","publisher":{"@id":"https:\/\/avexservices.com\/pt-br\/#organization"},"potentialAction":[{"@type":"SearchAction","target":{"@type":"EntryPoint","urlTemplate":"https:\/\/avexservices.com\/pt-br\/?s={search_term_string}"},"query-input":{"@type":"PropertyValueSpecification","valueRequired":true,"valueName":"search_term_string"}}],"inLanguage":"pt-BR"},{"@type":"Organization","@id":"https:\/\/avexservices.com\/pt-br\/#organization","name":"Avex Services","url":"https:\/\/avexservices.com\/pt-br\/","logo":{"@type":"ImageObject","inLanguage":"pt-BR","@id":"https:\/\/avexservices.com\/pt-br\/#\/schema\/logo\/image\/","url":"https:\/\/avexservices.com\/wp-content\/uploads\/2020\/11\/avex_logo.png","contentUrl":"https:\/\/avexservices.com\/wp-content\/uploads\/2020\/11\/avex_logo.png","width":387,"height":173,"caption":"Avex Services"},"image":{"@id":"https:\/\/avexservices.com\/pt-br\/#\/schema\/logo\/image\/"},"sameAs":["https:\/\/www.facebook.com\/avexservicesUK","https:\/\/www.instagram.com\/avexservices"]}]}},"_links":{"self":[{"href":"https:\/\/avexservices.com\/pt-br\/wp-json\/wp\/v2\/pages\/13255","targetHints":{"allow":["GET"]}}],"collection":[{"href":"https:\/\/avexservices.com\/pt-br\/wp-json\/wp\/v2\/pages"}],"about":[{"href":"https:\/\/avexservices.com\/pt-br\/wp-json\/wp\/v2\/types\/page"}],"author":[{"embeddable":true,"href":"https:\/\/avexservices.com\/pt-br\/wp-json\/wp\/v2\/users\/1"}],"replies":[{"embeddable":true,"href":"https:\/\/avexservices.com\/pt-br\/wp-json\/wp\/v2\/comments?post=13255"}],"version-history":[{"count":14,"href":"https:\/\/avexservices.com\/pt-br\/wp-json\/wp\/v2\/pages\/13255\/revisions"}],"predecessor-version":[{"id":13636,"href":"https:\/\/avexservices.com\/pt-br\/wp-json\/wp\/v2\/pages\/13255\/revisions\/13636"}],"wp:attachment":[{"href":"https:\/\/avexservices.com\/pt-br\/wp-json\/wp\/v2\/media?parent=13255"}],"curies":[{"name":"wp","href":"https:\/\/api.w.org\/{rel}","templated":true}]}}