{"id":13269,"date":"2019-04-24T06:35:23","date_gmt":"2019-04-24T06:35:23","guid":{"rendered":"https:\/\/avexservices.com\/?page_id=13269"},"modified":"2021-07-03T11:03:10","modified_gmt":"2021-07-03T11:03:10","slug":"contato","status":"publish","type":"page","link":"https:\/\/avexservices.com\/pt-br\/contato\/","title":{"rendered":"Contato"},"content":{"rendered":"\t\t<div data-elementor-type=\"wp-post\" data-elementor-id=\"13269\" class=\"elementor elementor-13269 elementor-5163\">\n\t\t\t\t\t\t<section class=\"elementor-section elementor-top-section elementor-element elementor-element-e152457 elementor-section-content-middle elementor-section-boxed elementor-section-height-default elementor-section-height-default\" data-id=\"e152457\" data-element_type=\"section\" data-e-type=\"section\">\n\t\t\t\t\t\t<div class=\"elementor-container elementor-column-gap-default\">\n\t\t\t\t\t<div class=\"elementor-column elementor-col-50 elementor-top-column elementor-element elementor-element-fdc91a6 pr-lg-4\" data-id=\"fdc91a6\" data-element_type=\"column\" data-e-type=\"column\">\n\t\t\t<div class=\"elementor-widget-wrap elementor-element-populated\">\n\t\t\t\t\t\t<div class=\"elementor-element elementor-element-e5a05fd elementor-widget elementor-widget-miionsectiontitle\" data-id=\"e5a05fd\" data-element_type=\"widget\" data-e-type=\"widget\" data-widget_type=\"miionsectiontitle.default\">\n\t\t\t\t<div class=\"elementor-widget-container\">\n\t\t\t\t\t<div class=\"section-title-wrapper\"><div class=\"title-wrap\"><span class=\"sub-title\">Entrar em contato<\/span><h3 class=\"section-title\">N\u00e3o hesite em nos contatar<\/h3><\/div><!-- .title-wrap --><div class=\"section-description\">AvEx Services \u00e9 uma empresa de transportes com sede em Londres, que fornece servi\u00e7os sob medida para todas as suas necessidades de transporte. Contate-nos hoje para descobrir como podemos ajud\u00e1-lo.<\/div><!-- .section-description --><\/div><!-- .section-title-wrapper -->\t\t\t\t<\/div>\n\t\t\t\t<\/div>\n\t\t\t\t<div class=\"elementor-element elementor-element-1ac8f57 elementor-widget elementor-widget-miionfeaturebox\" data-id=\"1ac8f57\" data-element_type=\"widget\" data-e-type=\"widget\" data-widget_type=\"miionfeaturebox.default\">\n\t\t\t\t<div class=\"elementor-widget-container feature-box-wrapper\" data-css=\"&quot;&quot;\">\r\n\t\t\t<div class=\"media\"><div class=\"media-icon-part align-self-center\"><div class=\"feature-box-icon\"><span class=\"text-center icon-theme-color rounded fbox-icon-middle ti-email\"><\/span><\/div><\/div><div class=\"media-body\"><h6 class=\"feature-box-title\">E-mail:<\/h6><div class=\"fbox-content\"><a href=\"mailto:info@avexservices.com\">info@avexservices.com<\/a><\/div><\/div><!-- .media-body --><\/div><!-- .media -->\t\t<\/div>\r\n\t\t\t\t<\/div>\n\t\t\t\t<div class=\"elementor-element elementor-element-0af8cc6 elementor-widget elementor-widget-miionfeaturebox\" data-id=\"0af8cc6\" data-element_type=\"widget\" data-e-type=\"widget\" data-widget_type=\"miionfeaturebox.default\">\n\t\t\t\t<div class=\"elementor-widget-container feature-box-wrapper\" data-css=\"&quot;&quot;\">\r\n\t\t\t<div class=\"media\"><div class=\"media-icon-part align-self-center\"><div class=\"feature-box-icon\"><span class=\"text-center icon-theme-color rounded fbox-icon-middle fa fa-phone\"><\/span><\/div><\/div><div class=\"media-body\"><h6 class=\"feature-box-title\">Ligue:<\/h6><div class=\"fbox-content\"><a href=\"tel:00442089355192\" >+44 \n (0) 208 935 5192<\/a><\/div><\/div><!-- .media-body --><\/div><!-- .media -->\t\t<\/div>\r\n\t\t\t\t<\/div>\n\t\t\t\t<div class=\"elementor-element elementor-element-24409ea elementor-widget elementor-widget-miionfeaturebox\" data-id=\"24409ea\" data-element_type=\"widget\" data-e-type=\"widget\" data-widget_type=\"miionfeaturebox.default\">\n\t\t\t\t<div class=\"elementor-widget-container feature-box-wrapper\" data-css=\"&quot;&quot;\">\r\n\t\t\t<div class=\"media\"><div class=\"media-icon-part align-self-center\"><div class=\"feature-box-icon\"><span class=\"text-center icon-theme-color rounded fbox-icon-middle fa fa-whatsapp\"><\/span><\/div><\/div><div class=\"media-body\"><h6 class=\"feature-box-title\">Mensagem de Texto:<\/h6><div class=\"fbox-content\"><a href=\"https:\/\/wa.me\/447886100669?text=Hello%20-%20I'm%20inquiring%20about%20your%20services\" >+44 7886 100669<\/a><\/div><\/div><!-- .media-body --><\/div><!-- .media -->\t\t<\/div>\r\n\t\t\t\t<\/div>\n\t\t\t\t\t<\/div>\n\t\t<\/div>\n\t\t\t\t<div class=\"elementor-column elementor-col-50 elementor-top-column elementor-element elementor-element-2f3ed94\" data-id=\"2f3ed94\" data-element_type=\"column\" data-e-type=\"column\">\n\t\t\t<div class=\"elementor-widget-wrap elementor-element-populated\">\n\t\t\t\t\t\t<section class=\"elementor-section elementor-inner-section elementor-element elementor-element-c602410 elementor-section-boxed elementor-section-height-default elementor-section-height-default\" data-id=\"c602410\" data-element_type=\"section\" data-e-type=\"section\">\n\t\t\t\t\t\t<div class=\"elementor-container elementor-column-gap-default\">\n\t\t\t\t\t<div class=\"elementor-column elementor-col-100 elementor-inner-column elementor-element elementor-element-6e8bc5d\" data-id=\"6e8bc5d\" data-element_type=\"column\" data-e-type=\"column\">\n\t\t\t<div class=\"elementor-widget-wrap elementor-element-populated\">\n\t\t\t\t\t\t<div class=\"elementor-element elementor-element-de1131a elementor-widget elementor-widget-contactform\" data-id=\"de1131a\" data-element_type=\"widget\" data-e-type=\"widget\" data-widget_type=\"contactform.default\">\n\t\t\t\t<div class=\"elementor-widget-container\">\n\t\t\t\t\t<div class=\"contact-form-wrapper cf-default\"><div class=\"contact-form\">\n<div class=\"wpcf7 no-js\" id=\"wpcf7-f70-o1\" lang=\"en-US\" dir=\"ltr\" data-wpcf7-id=\"70\">\n<div class=\"screen-reader-response\"><p role=\"status\" aria-live=\"polite\" aria-atomic=\"true\"><\/p> <ul><\/ul><\/div>\n<form action=\"\/pt-br\/wp-json\/wp\/v2\/pages\/13269#wpcf7-f70-o1\" method=\"post\" class=\"wpcf7-form init\" aria-label=\"Contact form\" novalidate=\"novalidate\" data-status=\"init\">\n<fieldset class=\"hidden-fields-container\"><input type=\"hidden\" name=\"_wpcf7\" value=\"70\" \/><input type=\"hidden\" name=\"_wpcf7_version\" value=\"6.1.5\" \/><input type=\"hidden\" name=\"_wpcf7_locale\" value=\"en_US\" \/><input type=\"hidden\" name=\"_wpcf7_unit_tag\" value=\"wpcf7-f70-o1\" \/><input type=\"hidden\" name=\"_wpcf7_container_post\" value=\"0\" \/><input type=\"hidden\" name=\"_wpcf7_posted_data_hash\" value=\"\" \/>\n<\/fieldset>\n<p><label> Your Name (required)<br \/>\n<span class=\"wpcf7-form-control-wrap\" data-name=\"your-name\"><input size=\"40\" maxlength=\"400\" class=\"wpcf7-form-control wpcf7-text wpcf7-validates-as-required\" aria-required=\"true\" aria-invalid=\"false\" value=\"\" type=\"text\" name=\"your-name\" \/><\/span> <\/label>\n<\/p>\n<p><label> Your Email (required)<br \/>\n<span class=\"wpcf7-form-control-wrap\" data-name=\"your-email\"><input size=\"40\" maxlength=\"400\" class=\"wpcf7-form-control wpcf7-email wpcf7-validates-as-required wpcf7-text wpcf7-validates-as-email\" aria-required=\"true\" aria-invalid=\"false\" value=\"\" type=\"email\" name=\"your-email\" \/><\/span> <\/label>\n<\/p>\n<p><label> Subject<br \/>\n<span class=\"wpcf7-form-control-wrap\" data-name=\"your-subject\"><input size=\"40\" maxlength=\"400\" class=\"wpcf7-form-control wpcf7-text\" aria-invalid=\"false\" value=\"\" type=\"text\" name=\"your-subject\" \/><\/span> <\/label>\n<\/p>\n<p><label> Your Message<br \/>\n<span class=\"wpcf7-form-control-wrap\" data-name=\"your-message\"><textarea cols=\"40\" rows=\"10\" maxlength=\"2000\" class=\"wpcf7-form-control wpcf7-textarea\" aria-invalid=\"false\" name=\"your-message\"><\/textarea><\/span> <\/label>\n<\/p>\n<p><input class=\"wpcf7-form-control wpcf7-submit has-spinner\" type=\"submit\" value=\"Send\" \/>\n<\/p><div class=\"wpcf7-response-output\" aria-hidden=\"true\"><\/div>\n<\/form>\n<\/div>\n<\/div><!-- .contact-form --><\/div><!-- .contact-form-wrapper -->\t\t\t\t<\/div>\n\t\t\t\t<\/div>\n\t\t\t\t\t<\/div>\n\t\t<\/div>\n\t\t\t\t\t<\/div>\n\t\t<\/section>\n\t\t\t\t\t<\/div>\n\t\t<\/div>\n\t\t\t\t\t<\/div>\n\t\t<\/section>\n\t\t\t\t<\/div>\n\t\t","protected":false},"excerpt":{"rendered":"<p>Entrar em contato N\u00e3o hesite em nos contatar AvEx Services \u00e9 uma empresa de transportes com sede em Londres, que fornece servi\u00e7os sob medida para todas as suas necessidades de transporte. Contate-nos hoje para descobrir como podemos ajud\u00e1-lo. E-mail: info@avexservices.com Ligue: +44 (0) 208 935 5192 Mensagem de Texto: +44 7886 100669 Your Name (required)<\/p>\n","protected":false},"author":1,"featured_media":0,"parent":0,"menu_order":0,"comment_status":"closed","ping_status":"closed","template":"","meta":{"footnotes":""},"class_list":["post-13269","page","type-page","status-publish","hentry"],"yoast_head":"<!-- This site is optimized with the Yoast SEO plugin v27.3 - https:\/\/yoast.com\/product\/yoast-seo-wordpress\/ -->\n<title>Contato - AVEX Services<\/title>\n<meta name=\"robots\" content=\"index, follow, max-snippet:-1, max-image-preview:large, max-video-preview:-1\" \/>\n<link rel=\"canonical\" href=\"https:\/\/avexservices.com\/pt-br\/contato\/\" \/>\n<meta property=\"og:locale\" content=\"pt_BR\" \/>\n<meta property=\"og:type\" content=\"article\" \/>\n<meta property=\"og:title\" content=\"Contato - AVEX Services\" \/>\n<meta property=\"og:description\" content=\"Entrar em contato N\u00e3o hesite em nos contatar AvEx Services \u00e9 uma empresa de transportes com sede em Londres, que fornece servi\u00e7os sob medida para todas as suas necessidades de transporte. Contate-nos hoje para descobrir como podemos ajud\u00e1-lo. E-mail: info@avexservices.com Ligue: +44 (0) 208 935 5192 Mensagem de Texto: +44 7886 100669 Your Name (required)\" \/>\n<meta property=\"og:url\" content=\"https:\/\/avexservices.com\/pt-br\/contato\/\" \/>\n<meta property=\"og:site_name\" content=\"AVEX Services\" \/>\n<meta property=\"article:publisher\" content=\"https:\/\/www.facebook.com\/avexservicesUK\" \/>\n<meta property=\"article:modified_time\" content=\"2021-07-03T11:03:10+00:00\" \/>\n<meta name=\"twitter:card\" content=\"summary_large_image\" \/>\n<meta name=\"twitter:label1\" content=\"Est. tempo de leitura\" \/>\n\t<meta name=\"twitter:data1\" content=\"1 minuto\" \/>\n<script type=\"application\/ld+json\" class=\"yoast-schema-graph\">{\"@context\":\"https:\\\/\\\/schema.org\",\"@graph\":[{\"@type\":\"WebPage\",\"@id\":\"https:\\\/\\\/avexservices.com\\\/pt-br\\\/contato\\\/\",\"url\":\"https:\\\/\\\/avexservices.com\\\/pt-br\\\/contato\\\/\",\"name\":\"Contato - AVEX Services\",\"isPartOf\":{\"@id\":\"https:\\\/\\\/avexservices.com\\\/pt-br\\\/#website\"},\"datePublished\":\"2019-04-24T06:35:23+00:00\",\"dateModified\":\"2021-07-03T11:03:10+00:00\",\"breadcrumb\":{\"@id\":\"https:\\\/\\\/avexservices.com\\\/pt-br\\\/contato\\\/#breadcrumb\"},\"inLanguage\":\"pt-BR\",\"potentialAction\":[{\"@type\":\"ReadAction\",\"target\":[\"https:\\\/\\\/avexservices.com\\\/pt-br\\\/contato\\\/\"]}]},{\"@type\":\"BreadcrumbList\",\"@id\":\"https:\\\/\\\/avexservices.com\\\/pt-br\\\/contato\\\/#breadcrumb\",\"itemListElement\":[{\"@type\":\"ListItem\",\"position\":1,\"name\":\"Home\",\"item\":\"https:\\\/\\\/avexservices.com\\\/pt-br\\\/\"},{\"@type\":\"ListItem\",\"position\":2,\"name\":\"Contato\"}]},{\"@type\":\"WebSite\",\"@id\":\"https:\\\/\\\/avexservices.com\\\/pt-br\\\/#website\",\"url\":\"https:\\\/\\\/avexservices.com\\\/pt-br\\\/\",\"name\":\"AVEX Services\",\"description\":\"Chauffeurs | City Tours | Logistics | Luggage\",\"publisher\":{\"@id\":\"https:\\\/\\\/avexservices.com\\\/pt-br\\\/#organization\"},\"potentialAction\":[{\"@type\":\"SearchAction\",\"target\":{\"@type\":\"EntryPoint\",\"urlTemplate\":\"https:\\\/\\\/avexservices.com\\\/pt-br\\\/?s={search_term_string}\"},\"query-input\":{\"@type\":\"PropertyValueSpecification\",\"valueRequired\":true,\"valueName\":\"search_term_string\"}}],\"inLanguage\":\"pt-BR\"},{\"@type\":\"Organization\",\"@id\":\"https:\\\/\\\/avexservices.com\\\/pt-br\\\/#organization\",\"name\":\"Avex Services\",\"url\":\"https:\\\/\\\/avexservices.com\\\/pt-br\\\/\",\"logo\":{\"@type\":\"ImageObject\",\"inLanguage\":\"pt-BR\",\"@id\":\"https:\\\/\\\/avexservices.com\\\/pt-br\\\/#\\\/schema\\\/logo\\\/image\\\/\",\"url\":\"https:\\\/\\\/avexservices.com\\\/wp-content\\\/uploads\\\/2020\\\/11\\\/avex_logo.png\",\"contentUrl\":\"https:\\\/\\\/avexservices.com\\\/wp-content\\\/uploads\\\/2020\\\/11\\\/avex_logo.png\",\"width\":387,\"height\":173,\"caption\":\"Avex Services\"},\"image\":{\"@id\":\"https:\\\/\\\/avexservices.com\\\/pt-br\\\/#\\\/schema\\\/logo\\\/image\\\/\"},\"sameAs\":[\"https:\\\/\\\/www.facebook.com\\\/avexservicesUK\",\"https:\\\/\\\/www.instagram.com\\\/avexservices\"]}]}<\/script>\n<!-- \/ Yoast SEO plugin. -->","yoast_head_json":{"title":"Contato - AVEX Services","robots":{"index":"index","follow":"follow","max-snippet":"max-snippet:-1","max-image-preview":"max-image-preview:large","max-video-preview":"max-video-preview:-1"},"canonical":"https:\/\/avexservices.com\/pt-br\/contato\/","og_locale":"pt_BR","og_type":"article","og_title":"Contato - AVEX Services","og_description":"Entrar em contato N\u00e3o hesite em nos contatar AvEx Services \u00e9 uma empresa de transportes com sede em Londres, que fornece servi\u00e7os sob medida para todas as suas necessidades de transporte. Contate-nos hoje para descobrir como podemos ajud\u00e1-lo. E-mail: info@avexservices.com Ligue: +44 (0) 208 935 5192 Mensagem de Texto: +44 7886 100669 Your Name (required)","og_url":"https:\/\/avexservices.com\/pt-br\/contato\/","og_site_name":"AVEX Services","article_publisher":"https:\/\/www.facebook.com\/avexservicesUK","article_modified_time":"2021-07-03T11:03:10+00:00","twitter_card":"summary_large_image","twitter_misc":{"Est. tempo de leitura":"1 minuto"},"schema":{"@context":"https:\/\/schema.org","@graph":[{"@type":"WebPage","@id":"https:\/\/avexservices.com\/pt-br\/contato\/","url":"https:\/\/avexservices.com\/pt-br\/contato\/","name":"Contato - AVEX Services","isPartOf":{"@id":"https:\/\/avexservices.com\/pt-br\/#website"},"datePublished":"2019-04-24T06:35:23+00:00","dateModified":"2021-07-03T11:03:10+00:00","breadcrumb":{"@id":"https:\/\/avexservices.com\/pt-br\/contato\/#breadcrumb"},"inLanguage":"pt-BR","potentialAction":[{"@type":"ReadAction","target":["https:\/\/avexservices.com\/pt-br\/contato\/"]}]},{"@type":"BreadcrumbList","@id":"https:\/\/avexservices.com\/pt-br\/contato\/#breadcrumb","itemListElement":[{"@type":"ListItem","position":1,"name":"Home","item":"https:\/\/avexservices.com\/pt-br\/"},{"@type":"ListItem","position":2,"name":"Contato"}]},{"@type":"WebSite","@id":"https:\/\/avexservices.com\/pt-br\/#website","url":"https:\/\/avexservices.com\/pt-br\/","name":"AVEX Services","description":"Chauffeurs | City Tours | Logistics | Luggage","publisher":{"@id":"https:\/\/avexservices.com\/pt-br\/#organization"},"potentialAction":[{"@type":"SearchAction","target":{"@type":"EntryPoint","urlTemplate":"https:\/\/avexservices.com\/pt-br\/?s={search_term_string}"},"query-input":{"@type":"PropertyValueSpecification","valueRequired":true,"valueName":"search_term_string"}}],"inLanguage":"pt-BR"},{"@type":"Organization","@id":"https:\/\/avexservices.com\/pt-br\/#organization","name":"Avex Services","url":"https:\/\/avexservices.com\/pt-br\/","logo":{"@type":"ImageObject","inLanguage":"pt-BR","@id":"https:\/\/avexservices.com\/pt-br\/#\/schema\/logo\/image\/","url":"https:\/\/avexservices.com\/wp-content\/uploads\/2020\/11\/avex_logo.png","contentUrl":"https:\/\/avexservices.com\/wp-content\/uploads\/2020\/11\/avex_logo.png","width":387,"height":173,"caption":"Avex Services"},"image":{"@id":"https:\/\/avexservices.com\/pt-br\/#\/schema\/logo\/image\/"},"sameAs":["https:\/\/www.facebook.com\/avexservicesUK","https:\/\/www.instagram.com\/avexservices"]}]}},"_links":{"self":[{"href":"https:\/\/avexservices.com\/pt-br\/wp-json\/wp\/v2\/pages\/13269","targetHints":{"allow":["GET"]}}],"collection":[{"href":"https:\/\/avexservices.com\/pt-br\/wp-json\/wp\/v2\/pages"}],"about":[{"href":"https:\/\/avexservices.com\/pt-br\/wp-json\/wp\/v2\/types\/page"}],"author":[{"embeddable":true,"href":"https:\/\/avexservices.com\/pt-br\/wp-json\/wp\/v2\/users\/1"}],"replies":[{"embeddable":true,"href":"https:\/\/avexservices.com\/pt-br\/wp-json\/wp\/v2\/comments?post=13269"}],"version-history":[{"count":17,"href":"https:\/\/avexservices.com\/pt-br\/wp-json\/wp\/v2\/pages\/13269\/revisions"}],"predecessor-version":[{"id":13528,"href":"https:\/\/avexservices.com\/pt-br\/wp-json\/wp\/v2\/pages\/13269\/revisions\/13528"}],"wp:attachment":[{"href":"https:\/\/avexservices.com\/pt-br\/wp-json\/wp\/v2\/media?parent=13269"}],"curies":[{"name":"wp","href":"https:\/\/api.w.org\/{rel}","templated":true}]}}