{"id":13524,"date":"2017-06-08T10:58:53","date_gmt":"2017-06-08T10:58:53","guid":{"rendered":"https:\/\/avexservices.com\/solucoes-de-logisticas\/"},"modified":"2021-07-03T10:58:44","modified_gmt":"2021-07-03T10:58:44","slug":"solucoes-de-logisticas","status":"publish","type":"page","link":"https:\/\/avexservices.com\/pt-br\/solucoes-de-logisticas\/","title":{"rendered":"Solu\u00e7\u00f5es de Log\u00edsticas"},"content":{"rendered":"\t\t<div data-elementor-type=\"wp-page\" data-elementor-id=\"13524\" class=\"elementor elementor-13524 elementor-108\">\n\t\t\t\t\t\t<section class=\"elementor-section elementor-top-section elementor-element elementor-element-1ed4930 elementor-section-boxed elementor-section-height-default elementor-section-height-default\" data-id=\"1ed4930\" data-element_type=\"section\" data-e-type=\"section\">\n\t\t\t\t\t\t<div class=\"elementor-container elementor-column-gap-default\">\n\t\t\t\t\t<div class=\"elementor-column elementor-col-50 elementor-top-column elementor-element elementor-element-cccc2d5\" data-id=\"cccc2d5\" data-element_type=\"column\" data-e-type=\"column\">\n\t\t\t<div class=\"elementor-widget-wrap elementor-element-populated\">\n\t\t\t\t\t\t<div class=\"elementor-element elementor-element-70f6950 elementor-widget elementor-widget-image\" data-id=\"70f6950\" data-element_type=\"widget\" data-e-type=\"widget\" data-widget_type=\"image.default\">\n\t\t\t\t<div class=\"elementor-widget-container\">\n\t\t\t\t\t\t\t\t\t\t\t\t\t\t\t<img fetchpriority=\"high\" decoding=\"async\" width=\"1024\" height=\"694\" src=\"https:\/\/avexservices.com\/wp-content\/uploads\/2020\/11\/mercedes-benz_vito_compact_diesel_34032-1024x694.jpg\" class=\"attachment-large size-large wp-image-12660\" alt=\"\" \/>\t\t\t\t\t\t\t\t\t\t\t\t\t\t\t<\/div>\n\t\t\t\t<\/div>\n\t\t\t\t\t<\/div>\n\t\t<\/div>\n\t\t\t\t<div class=\"elementor-column elementor-col-50 elementor-top-column elementor-element elementor-element-39e46f1\" data-id=\"39e46f1\" data-element_type=\"column\" data-e-type=\"column\">\n\t\t\t<div class=\"elementor-widget-wrap elementor-element-populated\">\n\t\t\t\t\t\t<div class=\"elementor-element elementor-element-91bcee6 elementor-widget elementor-widget-text-editor\" data-id=\"91bcee6\" data-element_type=\"widget\" data-e-type=\"widget\" data-widget_type=\"text-editor.default\">\n\t\t\t\t<div class=\"elementor-widget-container\">\n\t\t\t\t\t\t\t\t\t<h2>Logistica<\/h2>\n<p>Se voc\u00ea precisa de van, uma viagem \u00fanica de A para B ou contratos multi drop de longo prazo, n\u00f3s podemos ajudar.<\/p>\n<p>Taxas da seguinte forma:<\/p>\n<ul>\n<li>SV van pequena (1 palete) \u00a3 1,20 por milha<br \/>\nVan TV Transit (2 paletes) \u00a3 1,50 por milha<br \/>\nLWB longa dist\u00e2ncia entre eixos (3 paletes) \u00a3 1,95 por milha<\/li>\n<\/ul>\n<p>&nbsp;<\/p>\n\t\t\t\t\t\t\t\t<\/div>\n\t\t\t\t<\/div>\n\t\t\t\t<div class=\"elementor-element elementor-element-c393148 elementor-widget elementor-widget-text-editor\" data-id=\"c393148\" data-element_type=\"widget\" data-e-type=\"widget\" data-widget_type=\"text-editor.default\">\n\t\t\t\t<div class=\"elementor-widget-container\">\n\t\t\t\t\t\t\t\t\t<h2>AOG<\/h2>\n<p>Para quaisquer requisitos de AOG, ligue para nossa linha direta 24\/7 +44 7886 100669<\/p>\n<p>Envie-nos um e-mail para info@avexservices.com ou ligue para +44 208 935 5192 para qualquer or\u00e7amento<\/p>\n<p>&nbsp;<\/p>\n\t\t\t\t\t\t\t\t<\/div>\n\t\t\t\t<\/div>\n\t\t\t\t\t<\/div>\n\t\t<\/div>\n\t\t\t\t\t<\/div>\n\t\t<\/section>\n\t\t\t\t<section class=\"elementor-section elementor-top-section elementor-element elementor-element-1f215b9 elementor-section-boxed elementor-section-height-default elementor-section-height-default\" data-id=\"1f215b9\" data-element_type=\"section\" data-e-type=\"section\">\n\t\t\t\t\t\t<div class=\"elementor-container elementor-column-gap-default\">\n\t\t\t\t\t<div class=\"elementor-column elementor-col-50 elementor-top-column elementor-element elementor-element-c7c4157\" data-id=\"c7c4157\" data-element_type=\"column\" data-e-type=\"column\">\n\t\t\t<div class=\"elementor-widget-wrap elementor-element-populated\">\n\t\t\t\t\t\t<div class=\"elementor-element elementor-element-39eb1a3 elementor-widget elementor-widget-text-editor\" data-id=\"39eb1a3\" data-element_type=\"widget\" data-e-type=\"widget\" data-widget_type=\"text-editor.default\">\n\t\t\t\t<div class=\"elementor-widget-container\">\n\t\t\t\t\t\t\t\t\t<h2>Repatria\u00e7\u00e3o de Bagagens (B2B)<\/h2>\n<p>Com mais de vinte anos de experi\u00eancia em opera\u00e7\u00f5es tanto no lado ar quanto no lado terrestre. Nosso centro de distribui\u00e7\u00e3o est\u00e1 localizado em West Drayton, pr\u00f3ximo aos terminais centrais de Heathrow.<\/p>\n<p><strong>Repatria\u00e7\u00e3o de bagagem<\/strong><\/p>\n<p>SPX &#8211; Ve\u00edculo Especial Dedicado dos Terminais<br \/>\nSDD &#8211; Entrega consolidada no mesmo dia para at\u00e9 80 milhas de Heathrow<br \/>\nNDD &#8211; Pernoite no dia seguinte \u00e9 uma entrega econ\u00f4mica para viagens de longa dist\u00e2ncia<\/p>\n<p>Reparo e substitui\u00e7\u00e3o de bagagem<\/p>\n<p>DPR &#8211; Fornecimento de uma gama completa de malas de reposi\u00e7\u00e3o e carrinhos de beb\u00ea.<br \/>\nSubstitui\u00e7\u00f5es de terminais no local. Ampla gama de marcas fornecidas.<\/p>\n\t\t\t\t\t\t\t\t<\/div>\n\t\t\t\t<\/div>\n\t\t\t\t\t<\/div>\n\t\t<\/div>\n\t\t\t\t<div class=\"elementor-column elementor-col-50 elementor-top-column elementor-element elementor-element-3c6d4d3\" data-id=\"3c6d4d3\" data-element_type=\"column\" data-e-type=\"column\">\n\t\t\t<div class=\"elementor-widget-wrap elementor-element-populated\">\n\t\t\t\t\t\t<div class=\"elementor-element elementor-element-3892918 elementor-widget elementor-widget-image\" data-id=\"3892918\" data-element_type=\"widget\" data-e-type=\"widget\" data-widget_type=\"image.default\">\n\t\t\t\t<div class=\"elementor-widget-container\">\n\t\t\t\t\t\t\t\t\t\t\t\t\t\t\t<img decoding=\"async\" width=\"300\" height=\"300\" src=\"https:\/\/avexservices.com\/wp-content\/uploads\/2017\/06\/luggage-red-300x300.jpg\" class=\"attachment-medium size-medium wp-image-87\" alt=\"\" srcset=\"https:\/\/avexservices.com\/wp-content\/uploads\/2017\/06\/luggage-red-300x300.jpg 300w, https:\/\/avexservices.com\/wp-content\/uploads\/2017\/06\/luggage-red-150x150.jpg 150w, https:\/\/avexservices.com\/wp-content\/uploads\/2017\/06\/luggage-red-768x768.jpg 768w, https:\/\/avexservices.com\/wp-content\/uploads\/2017\/06\/luggage-red.jpg 1000w\" sizes=\"(max-width: 300px) 100vw, 300px\" \/>\t\t\t\t\t\t\t\t\t\t\t\t\t\t\t<\/div>\n\t\t\t\t<\/div>\n\t\t\t\t\t<\/div>\n\t\t<\/div>\n\t\t\t\t\t<\/div>\n\t\t<\/section>\n\t\t\t\t<\/div>\n\t\t","protected":false},"excerpt":{"rendered":"<p>Logistica Se voc\u00ea precisa de van, uma viagem \u00fanica de A para B ou contratos multi drop de longo prazo, n\u00f3s podemos ajudar. Taxas da seguinte forma: SV van pequena (1 palete) \u00a3 1,20 por milha Van TV Transit (2 paletes) \u00a3 1,50 por milha LWB longa dist\u00e2ncia entre eixos (3 paletes) \u00a3 1,95 por<\/p>\n","protected":false},"author":1,"featured_media":0,"parent":0,"menu_order":0,"comment_status":"closed","ping_status":"closed","template":"","meta":{"footnotes":""},"class_list":["post-13524","page","type-page","status-publish","hentry"],"yoast_head":"<!-- This site is optimized with the Yoast SEO plugin v27.3 - https:\/\/yoast.com\/product\/yoast-seo-wordpress\/ -->\n<title>Solu\u00e7\u00f5es de Log\u00edsticas - AVEX Services<\/title>\n<meta name=\"robots\" content=\"index, follow, max-snippet:-1, max-image-preview:large, max-video-preview:-1\" \/>\n<link rel=\"canonical\" href=\"https:\/\/avexservices.com\/pt-br\/solucoes-de-logisticas\/\" \/>\n<meta property=\"og:locale\" content=\"pt_BR\" \/>\n<meta property=\"og:type\" content=\"article\" \/>\n<meta property=\"og:title\" content=\"Solu\u00e7\u00f5es de Log\u00edsticas - AVEX Services\" \/>\n<meta property=\"og:description\" content=\"Logistica Se voc\u00ea precisa de van, uma viagem \u00fanica de A para B ou contratos multi drop de longo prazo, n\u00f3s podemos ajudar. Taxas da seguinte forma: SV van pequena (1 palete) \u00a3 1,20 por milha Van TV Transit (2 paletes) \u00a3 1,50 por milha LWB longa dist\u00e2ncia entre eixos (3 paletes) \u00a3 1,95 por\" \/>\n<meta property=\"og:url\" content=\"https:\/\/avexservices.com\/pt-br\/solucoes-de-logisticas\/\" \/>\n<meta property=\"og:site_name\" content=\"AVEX Services\" \/>\n<meta property=\"article:publisher\" content=\"https:\/\/www.facebook.com\/avexservicesUK\" \/>\n<meta property=\"article:modified_time\" content=\"2021-07-03T10:58:44+00:00\" \/>\n<meta property=\"og:image\" content=\"https:\/\/avexservices.com\/wp-content\/uploads\/2020\/11\/mercedes-benz_vito_compact_diesel_34032-1024x694.jpg\" \/>\n<meta name=\"twitter:card\" content=\"summary_large_image\" \/>\n<meta name=\"twitter:label1\" content=\"Est. tempo de leitura\" \/>\n\t<meta name=\"twitter:data1\" content=\"1 minuto\" \/>\n<script type=\"application\/ld+json\" class=\"yoast-schema-graph\">{\"@context\":\"https:\\\/\\\/schema.org\",\"@graph\":[{\"@type\":\"WebPage\",\"@id\":\"https:\\\/\\\/avexservices.com\\\/pt-br\\\/solucoes-de-logisticas\\\/\",\"url\":\"https:\\\/\\\/avexservices.com\\\/pt-br\\\/solucoes-de-logisticas\\\/\",\"name\":\"Solu\u00e7\u00f5es de Log\u00edsticas - AVEX Services\",\"isPartOf\":{\"@id\":\"https:\\\/\\\/avexservices.com\\\/pt-br\\\/#website\"},\"primaryImageOfPage\":{\"@id\":\"https:\\\/\\\/avexservices.com\\\/pt-br\\\/solucoes-de-logisticas\\\/#primaryimage\"},\"image\":{\"@id\":\"https:\\\/\\\/avexservices.com\\\/pt-br\\\/solucoes-de-logisticas\\\/#primaryimage\"},\"thumbnailUrl\":\"https:\\\/\\\/avexservices.com\\\/wp-content\\\/uploads\\\/2020\\\/11\\\/mercedes-benz_vito_compact_diesel_34032-1024x694.jpg\",\"datePublished\":\"2017-06-08T10:58:53+00:00\",\"dateModified\":\"2021-07-03T10:58:44+00:00\",\"breadcrumb\":{\"@id\":\"https:\\\/\\\/avexservices.com\\\/pt-br\\\/solucoes-de-logisticas\\\/#breadcrumb\"},\"inLanguage\":\"pt-BR\",\"potentialAction\":[{\"@type\":\"ReadAction\",\"target\":[\"https:\\\/\\\/avexservices.com\\\/pt-br\\\/solucoes-de-logisticas\\\/\"]}]},{\"@type\":\"ImageObject\",\"inLanguage\":\"pt-BR\",\"@id\":\"https:\\\/\\\/avexservices.com\\\/pt-br\\\/solucoes-de-logisticas\\\/#primaryimage\",\"url\":\"https:\\\/\\\/avexservices.com\\\/wp-content\\\/uploads\\\/2020\\\/11\\\/mercedes-benz_vito_compact_diesel_34032-1024x694.jpg\",\"contentUrl\":\"https:\\\/\\\/avexservices.com\\\/wp-content\\\/uploads\\\/2020\\\/11\\\/mercedes-benz_vito_compact_diesel_34032-1024x694.jpg\"},{\"@type\":\"BreadcrumbList\",\"@id\":\"https:\\\/\\\/avexservices.com\\\/pt-br\\\/solucoes-de-logisticas\\\/#breadcrumb\",\"itemListElement\":[{\"@type\":\"ListItem\",\"position\":1,\"name\":\"Home\",\"item\":\"https:\\\/\\\/avexservices.com\\\/pt-br\\\/\"},{\"@type\":\"ListItem\",\"position\":2,\"name\":\"Solu\u00e7\u00f5es de Log\u00edsticas\"}]},{\"@type\":\"WebSite\",\"@id\":\"https:\\\/\\\/avexservices.com\\\/pt-br\\\/#website\",\"url\":\"https:\\\/\\\/avexservices.com\\\/pt-br\\\/\",\"name\":\"AVEX Services\",\"description\":\"Chauffeurs | City Tours | Logistics | Luggage\",\"publisher\":{\"@id\":\"https:\\\/\\\/avexservices.com\\\/pt-br\\\/#organization\"},\"potentialAction\":[{\"@type\":\"SearchAction\",\"target\":{\"@type\":\"EntryPoint\",\"urlTemplate\":\"https:\\\/\\\/avexservices.com\\\/pt-br\\\/?s={search_term_string}\"},\"query-input\":{\"@type\":\"PropertyValueSpecification\",\"valueRequired\":true,\"valueName\":\"search_term_string\"}}],\"inLanguage\":\"pt-BR\"},{\"@type\":\"Organization\",\"@id\":\"https:\\\/\\\/avexservices.com\\\/pt-br\\\/#organization\",\"name\":\"Avex Services\",\"url\":\"https:\\\/\\\/avexservices.com\\\/pt-br\\\/\",\"logo\":{\"@type\":\"ImageObject\",\"inLanguage\":\"pt-BR\",\"@id\":\"https:\\\/\\\/avexservices.com\\\/pt-br\\\/#\\\/schema\\\/logo\\\/image\\\/\",\"url\":\"https:\\\/\\\/avexservices.com\\\/wp-content\\\/uploads\\\/2020\\\/11\\\/avex_logo.png\",\"contentUrl\":\"https:\\\/\\\/avexservices.com\\\/wp-content\\\/uploads\\\/2020\\\/11\\\/avex_logo.png\",\"width\":387,\"height\":173,\"caption\":\"Avex Services\"},\"image\":{\"@id\":\"https:\\\/\\\/avexservices.com\\\/pt-br\\\/#\\\/schema\\\/logo\\\/image\\\/\"},\"sameAs\":[\"https:\\\/\\\/www.facebook.com\\\/avexservicesUK\",\"https:\\\/\\\/www.instagram.com\\\/avexservices\"]}]}<\/script>\n<!-- \/ Yoast SEO plugin. -->","yoast_head_json":{"title":"Solu\u00e7\u00f5es de Log\u00edsticas - AVEX Services","robots":{"index":"index","follow":"follow","max-snippet":"max-snippet:-1","max-image-preview":"max-image-preview:large","max-video-preview":"max-video-preview:-1"},"canonical":"https:\/\/avexservices.com\/pt-br\/solucoes-de-logisticas\/","og_locale":"pt_BR","og_type":"article","og_title":"Solu\u00e7\u00f5es de Log\u00edsticas - AVEX Services","og_description":"Logistica Se voc\u00ea precisa de van, uma viagem \u00fanica de A para B ou contratos multi drop de longo prazo, n\u00f3s podemos ajudar. Taxas da seguinte forma: SV van pequena (1 palete) \u00a3 1,20 por milha Van TV Transit (2 paletes) \u00a3 1,50 por milha LWB longa dist\u00e2ncia entre eixos (3 paletes) \u00a3 1,95 por","og_url":"https:\/\/avexservices.com\/pt-br\/solucoes-de-logisticas\/","og_site_name":"AVEX Services","article_publisher":"https:\/\/www.facebook.com\/avexservicesUK","article_modified_time":"2021-07-03T10:58:44+00:00","og_image":[{"url":"https:\/\/avexservices.com\/wp-content\/uploads\/2020\/11\/mercedes-benz_vito_compact_diesel_34032-1024x694.jpg","type":"","width":"","height":""}],"twitter_card":"summary_large_image","twitter_misc":{"Est. tempo de leitura":"1 minuto"},"schema":{"@context":"https:\/\/schema.org","@graph":[{"@type":"WebPage","@id":"https:\/\/avexservices.com\/pt-br\/solucoes-de-logisticas\/","url":"https:\/\/avexservices.com\/pt-br\/solucoes-de-logisticas\/","name":"Solu\u00e7\u00f5es de Log\u00edsticas - AVEX Services","isPartOf":{"@id":"https:\/\/avexservices.com\/pt-br\/#website"},"primaryImageOfPage":{"@id":"https:\/\/avexservices.com\/pt-br\/solucoes-de-logisticas\/#primaryimage"},"image":{"@id":"https:\/\/avexservices.com\/pt-br\/solucoes-de-logisticas\/#primaryimage"},"thumbnailUrl":"https:\/\/avexservices.com\/wp-content\/uploads\/2020\/11\/mercedes-benz_vito_compact_diesel_34032-1024x694.jpg","datePublished":"2017-06-08T10:58:53+00:00","dateModified":"2021-07-03T10:58:44+00:00","breadcrumb":{"@id":"https:\/\/avexservices.com\/pt-br\/solucoes-de-logisticas\/#breadcrumb"},"inLanguage":"pt-BR","potentialAction":[{"@type":"ReadAction","target":["https:\/\/avexservices.com\/pt-br\/solucoes-de-logisticas\/"]}]},{"@type":"ImageObject","inLanguage":"pt-BR","@id":"https:\/\/avexservices.com\/pt-br\/solucoes-de-logisticas\/#primaryimage","url":"https:\/\/avexservices.com\/wp-content\/uploads\/2020\/11\/mercedes-benz_vito_compact_diesel_34032-1024x694.jpg","contentUrl":"https:\/\/avexservices.com\/wp-content\/uploads\/2020\/11\/mercedes-benz_vito_compact_diesel_34032-1024x694.jpg"},{"@type":"BreadcrumbList","@id":"https:\/\/avexservices.com\/pt-br\/solucoes-de-logisticas\/#breadcrumb","itemListElement":[{"@type":"ListItem","position":1,"name":"Home","item":"https:\/\/avexservices.com\/pt-br\/"},{"@type":"ListItem","position":2,"name":"Solu\u00e7\u00f5es de Log\u00edsticas"}]},{"@type":"WebSite","@id":"https:\/\/avexservices.com\/pt-br\/#website","url":"https:\/\/avexservices.com\/pt-br\/","name":"AVEX Services","description":"Chauffeurs | City Tours | Logistics | Luggage","publisher":{"@id":"https:\/\/avexservices.com\/pt-br\/#organization"},"potentialAction":[{"@type":"SearchAction","target":{"@type":"EntryPoint","urlTemplate":"https:\/\/avexservices.com\/pt-br\/?s={search_term_string}"},"query-input":{"@type":"PropertyValueSpecification","valueRequired":true,"valueName":"search_term_string"}}],"inLanguage":"pt-BR"},{"@type":"Organization","@id":"https:\/\/avexservices.com\/pt-br\/#organization","name":"Avex Services","url":"https:\/\/avexservices.com\/pt-br\/","logo":{"@type":"ImageObject","inLanguage":"pt-BR","@id":"https:\/\/avexservices.com\/pt-br\/#\/schema\/logo\/image\/","url":"https:\/\/avexservices.com\/wp-content\/uploads\/2020\/11\/avex_logo.png","contentUrl":"https:\/\/avexservices.com\/wp-content\/uploads\/2020\/11\/avex_logo.png","width":387,"height":173,"caption":"Avex Services"},"image":{"@id":"https:\/\/avexservices.com\/pt-br\/#\/schema\/logo\/image\/"},"sameAs":["https:\/\/www.facebook.com\/avexservicesUK","https:\/\/www.instagram.com\/avexservices"]}]}},"_links":{"self":[{"href":"https:\/\/avexservices.com\/pt-br\/wp-json\/wp\/v2\/pages\/13524","targetHints":{"allow":["GET"]}}],"collection":[{"href":"https:\/\/avexservices.com\/pt-br\/wp-json\/wp\/v2\/pages"}],"about":[{"href":"https:\/\/avexservices.com\/pt-br\/wp-json\/wp\/v2\/types\/page"}],"author":[{"embeddable":true,"href":"https:\/\/avexservices.com\/pt-br\/wp-json\/wp\/v2\/users\/1"}],"replies":[{"embeddable":true,"href":"https:\/\/avexservices.com\/pt-br\/wp-json\/wp\/v2\/comments?post=13524"}],"version-history":[{"count":1,"href":"https:\/\/avexservices.com\/pt-br\/wp-json\/wp\/v2\/pages\/13524\/revisions"}],"predecessor-version":[{"id":13525,"href":"https:\/\/avexservices.com\/pt-br\/wp-json\/wp\/v2\/pages\/13524\/revisions\/13525"}],"wp:attachment":[{"href":"https:\/\/avexservices.com\/pt-br\/wp-json\/wp\/v2\/media?parent=13524"}],"curies":[{"name":"wp","href":"https:\/\/api.w.org\/{rel}","templated":true}]}}